{"id":92,"date":"2024-08-02T08:04:12","date_gmt":"2024-08-02T08:04:12","guid":{"rendered":"https:\/\/wwwdevpackde-ori0bcunuh.live-website.com\/?page_id=92"},"modified":"2024-08-12T08:51:03","modified_gmt":"2024-08-12T08:51:03","slug":"impressum","status":"publish","type":"page","link":"https:\/\/wwwdevpackde-ori0bcunuh.live-website.com\/?page_id=92","title":{"rendered":"Impressum"},"content":{"rendered":"\n<p>Verantwortlich f\u00fcr den Inhalt laut \u00a75 Telemediengesetz und \u00a755 Rundfunk-Staatsvertrag.<br>DEV-Pack GmbH \u2013 Gro\u00df- und Einzelhandel<br><strong>Liebknechtstra\u00dfe 99<br>39110 Magdeburg<br>Telefon: 0391 \u2013 60 78 903<br>Fax: 0391 \u2013 60 78 905<br>E-Mail: info@devpack.de<\/strong><br>Gesch\u00e4ftsf\u00fchrer: Herr Rahmetullah Kabisen<br>USt-ID gem\u00e4\u00df \u00a7 27 a Umsatzsteuergesetz: DE 311601857<br>Steuernummer Finanzamt Magdeburg: 102\/105\/17826<br>Handelsregister Stendal: HRB 24190<\/p>\n","protected":false},"excerpt":{"rendered":"<p>Verantwortlich f\u00fcr den Inhalt laut \u00a75 Telemediengesetz und \u00a755 Rundfunk-Staatsvertrag.DEV-Pack GmbH \u2013 Gro\u00df- und EinzelhandelLiebknechtstra\u00dfe 9939110 MagdeburgTelefon: 0391 \u2013 60 78 903Fax: 0391 \u2013 60 78 905E-Mail: info@devpack.deGesch\u00e4ftsf\u00fchrer: Herr Rahmetullah KabisenUSt-ID gem\u00e4\u00df \u00a7 27 a Umsatzsteuergesetz: DE 311601857Steuernummer Finanzamt Magdeburg: 102\/105\/17826Handelsregister Stendal: HRB 24190<\/p>\n","protected":false},"author":1,"featured_media":0,"parent":0,"menu_order":0,"comment_status":"closed","ping_status":"closed","template":"","meta":{"footnotes":""},"class_list":["post-92","page","type-page","status-publish","hentry"],"_links":{"self":[{"href":"https:\/\/wwwdevpackde-ori0bcunuh.live-website.com\/index.php?rest_route=\/wp\/v2\/pages\/92","targetHints":{"allow":["GET"]}}],"collection":[{"href":"https:\/\/wwwdevpackde-ori0bcunuh.live-website.com\/index.php?rest_route=\/wp\/v2\/pages"}],"about":[{"href":"https:\/\/wwwdevpackde-ori0bcunuh.live-website.com\/index.php?rest_route=\/wp\/v2\/types\/page"}],"author":[{"embeddable":true,"href":"https:\/\/wwwdevpackde-ori0bcunuh.live-website.com\/index.php?rest_route=\/wp\/v2\/users\/1"}],"replies":[{"embeddable":true,"href":"https:\/\/wwwdevpackde-ori0bcunuh.live-website.com\/index.php?rest_route=%2Fwp%2Fv2%2Fcomments&post=92"}],"version-history":[{"count":2,"href":"https:\/\/wwwdevpackde-ori0bcunuh.live-website.com\/index.php?rest_route=\/wp\/v2\/pages\/92\/revisions"}],"predecessor-version":[{"id":525,"href":"https:\/\/wwwdevpackde-ori0bcunuh.live-website.com\/index.php?rest_route=\/wp\/v2\/pages\/92\/revisions\/525"}],"wp:attachment":[{"href":"https:\/\/wwwdevpackde-ori0bcunuh.live-website.com\/index.php?rest_route=%2Fwp%2Fv2%2Fmedia&parent=92"}],"curies":[{"name":"wp","href":"https:\/\/api.w.org\/{rel}","templated":true}]}}