{"id":841,"date":"2024-08-21T13:17:59","date_gmt":"2024-08-21T13:17:59","guid":{"rendered":"https:\/\/wwwdevpackde-ori0bcunuh.live-website.com\/?page_id=841"},"modified":"2024-11-29T10:49:30","modified_gmt":"2024-11-29T10:49:30","slug":"oel-und-essig","status":"publish","type":"page","link":"https:\/\/wwwdevpackde-ori0bcunuh.live-website.com\/?page_id=841","title":{"rendered":"\u00d6l, Essig und Fett"},"content":{"rendered":"\n<p>\u00d6l<\/p>\n\n\n\n<figure class=\"wp-block-table is-style-stripes\"><table class=\"has-fixed-layout\"><tbody><tr><td class=\"has-text-align-center\" data-align=\"center\"><img loading=\"lazy\" decoding=\"async\" width=\"80\" height=\"171\" class=\"wp-image-881\" style=\"width: 80px;\" src=\"https:\/\/wwwdevpackde-ori0bcunuh.live-website.com\/wp-content\/uploads\/2024\/08\/2024082116093068.png\" alt=\"\" srcset=\"https:\/\/wwwdevpackde-ori0bcunuh.live-website.com\/wp-content\/uploads\/2024\/08\/2024082116093068.png 1890w, https:\/\/wwwdevpackde-ori0bcunuh.live-website.com\/wp-content\/uploads\/2024\/08\/2024082116093068-141x300.png 141w, https:\/\/wwwdevpackde-ori0bcunuh.live-website.com\/wp-content\/uploads\/2024\/08\/2024082116093068-480x1024.png 480w, https:\/\/wwwdevpackde-ori0bcunuh.live-website.com\/wp-content\/uploads\/2024\/08\/2024082116093068-768x1638.png 768w, https:\/\/wwwdevpackde-ori0bcunuh.live-website.com\/wp-content\/uploads\/2024\/08\/2024082116093068-720x1536.png 720w, https:\/\/wwwdevpackde-ori0bcunuh.live-website.com\/wp-content\/uploads\/2024\/08\/2024082116093068-960x2048.png 960w, https:\/\/wwwdevpackde-ori0bcunuh.live-website.com\/wp-content\/uploads\/2024\/08\/2024082116093068-1200x2559.png 1200w\" sizes=\"auto, (max-width: 80px) 100vw, 80px\" \/><br>Sonnenblumen\u00f6l 10l<br>(Art. Nr. 84)<\/td><td class=\"has-text-align-center\" data-align=\"center\"><img loading=\"lazy\" decoding=\"async\" width=\"80\" height=\"171\" class=\"wp-image-881\" style=\"width: 80px;\" src=\"https:\/\/wwwdevpackde-ori0bcunuh.live-website.com\/wp-content\/uploads\/2024\/08\/2024082116093068.png\" alt=\"\" srcset=\"https:\/\/wwwdevpackde-ori0bcunuh.live-website.com\/wp-content\/uploads\/2024\/08\/2024082116093068.png 1890w, https:\/\/wwwdevpackde-ori0bcunuh.live-website.com\/wp-content\/uploads\/2024\/08\/2024082116093068-141x300.png 141w, https:\/\/wwwdevpackde-ori0bcunuh.live-website.com\/wp-content\/uploads\/2024\/08\/2024082116093068-480x1024.png 480w, https:\/\/wwwdevpackde-ori0bcunuh.live-website.com\/wp-content\/uploads\/2024\/08\/2024082116093068-768x1638.png 768w, https:\/\/wwwdevpackde-ori0bcunuh.live-website.com\/wp-content\/uploads\/2024\/08\/2024082116093068-720x1536.png 720w, https:\/\/wwwdevpackde-ori0bcunuh.live-website.com\/wp-content\/uploads\/2024\/08\/2024082116093068-960x2048.png 960w, https:\/\/wwwdevpackde-ori0bcunuh.live-website.com\/wp-content\/uploads\/2024\/08\/2024082116093068-1200x2559.png 1200w\" sizes=\"auto, (max-width: 80px) 100vw, 80px\" \/><br>Raps\u00f6l 10l<br>(Art. Nr. 163)<\/td><td class=\"has-text-align-center\" data-align=\"center\"><img loading=\"lazy\" decoding=\"async\" width=\"50\" height=\"177\" class=\"wp-image-862\" style=\"width: 50px;\" src=\"https:\/\/wwwdevpackde-ori0bcunuh.live-website.com\/wp-content\/uploads\/2024\/08\/2024082116154037.png\" alt=\"\" srcset=\"https:\/\/wwwdevpackde-ori0bcunuh.live-website.com\/wp-content\/uploads\/2024\/08\/2024082116154037.png 1141w, https:\/\/wwwdevpackde-ori0bcunuh.live-website.com\/wp-content\/uploads\/2024\/08\/2024082116154037-85x300.png 85w, https:\/\/wwwdevpackde-ori0bcunuh.live-website.com\/wp-content\/uploads\/2024\/08\/2024082116154037-290x1024.png 290w, https:\/\/wwwdevpackde-ori0bcunuh.live-website.com\/wp-content\/uploads\/2024\/08\/2024082116154037-768x2713.png 768w, https:\/\/wwwdevpackde-ori0bcunuh.live-website.com\/wp-content\/uploads\/2024\/08\/2024082116154037-435x1536.png 435w, https:\/\/wwwdevpackde-ori0bcunuh.live-website.com\/wp-content\/uploads\/2024\/08\/2024082116154037-580x2048.png 580w\" sizes=\"auto, (max-width: 50px) 100vw, 50px\" \/><br>Sonnenblumen\u00f6l 1l<br>(Art. Nr. 428)<\/td><td class=\"has-text-align-center\" data-align=\"center\"><img loading=\"lazy\" decoding=\"async\" width=\"50\" height=\"174\" class=\"wp-image-1498\" style=\"width: 50px;\" src=\"https:\/\/wwwdevpackde-ori0bcunuh.live-website.com\/wp-content\/uploads\/2024\/09\/2024092112001840.png\" alt=\"\" srcset=\"https:\/\/wwwdevpackde-ori0bcunuh.live-website.com\/wp-content\/uploads\/2024\/09\/2024092112001840.png 1160w, https:\/\/wwwdevpackde-ori0bcunuh.live-website.com\/wp-content\/uploads\/2024\/09\/2024092112001840-86x300.png 86w, https:\/\/wwwdevpackde-ori0bcunuh.live-website.com\/wp-content\/uploads\/2024\/09\/2024092112001840-295x1024.png 295w, https:\/\/wwwdevpackde-ori0bcunuh.live-website.com\/wp-content\/uploads\/2024\/09\/2024092112001840-768x2669.png 768w, https:\/\/wwwdevpackde-ori0bcunuh.live-website.com\/wp-content\/uploads\/2024\/09\/2024092112001840-442x1536.png 442w, https:\/\/wwwdevpackde-ori0bcunuh.live-website.com\/wp-content\/uploads\/2024\/09\/2024092112001840-589x2048.png 589w\" sizes=\"auto, (max-width: 50px) 100vw, 50px\" \/><br>Raps\u00f6l 1l<br>(Art. Nr. 281)<\/td><\/tr><tr><td class=\"has-text-align-center\" data-align=\"center\"><img decoding=\"async\" style=\"width: 85px;\" src=\"https:\/\/wwwdevpackde-ori0bcunuh.live-website.com\/wp-content\/uploads\/2024\/08\/2024082116114236.png\" alt=\"\"><br>Oliven\u00f6l<br>(Trester\u00f6l) 5l<br>(Art. Nr. 533)<\/td><td class=\"has-text-align-center\" data-align=\"center\"><img loading=\"lazy\" decoding=\"async\" width=\"85\" height=\"161\" class=\"wp-image-1412\" style=\"width: 85px;\" src=\"https:\/\/wwwdevpackde-ori0bcunuh.live-website.com\/wp-content\/uploads\/2024\/09\/2024091618013572.png\" alt=\"\" srcset=\"https:\/\/wwwdevpackde-ori0bcunuh.live-website.com\/wp-content\/uploads\/2024\/09\/2024091618013572.png 2130w, https:\/\/wwwdevpackde-ori0bcunuh.live-website.com\/wp-content\/uploads\/2024\/09\/2024091618013572-159x300.png 159w, https:\/\/wwwdevpackde-ori0bcunuh.live-website.com\/wp-content\/uploads\/2024\/09\/2024091618013572-541x1024.png 541w, https:\/\/wwwdevpackde-ori0bcunuh.live-website.com\/wp-content\/uploads\/2024\/09\/2024091618013572-768x1453.png 768w, https:\/\/wwwdevpackde-ori0bcunuh.live-website.com\/wp-content\/uploads\/2024\/09\/2024091618013572-812x1536.png 812w, https:\/\/wwwdevpackde-ori0bcunuh.live-website.com\/wp-content\/uploads\/2024\/09\/2024091618013572-1082x2048.png 1082w, https:\/\/wwwdevpackde-ori0bcunuh.live-website.com\/wp-content\/uploads\/2024\/09\/2024091618013572-1200x2271.png 1200w\" sizes=\"auto, (max-width: 85px) 100vw, 85px\" \/><br>Oliven\u00f6l<br>(Extra Virgin) 5l<br>(Art. Nr. 511)<\/td><td class=\"has-text-align-center\" data-align=\"center\"><img loading=\"lazy\" decoding=\"async\" width=\"43\" height=\"161\" class=\"wp-image-861\" style=\"width: 43px;\" src=\"https:\/\/wwwdevpackde-ori0bcunuh.live-website.com\/wp-content\/uploads\/2024\/08\/2024082116145517.png\" alt=\"\" srcset=\"https:\/\/wwwdevpackde-ori0bcunuh.live-website.com\/wp-content\/uploads\/2024\/08\/2024082116145517.png 1078w, https:\/\/wwwdevpackde-ori0bcunuh.live-website.com\/wp-content\/uploads\/2024\/08\/2024082116145517-80x300.png 80w, https:\/\/wwwdevpackde-ori0bcunuh.live-website.com\/wp-content\/uploads\/2024\/08\/2024082116145517-274x1024.png 274w, https:\/\/wwwdevpackde-ori0bcunuh.live-website.com\/wp-content\/uploads\/2024\/08\/2024082116145517-768x2872.png 768w, https:\/\/wwwdevpackde-ori0bcunuh.live-website.com\/wp-content\/uploads\/2024\/08\/2024082116145517-411x1536.png 411w, https:\/\/wwwdevpackde-ori0bcunuh.live-website.com\/wp-content\/uploads\/2024\/08\/2024082116145517-548x2048.png 548w\" sizes=\"auto, (max-width: 43px) 100vw, 43px\" \/><br>Oliven\u00f6l<br>(Trester\u00f6l) 1l<br>(Art. Nr. 80)<\/td><td class=\"has-text-align-center\" data-align=\"center\"><img loading=\"lazy\" decoding=\"async\" width=\"43\" height=\"161\" class=\"wp-image-861\" style=\"width: 43px;\" src=\"https:\/\/wwwdevpackde-ori0bcunuh.live-website.com\/wp-content\/uploads\/2024\/08\/2024082116145517.png\" alt=\"\" srcset=\"https:\/\/wwwdevpackde-ori0bcunuh.live-website.com\/wp-content\/uploads\/2024\/08\/2024082116145517.png 1078w, https:\/\/wwwdevpackde-ori0bcunuh.live-website.com\/wp-content\/uploads\/2024\/08\/2024082116145517-80x300.png 80w, https:\/\/wwwdevpackde-ori0bcunuh.live-website.com\/wp-content\/uploads\/2024\/08\/2024082116145517-274x1024.png 274w, https:\/\/wwwdevpackde-ori0bcunuh.live-website.com\/wp-content\/uploads\/2024\/08\/2024082116145517-768x2872.png 768w, https:\/\/wwwdevpackde-ori0bcunuh.live-website.com\/wp-content\/uploads\/2024\/08\/2024082116145517-411x1536.png 411w, https:\/\/wwwdevpackde-ori0bcunuh.live-website.com\/wp-content\/uploads\/2024\/08\/2024082116145517-548x2048.png 548w\" sizes=\"auto, (max-width: 43px) 100vw, 43px\" \/><br>Oliven\u00f6l<br>(Extra Virgin) 1l<br>(Art. Nr. 484)<\/td><\/tr><\/tbody><\/table><\/figure>\n\n\n\n<p>Frittierfett<\/p>\n\n\n\n<figure class=\"wp-block-table is-style-stripes\"><table class=\"has-fixed-layout\"><tbody><tr><td class=\"has-text-align-center\" data-align=\"center\"><img loading=\"lazy\" decoding=\"async\" width=\"130\" height=\"139\" class=\"wp-image-855\" style=\"width: 130px;\" src=\"https:\/\/wwwdevpackde-ori0bcunuh.live-website.com\/wp-content\/uploads\/2024\/08\/2024082116074861.png\" alt=\"\" srcset=\"https:\/\/wwwdevpackde-ori0bcunuh.live-website.com\/wp-content\/uploads\/2024\/08\/2024082116074861.png 2268w, https:\/\/wwwdevpackde-ori0bcunuh.live-website.com\/wp-content\/uploads\/2024\/08\/2024082116074861-281x300.png 281w, https:\/\/wwwdevpackde-ori0bcunuh.live-website.com\/wp-content\/uploads\/2024\/08\/2024082116074861-958x1024.png 958w, https:\/\/wwwdevpackde-ori0bcunuh.live-website.com\/wp-content\/uploads\/2024\/08\/2024082116074861-768x821.png 768w, https:\/\/wwwdevpackde-ori0bcunuh.live-website.com\/wp-content\/uploads\/2024\/08\/2024082116074861-1437x1536.png 1437w, https:\/\/wwwdevpackde-ori0bcunuh.live-website.com\/wp-content\/uploads\/2024\/08\/2024082116074861-1916x2048.png 1916w, https:\/\/wwwdevpackde-ori0bcunuh.live-website.com\/wp-content\/uploads\/2024\/08\/2024082116074861-1200x1283.png 1200w\" sizes=\"auto, (max-width: 130px) 100vw, 130px\" \/><br>Maxifritt Frittierfett halbfl\u00fcssig 10l<br>(Art. Nr. 284)<\/td><td class=\"has-text-align-center\" data-align=\"center\"><img loading=\"lazy\" decoding=\"async\" width=\"130\" height=\"142\" class=\"wp-image-853\" style=\"width: 130px;\" src=\"https:\/\/wwwdevpackde-ori0bcunuh.live-website.com\/wp-content\/uploads\/2024\/08\/2024082116065374.png\" alt=\"\" srcset=\"https:\/\/wwwdevpackde-ori0bcunuh.live-website.com\/wp-content\/uploads\/2024\/08\/2024082116065374.png 2268w, https:\/\/wwwdevpackde-ori0bcunuh.live-website.com\/wp-content\/uploads\/2024\/08\/2024082116065374-275x300.png 275w, https:\/\/wwwdevpackde-ori0bcunuh.live-website.com\/wp-content\/uploads\/2024\/08\/2024082116065374-940x1024.png 940w, https:\/\/wwwdevpackde-ori0bcunuh.live-website.com\/wp-content\/uploads\/2024\/08\/2024082116065374-768x836.png 768w, https:\/\/wwwdevpackde-ori0bcunuh.live-website.com\/wp-content\/uploads\/2024\/08\/2024082116065374-1410x1536.png 1410w, https:\/\/wwwdevpackde-ori0bcunuh.live-website.com\/wp-content\/uploads\/2024\/08\/2024082116065374-1881x2048.png 1881w, https:\/\/wwwdevpackde-ori0bcunuh.live-website.com\/wp-content\/uploads\/2024\/08\/2024082116065374-1200x1307.png 1200w\" sizes=\"auto, (max-width: 130px) 100vw, 130px\" \/><br>Lydia Frittierfett halbfl\u00fcssig 10l<br>(Art. Nr. 374)<\/td><td class=\"has-text-align-center\" data-align=\"center\"><img loading=\"lazy\" decoding=\"async\" width=\"80\" height=\"180\" class=\"wp-image-857\" style=\"width: 80px;\" src=\"https:\/\/wwwdevpackde-ori0bcunuh.live-website.com\/wp-content\/uploads\/2024\/08\/2024082116100856.png\" alt=\"\" srcset=\"https:\/\/wwwdevpackde-ori0bcunuh.live-website.com\/wp-content\/uploads\/2024\/08\/2024082116100856.png 1796w, https:\/\/wwwdevpackde-ori0bcunuh.live-website.com\/wp-content\/uploads\/2024\/08\/2024082116100856-134x300.png 134w, https:\/\/wwwdevpackde-ori0bcunuh.live-website.com\/wp-content\/uploads\/2024\/08\/2024082116100856-456x1024.png 456w, https:\/\/wwwdevpackde-ori0bcunuh.live-website.com\/wp-content\/uploads\/2024\/08\/2024082116100856-768x1724.png 768w, https:\/\/wwwdevpackde-ori0bcunuh.live-website.com\/wp-content\/uploads\/2024\/08\/2024082116100856-684x1536.png 684w, https:\/\/wwwdevpackde-ori0bcunuh.live-website.com\/wp-content\/uploads\/2024\/08\/2024082116100856-912x2048.png 912w, https:\/\/wwwdevpackde-ori0bcunuh.live-website.com\/wp-content\/uploads\/2024\/08\/2024082116100856-1200x2693.png 1200w\" sizes=\"auto, (max-width: 80px) 100vw, 80px\" \/><br>Goldmann Frittierfett fl\u00fcssig 10l<br>(Art. Nr. 333)<\/td><td class=\"has-text-align-center\" data-align=\"center\"><img loading=\"lazy\" decoding=\"async\" width=\"100\" height=\"171\" class=\"wp-image-2108\" style=\"width: 100px;\" src=\"https:\/\/wwwdevpackde-ori0bcunuh.live-website.com\/wp-content\/uploads\/2024\/11\/2024112816084218.png\" alt=\"\" srcset=\"https:\/\/wwwdevpackde-ori0bcunuh.live-website.com\/wp-content\/uploads\/2024\/11\/2024112816084218.png 2268w, https:\/\/wwwdevpackde-ori0bcunuh.live-website.com\/wp-content\/uploads\/2024\/11\/2024112816084218-175x300.png 175w, https:\/\/wwwdevpackde-ori0bcunuh.live-website.com\/wp-content\/uploads\/2024\/11\/2024112816084218-597x1024.png 597w, https:\/\/wwwdevpackde-ori0bcunuh.live-website.com\/wp-content\/uploads\/2024\/11\/2024112816084218-768x1317.png 768w, https:\/\/wwwdevpackde-ori0bcunuh.live-website.com\/wp-content\/uploads\/2024\/11\/2024112816084218-896x1536.png 896w, https:\/\/wwwdevpackde-ori0bcunuh.live-website.com\/wp-content\/uploads\/2024\/11\/2024112816084218-1195x2048.png 1195w\" sizes=\"auto, (max-width: 100px) 100vw, 100px\" \/><br>Edeka Frittierfett halbfl\u00fcssig 10l<br>(Art. Nr. 439)<\/td><\/tr><tr><td class=\"has-text-align-center\" data-align=\"center\"><img loading=\"lazy\" decoding=\"async\" width=\"130\" height=\"145\" class=\"wp-image-2103\" style=\"width: 130px;\" src=\"https:\/\/wwwdevpackde-ori0bcunuh.live-website.com\/wp-content\/uploads\/2024\/11\/2024112816110670.png\" alt=\"\" srcset=\"https:\/\/wwwdevpackde-ori0bcunuh.live-website.com\/wp-content\/uploads\/2024\/11\/2024112816110670.png 2268w, https:\/\/wwwdevpackde-ori0bcunuh.live-website.com\/wp-content\/uploads\/2024\/11\/2024112816110670-269x300.png 269w, https:\/\/wwwdevpackde-ori0bcunuh.live-website.com\/wp-content\/uploads\/2024\/11\/2024112816110670-917x1024.png 917w, https:\/\/wwwdevpackde-ori0bcunuh.live-website.com\/wp-content\/uploads\/2024\/11\/2024112816110670-768x858.png 768w, https:\/\/wwwdevpackde-ori0bcunuh.live-website.com\/wp-content\/uploads\/2024\/11\/2024112816110670-1375x1536.png 1375w, https:\/\/wwwdevpackde-ori0bcunuh.live-website.com\/wp-content\/uploads\/2024\/11\/2024112816110670-1833x2048.png 1833w\" sizes=\"auto, (max-width: 130px) 100vw, 130px\" \/><br>Winner Frittierfett halbfl\u00fcssig 10l<br>(Art. Nr. 776)<\/td><td class=\"has-text-align-center\" data-align=\"center\"><\/td><td class=\"has-text-align-center\" data-align=\"center\"><\/td><td class=\"has-text-align-center\" data-align=\"center\"><\/td><\/tr><\/tbody><\/table><\/figure>\n\n\n\n<p>Essig<\/p>\n\n\n\n<figure class=\"wp-block-table is-style-stripes\"><table class=\"has-fixed-layout\"><tbody><tr><td class=\"has-text-align-center\" data-align=\"center\"><img loading=\"lazy\" decoding=\"async\" width=\"45\" height=\"155\" class=\"wp-image-867\" style=\"width: 45px;\" src=\"https:\/\/wwwdevpackde-ori0bcunuh.live-website.com\/wp-content\/uploads\/2024\/08\/2024082116183515.png\" alt=\"\" srcset=\"https:\/\/wwwdevpackde-ori0bcunuh.live-website.com\/wp-content\/uploads\/2024\/08\/2024082116183515.png 1171w, https:\/\/wwwdevpackde-ori0bcunuh.live-website.com\/wp-content\/uploads\/2024\/08\/2024082116183515-87x300.png 87w, https:\/\/wwwdevpackde-ori0bcunuh.live-website.com\/wp-content\/uploads\/2024\/08\/2024082116183515-298x1024.png 298w, https:\/\/wwwdevpackde-ori0bcunuh.live-website.com\/wp-content\/uploads\/2024\/08\/2024082116183515-768x2643.png 768w, https:\/\/wwwdevpackde-ori0bcunuh.live-website.com\/wp-content\/uploads\/2024\/08\/2024082116183515-446x1536.png 446w, https:\/\/wwwdevpackde-ori0bcunuh.live-website.com\/wp-content\/uploads\/2024\/08\/2024082116183515-595x2048.png 595w\" sizes=\"auto, (max-width: 45px) 100vw, 45px\" \/><br>Kr\u00e4uteressig 1l<br>(Art. Nr. 425)<\/td><td class=\"has-text-align-center\" data-align=\"center\"><img loading=\"lazy\" decoding=\"async\" width=\"45\" height=\"157\" class=\"wp-image-865\" style=\"width: 45px;\" src=\"https:\/\/wwwdevpackde-ori0bcunuh.live-website.com\/wp-content\/uploads\/2024\/08\/2024082116172022.png\" alt=\"\" srcset=\"https:\/\/wwwdevpackde-ori0bcunuh.live-website.com\/wp-content\/uploads\/2024\/08\/2024082116172022.png 1158w, https:\/\/wwwdevpackde-ori0bcunuh.live-website.com\/wp-content\/uploads\/2024\/08\/2024082116172022-86x300.png 86w, https:\/\/wwwdevpackde-ori0bcunuh.live-website.com\/wp-content\/uploads\/2024\/08\/2024082116172022-294x1024.png 294w, https:\/\/wwwdevpackde-ori0bcunuh.live-website.com\/wp-content\/uploads\/2024\/08\/2024082116172022-768x2673.png 768w, https:\/\/wwwdevpackde-ori0bcunuh.live-website.com\/wp-content\/uploads\/2024\/08\/2024082116172022-441x1536.png 441w, https:\/\/wwwdevpackde-ori0bcunuh.live-website.com\/wp-content\/uploads\/2024\/08\/2024082116172022-588x2048.png 588w\" sizes=\"auto, (max-width: 45px) 100vw, 45px\" \/><br>Apfelessig 1l<br>(Art. Nr. 512)<\/td><td><\/td><td><\/td><\/tr><\/tbody><\/table><\/figure>\n","protected":false},"excerpt":{"rendered":"<p>\u00d6l Sonnenblumen\u00f6l 10l(Art. Nr. 84) Raps\u00f6l 10l(Art. Nr. 163) Sonnenblumen\u00f6l 1l(Art. Nr. 428) Raps\u00f6l 1l(Art. Nr. 281) Oliven\u00f6l(Trester\u00f6l) 5l(Art. Nr. 533) Oliven\u00f6l(Extra Virgin) 5l(Art. Nr. 511) Oliven\u00f6l(Trester\u00f6l) 1l(Art. Nr. 80) Oliven\u00f6l(Extra Virgin) 1l(Art. Nr. 484) Frittierfett Maxifritt Frittierfett halbfl\u00fcssig 10l(Art. Nr. 284) Lydia Frittierfett halbfl\u00fcssig 10l(Art. Nr. 374) Goldmann Frittierfett fl\u00fcssig 10l(Art. Nr. 333) Edeka [&hellip;]<\/p>\n","protected":false},"author":1,"featured_media":0,"parent":0,"menu_order":0,"comment_status":"closed","ping_status":"closed","template":"","meta":{"footnotes":""},"class_list":["post-841","page","type-page","status-publish","hentry"],"_links":{"self":[{"href":"https:\/\/wwwdevpackde-ori0bcunuh.live-website.com\/index.php?rest_route=\/wp\/v2\/pages\/841","targetHints":{"allow":["GET"]}}],"collection":[{"href":"https:\/\/wwwdevpackde-ori0bcunuh.live-website.com\/index.php?rest_route=\/wp\/v2\/pages"}],"about":[{"href":"https:\/\/wwwdevpackde-ori0bcunuh.live-website.com\/index.php?rest_route=\/wp\/v2\/types\/page"}],"author":[{"embeddable":true,"href":"https:\/\/wwwdevpackde-ori0bcunuh.live-website.com\/index.php?rest_route=\/wp\/v2\/users\/1"}],"replies":[{"embeddable":true,"href":"https:\/\/wwwdevpackde-ori0bcunuh.live-website.com\/index.php?rest_route=%2Fwp%2Fv2%2Fcomments&post=841"}],"version-history":[{"count":18,"href":"https:\/\/wwwdevpackde-ori0bcunuh.live-website.com\/index.php?rest_route=\/wp\/v2\/pages\/841\/revisions"}],"predecessor-version":[{"id":2133,"href":"https:\/\/wwwdevpackde-ori0bcunuh.live-website.com\/index.php?rest_route=\/wp\/v2\/pages\/841\/revisions\/2133"}],"wp:attachment":[{"href":"https:\/\/wwwdevpackde-ori0bcunuh.live-website.com\/index.php?rest_route=%2Fwp%2Fv2%2Fmedia&parent=841"}],"curies":[{"name":"wp","href":"https:\/\/api.w.org\/{rel}","templated":true}]}}