{"id":79,"date":"2024-07-31T12:59:10","date_gmt":"2024-07-31T12:59:10","guid":{"rendered":"https:\/\/wwwdevpackde-ori0bcunuh.live-website.com\/?page_id=79"},"modified":"2025-01-27T14:35:05","modified_gmt":"2025-01-27T14:35:05","slug":"startseite","status":"publish","type":"page","link":"https:\/\/wwwdevpackde-ori0bcunuh.live-website.com\/","title":{"rendered":"Startseite"},"content":{"rendered":"\r\n<h1 class=\"wp-block-heading\"><strong>Willkommen bei DEV-Pack<\/strong> GmbH<\/h1>\r\n\r\n\r\n\r\n<a href=\"https:\/\/devpack.de\" rel=\"dofollow\">Dies ist unsere neue Webseite<\/a>\r\n\r\n<p>F\u00fcr die Region Sachsen-Anhalt sind wir nun&nbsp;seit mehr als&nbsp;15 Jahren der f\u00fchrende Anbieter f\u00fcr Gastronomie Bedarf. \u00dcberzeugen Sie sich selbst von unserem schnellen und zuverl\u00e4ssigen Lieferservice, unserem vielf\u00e4ltigen Angebot und der qualitativ hochwertigen Ware.<\/p>\r\n\r\n\r\n\r\n<p><\/p>\r\n\r\n\r\n\r\n<p><\/p>\r\n\r\n\r\n\r\n<p><strong>Unsere \u00d6ffnungszeiten<\/strong><\/p>\r\n\r\n\r\n\r\n<figure class=\"wp-block-table is-style-stripes\"><table class=\"has-fixed-layout\"><tbody><tr><td><strong>Montag<\/strong><\/td><td><strong>8:00 &#8211; 18:00 Uhr<\/strong><\/td><\/tr><tr><td><strong>Dienstag<\/strong><\/td><td><strong>8:00 &#8211; 18:00 Uhr<\/strong><\/td><\/tr><tr><td><strong>Mittwoch<\/strong><\/td><td><strong>8:00 &#8211; 18:00 Uhr<\/strong><\/td><\/tr><tr><td><strong>Donnerstag<\/strong><\/td><td><strong>8:00 &#8211; 18:00 Uhr<\/strong><\/td><\/tr><tr><td><strong>Freitag<\/strong><\/td><td><strong>8:00 &#8211; 18:00 Uhr<\/strong><\/td><\/tr><tr><td><strong>Samstag<\/strong><\/td><td><strong>8:00 &#8211; 16:00 Uhr<\/strong><\/td><\/tr><tr><td><strong>Sonntag<\/strong><\/td><td><strong>geschlossen<\/strong><\/td><\/tr><\/tbody><\/table><\/figure>\r\n\r\n\r\n\r\n<figure class=\"wp-block-table is-style-stripes\"><table class=\"has-fixed-layout\"><tbody><tr><td><strong>Telefon<\/strong> <\/td><td><strong> 0391 \u2013 60 78 903<\/strong><\/td><\/tr><tr><td><strong>Email<\/strong><\/td><td><strong>info@devpack.de<\/strong><\/td><\/tr><\/tbody><\/table><\/figure>\r\n\r\n\r\n\r\n<p><\/p>\r\n\r\n\r\n\r\n<p><\/p>\r\n\r\n\r\n\r\n<p><\/p>\r\n\r\n\r\n\r\n<p><strong>\u00dcber Uns<\/strong><\/p>\r\n\r\n\r\n\r\n<p>Das Unternehmen wurde im Jahre 1999 in der Landeshauptstadt Magdeburg gegr\u00fcndet. Schnell entwickelten wir uns zum f\u00fchrenden Anbieter f\u00fcr Gastronomiebedarf im Raum Sachsen-Anhalt. Das Lager befindet sich in zentraler Lage, mit Einkaufs- und Parkm\u00f6glichkeiten vor Ort.<\/p>\r\n\r\n\r\n\r\n<p><\/p>\r\n\r\n\r\n\r\n<p><\/p>\r\n\r\n\r\n\r\n<p><\/p>\r\n\r\n\r\n\r\n<p><\/p>\r\n\r\n\r\n\r\n<p><strong>Logistik<\/strong><\/p>\r\n\r\n\r\n\r\n<p>Im Logistikbereich k\u00f6nnen wir mit absoluter P\u00fcnktlichkeit, Zuverl\u00e4ssigkeit und gro\u00dfer Flexibilit\u00e4t punkten                                                                                                   (Lieferradius abh\u00e4ngig vom Bestellwert)<\/p>\r\n\r\n\r\n\r\n<p><\/p>\r\n\r\n\r\n\r\n<p><\/p>\r\n\r\n\r\n\r\n<p>&nbsp;<strong>Service<\/strong><\/p>\r\n\r\n\r\n\r\n<p>F\u00fcr Ihren privaten oder gewerblichen Einkauf vor Ort stehen Ihnen kostenlose Parkpl\u00e4tze sowie die Beratung durch unsere Mitarbeiter zur Verf\u00fcgung. Eine Lieferung der Ware ist, abh\u00e4ngig von Bestellwert und Entfernung, m\u00f6glich.<\/p>\r\n\r\n\r\n\r\n<p><\/p>\r\n\r\n\r\n\r\n<p><\/p>\r\n\r\n\r\n\r\n<p><\/p>\r\n\r\n\r\n\r\n<p><\/p>\r\n\r\n\r\n\r\n<p><strong>Filialen<\/strong><\/p>\r\n\r\n\r\n\r\n<p>Dev-Pack GmbH, Liebknechtstra\u00dfe 99, 39110 Magdeburg<\/p>\r\n\r\n\r\n\r\n<p><\/p>\r\n\r\n\r\n\r\n<p><\/p>\r\n\r\n\r\n\r\n<p><strong>Kontak<\/strong>t<img decoding=\"async\" class=\"wp-image-2204\" style=\"width: NaNpx;\" src=\"https:\/\/wwwdevpackde-ori0bcunuh.live-website.com\/wp-content\/uploads\/2024\/12\/Plakat-Devpack-1.pdf\" alt=\"\"><\/p>\r\n\r\n\r\n\r\n<p>&nbsp;Dev-Pack GmbH<br>Liebknechtstra\u00dfe 99<br>39110 Magdeburg                                                                                                                            &nbsp;<\/p>\r\n\r\n\r\n\r\n<div class=\"wp-block-group is-nowrap is-layout-flex wp-container-core-group-is-layout-ad2f72ca wp-block-group-is-layout-flex\"><\/div>\r\n\r\n\r\n\r\n<p><\/p>\r\n","protected":false},"excerpt":{"rendered":"<p>Willkommen bei DEV-Pack GmbH Dies ist unsere neue Webseite F\u00fcr die Region Sachsen-Anhalt sind wir nun&nbsp;seit mehr als&nbsp;15 Jahren der f\u00fchrende Anbieter f\u00fcr Gastronomie Bedarf. \u00dcberzeugen Sie sich selbst von unserem schnellen und zuverl\u00e4ssigen Lieferservice, unserem vielf\u00e4ltigen Angebot und der qualitativ hochwertigen Ware. Unsere \u00d6ffnungszeiten Montag 8:00 &#8211; 18:00 Uhr Dienstag 8:00 &#8211; 18:00 Uhr [&hellip;]<\/p>\n","protected":false},"author":1,"featured_media":0,"parent":0,"menu_order":0,"comment_status":"closed","ping_status":"closed","template":"","meta":{"footnotes":""},"class_list":["post-79","page","type-page","status-publish","hentry"],"_links":{"self":[{"href":"https:\/\/wwwdevpackde-ori0bcunuh.live-website.com\/index.php?rest_route=\/wp\/v2\/pages\/79","targetHints":{"allow":["GET"]}}],"collection":[{"href":"https:\/\/wwwdevpackde-ori0bcunuh.live-website.com\/index.php?rest_route=\/wp\/v2\/pages"}],"about":[{"href":"https:\/\/wwwdevpackde-ori0bcunuh.live-website.com\/index.php?rest_route=\/wp\/v2\/types\/page"}],"author":[{"embeddable":true,"href":"https:\/\/wwwdevpackde-ori0bcunuh.live-website.com\/index.php?rest_route=\/wp\/v2\/users\/1"}],"replies":[{"embeddable":true,"href":"https:\/\/wwwdevpackde-ori0bcunuh.live-website.com\/index.php?rest_route=%2Fwp%2Fv2%2Fcomments&post=79"}],"version-history":[{"count":28,"href":"https:\/\/wwwdevpackde-ori0bcunuh.live-website.com\/index.php?rest_route=\/wp\/v2\/pages\/79\/revisions"}],"predecessor-version":[{"id":2219,"href":"https:\/\/wwwdevpackde-ori0bcunuh.live-website.com\/index.php?rest_route=\/wp\/v2\/pages\/79\/revisions\/2219"}],"wp:attachment":[{"href":"https:\/\/wwwdevpackde-ori0bcunuh.live-website.com\/index.php?rest_route=%2Fwp%2Fv2%2Fmedia&parent=79"}],"curies":[{"name":"wp","href":"https:\/\/api.w.org\/{rel}","templated":true}]}}