{"id":70,"date":"2024-07-31T12:46:04","date_gmt":"2024-07-31T12:46:04","guid":{"rendered":"https:\/\/wwwdevpackde-ori0bcunuh.live-website.com\/?page_id=70"},"modified":"2024-09-18T12:23:36","modified_gmt":"2024-09-18T12:23:36","slug":"verpackungsmaterial","status":"publish","type":"page","link":"https:\/\/wwwdevpackde-ori0bcunuh.live-website.com\/?page_id=70","title":{"rendered":"Verpackungsmaterial"},"content":{"rendered":"\n<div class=\"wp-block-group alignfull has-background-background-color has-background is-nowrap is-layout-flex wp-container-core-group-is-layout-90362957 wp-block-group-is-layout-flex\" style=\"margin-top:0;margin-bottom:0;padding-top:var(--wp--preset--spacing--60);padding-right:var(--wp--preset--spacing--30);padding-bottom:var(--wp--preset--spacing--60);padding-left:var(--wp--preset--spacing--30)\">\n<div class=\"wp-block-group alignwide is-content-justification-left\"><div class=\"wp-block-group__inner-container is-layout-constrained wp-container-core-group-is-layout-eded1d97 wp-block-group-is-layout-constrained\">\n<h2 class=\"wp-block-heading has-large-font-size\">Verpackungsmaterial<\/h2>\n\n\n\n<p style=\"margin-top:16px\">Hier finden Sie eine \u00dcbersicht \u00fcber unsere Verpackungsmaterialien, egal ob Aluminium, Pappe, Papier oder Plastik, hier finden Sie alles was Sie f\u00fcr ihren Bedarf ben\u00f6tigen.<\/p>\n<\/div><\/div>\n<\/div>\n\n\n\n<div class=\"wp-block-group is-layout-grid wp-container-core-group-is-layout-9649a0d9 wp-block-group-is-layout-grid\"><\/div>\n\n\n\n<p><\/p>\n","protected":false},"excerpt":{"rendered":"<p>Verpackungsmaterial Hier finden Sie eine \u00dcbersicht \u00fcber unsere Verpackungsmaterialien, egal ob Aluminium, Pappe, Papier oder Plastik, hier finden Sie alles was Sie f\u00fcr ihren Bedarf ben\u00f6tigen.<\/p>\n","protected":false},"author":1,"featured_media":0,"parent":0,"menu_order":0,"comment_status":"closed","ping_status":"closed","template":"","meta":{"footnotes":""},"class_list":["post-70","page","type-page","status-publish","hentry"],"_links":{"self":[{"href":"https:\/\/wwwdevpackde-ori0bcunuh.live-website.com\/index.php?rest_route=\/wp\/v2\/pages\/70","targetHints":{"allow":["GET"]}}],"collection":[{"href":"https:\/\/wwwdevpackde-ori0bcunuh.live-website.com\/index.php?rest_route=\/wp\/v2\/pages"}],"about":[{"href":"https:\/\/wwwdevpackde-ori0bcunuh.live-website.com\/index.php?rest_route=\/wp\/v2\/types\/page"}],"author":[{"embeddable":true,"href":"https:\/\/wwwdevpackde-ori0bcunuh.live-website.com\/index.php?rest_route=\/wp\/v2\/users\/1"}],"replies":[{"embeddable":true,"href":"https:\/\/wwwdevpackde-ori0bcunuh.live-website.com\/index.php?rest_route=%2Fwp%2Fv2%2Fcomments&post=70"}],"version-history":[{"count":2,"href":"https:\/\/wwwdevpackde-ori0bcunuh.live-website.com\/index.php?rest_route=\/wp\/v2\/pages\/70\/revisions"}],"predecessor-version":[{"id":1456,"href":"https:\/\/wwwdevpackde-ori0bcunuh.live-website.com\/index.php?rest_route=\/wp\/v2\/pages\/70\/revisions\/1456"}],"wp:attachment":[{"href":"https:\/\/wwwdevpackde-ori0bcunuh.live-website.com\/index.php?rest_route=%2Fwp%2Fv2%2Fmedia&parent=70"}],"curies":[{"name":"wp","href":"https:\/\/api.w.org\/{rel}","templated":true}]}}