{"id":196,"date":"2024-08-02T09:01:32","date_gmt":"2024-08-02T09:01:32","guid":{"rendered":"https:\/\/wwwdevpackde-ori0bcunuh.live-website.com\/?page_id=196"},"modified":"2024-11-22T10:22:20","modified_gmt":"2024-11-22T10:22:20","slug":"plastikflaschen","status":"publish","type":"page","link":"https:\/\/wwwdevpackde-ori0bcunuh.live-website.com\/?page_id=196","title":{"rendered":"Plastikflaschen"},"content":{"rendered":"\n<figure class=\"wp-block-table is-style-stripes\"><table class=\"has-fixed-layout\"><tbody><tr><td class=\"has-text-align-center\" data-align=\"center\"><img loading=\"lazy\" decoding=\"async\" width=\"50\" height=\"166\" class=\"wp-image-989\" style=\"width: 50px;\" src=\"https:\/\/wwwdevpackde-ori0bcunuh.live-website.com\/wp-content\/uploads\/2024\/08\/2024082216143818.png\" alt=\"\" srcset=\"https:\/\/wwwdevpackde-ori0bcunuh.live-website.com\/wp-content\/uploads\/2024\/08\/2024082216143818.png 1215w, https:\/\/wwwdevpackde-ori0bcunuh.live-website.com\/wp-content\/uploads\/2024\/08\/2024082216143818-90x300.png 90w, https:\/\/wwwdevpackde-ori0bcunuh.live-website.com\/wp-content\/uploads\/2024\/08\/2024082216143818-309x1024.png 309w, https:\/\/wwwdevpackde-ori0bcunuh.live-website.com\/wp-content\/uploads\/2024\/08\/2024082216143818-768x2548.png 768w, https:\/\/wwwdevpackde-ori0bcunuh.live-website.com\/wp-content\/uploads\/2024\/08\/2024082216143818-463x1536.png 463w, https:\/\/wwwdevpackde-ori0bcunuh.live-website.com\/wp-content\/uploads\/2024\/08\/2024082216143818-617x2048.png 617w, https:\/\/wwwdevpackde-ori0bcunuh.live-website.com\/wp-content\/uploads\/2024\/08\/2024082216143818-1200x3981.png 1200w\" sizes=\"auto, (max-width: 50px) 100vw, 50px\" \/><br>Vio Bio Stilles Wasser 0,5l<br>(Art. Nr. 270)<\/td><td class=\"has-text-align-center\" data-align=\"center\"><img loading=\"lazy\" decoding=\"async\" width=\"47\" height=\"162\" class=\"wp-image-990\" style=\"width: 47px;\" src=\"https:\/\/wwwdevpackde-ori0bcunuh.live-website.com\/wp-content\/uploads\/2024\/08\/2024082216150349.png\" alt=\"\" srcset=\"https:\/\/wwwdevpackde-ori0bcunuh.live-website.com\/wp-content\/uploads\/2024\/08\/2024082216150349.png 1169w, https:\/\/wwwdevpackde-ori0bcunuh.live-website.com\/wp-content\/uploads\/2024\/08\/2024082216150349-87x300.png 87w, https:\/\/wwwdevpackde-ori0bcunuh.live-website.com\/wp-content\/uploads\/2024\/08\/2024082216150349-297x1024.png 297w, https:\/\/wwwdevpackde-ori0bcunuh.live-website.com\/wp-content\/uploads\/2024\/08\/2024082216150349-768x2648.png 768w, https:\/\/wwwdevpackde-ori0bcunuh.live-website.com\/wp-content\/uploads\/2024\/08\/2024082216150349-445x1536.png 445w, https:\/\/wwwdevpackde-ori0bcunuh.live-website.com\/wp-content\/uploads\/2024\/08\/2024082216150349-594x2048.png 594w\" sizes=\"auto, (max-width: 47px) 100vw, 47px\" \/><br>Vio Bio Wasser mit Kohlens\u00e4ure (medium)0,5l<br>(Art. Nr. &#8212;)<\/td><td class=\"has-text-align-center\" data-align=\"center\"><img loading=\"lazy\" decoding=\"async\" width=\"46\" height=\"160\" class=\"wp-image-1003\" style=\"width: 46px;\" src=\"https:\/\/wwwdevpackde-ori0bcunuh.live-website.com\/wp-content\/uploads\/2024\/08\/2024082216563523.png\" alt=\"\" srcset=\"https:\/\/wwwdevpackde-ori0bcunuh.live-website.com\/wp-content\/uploads\/2024\/08\/2024082216563523.png 1108w, https:\/\/wwwdevpackde-ori0bcunuh.live-website.com\/wp-content\/uploads\/2024\/08\/2024082216563523-86x300.png 86w, https:\/\/wwwdevpackde-ori0bcunuh.live-website.com\/wp-content\/uploads\/2024\/08\/2024082216563523-295x1024.png 295w, https:\/\/wwwdevpackde-ori0bcunuh.live-website.com\/wp-content\/uploads\/2024\/08\/2024082216563523-768x2670.png 768w, https:\/\/wwwdevpackde-ori0bcunuh.live-website.com\/wp-content\/uploads\/2024\/08\/2024082216563523-442x1536.png 442w, https:\/\/wwwdevpackde-ori0bcunuh.live-website.com\/wp-content\/uploads\/2024\/08\/2024082216563523-589x2048.png 589w\" sizes=\"auto, (max-width: 46px) 100vw, 46px\" \/><br>Vio Bio Wasser mit Kohlens\u00e4ure (spritzig) 0,5l<br>(Art. Nr. 513)<\/td><td class=\"has-text-align-center\" data-align=\"center\"><img loading=\"lazy\" decoding=\"async\" width=\"50\" height=\"158\" class=\"wp-image-992\" style=\"width: 50px;\" src=\"https:\/\/wwwdevpackde-ori0bcunuh.live-website.com\/wp-content\/uploads\/2024\/08\/2024082216161939.png\" alt=\"\" srcset=\"https:\/\/wwwdevpackde-ori0bcunuh.live-website.com\/wp-content\/uploads\/2024\/08\/2024082216161939.png 1278w, https:\/\/wwwdevpackde-ori0bcunuh.live-website.com\/wp-content\/uploads\/2024\/08\/2024082216161939-95x300.png 95w, https:\/\/wwwdevpackde-ori0bcunuh.live-website.com\/wp-content\/uploads\/2024\/08\/2024082216161939-325x1024.png 325w, https:\/\/wwwdevpackde-ori0bcunuh.live-website.com\/wp-content\/uploads\/2024\/08\/2024082216161939-768x2422.png 768w, https:\/\/wwwdevpackde-ori0bcunuh.live-website.com\/wp-content\/uploads\/2024\/08\/2024082216161939-487x1536.png 487w, https:\/\/wwwdevpackde-ori0bcunuh.live-website.com\/wp-content\/uploads\/2024\/08\/2024082216161939-649x2048.png 649w, https:\/\/wwwdevpackde-ori0bcunuh.live-website.com\/wp-content\/uploads\/2024\/08\/2024082216161939-1200x3785.png 1200w\" sizes=\"auto, (max-width: 50px) 100vw, 50px\" \/><br>Dolu Stilles Wasser 0,5l<br>(Art. Nr. 104)<br><br><\/td><\/tr><tr><td class=\"has-text-align-center\" data-align=\"center\"><img loading=\"lazy\" decoding=\"async\" width=\"50\" height=\"161\" class=\"wp-image-993\" style=\"width: 50px;\" src=\"https:\/\/wwwdevpackde-ori0bcunuh.live-website.com\/wp-content\/uploads\/2024\/08\/2024082216163744.png\" alt=\"\" srcset=\"https:\/\/wwwdevpackde-ori0bcunuh.live-website.com\/wp-content\/uploads\/2024\/08\/2024082216163744.png 1248w, https:\/\/wwwdevpackde-ori0bcunuh.live-website.com\/wp-content\/uploads\/2024\/08\/2024082216163744-93x300.png 93w, https:\/\/wwwdevpackde-ori0bcunuh.live-website.com\/wp-content\/uploads\/2024\/08\/2024082216163744-317x1024.png 317w, https:\/\/wwwdevpackde-ori0bcunuh.live-website.com\/wp-content\/uploads\/2024\/08\/2024082216163744-768x2481.png 768w, https:\/\/wwwdevpackde-ori0bcunuh.live-website.com\/wp-content\/uploads\/2024\/08\/2024082216163744-476x1536.png 476w, https:\/\/wwwdevpackde-ori0bcunuh.live-website.com\/wp-content\/uploads\/2024\/08\/2024082216163744-634x2048.png 634w, https:\/\/wwwdevpackde-ori0bcunuh.live-website.com\/wp-content\/uploads\/2024\/08\/2024082216163744-1200x3876.png 1200w\" sizes=\"auto, (max-width: 50px) 100vw, 50px\" \/><br>Dolu Wasser mit Kohlens\u00e4ure 0,5l<br>(Art. Nr. 356)<\/td><td class=\"has-text-align-center\" data-align=\"center\"><img decoding=\"async\" src=\"https:\/\/wwwdevpackde-ori0bcunuh.live-website.com\/wp-content\/uploads\/2024\/08\/2024082216352202.png\" alt=\"\" style=\"width: 45px;\"><br>Uludag Gazoz 1l<br>(Art. Nr. 707)<\/td><td class=\"has-text-align-center\" data-align=\"center\"><img decoding=\"async\" src=\"https:\/\/wwwdevpackde-ori0bcunuh.live-website.com\/wp-content\/uploads\/2024\/08\/2024082216352202.png\" alt=\"\" style=\"width: 45px;\"><br>Uludag Gazoz 0,5l<br>(Art. Nr. 706)<\/td><td class=\"has-text-align-center\" data-align=\"center\"><img decoding=\"async\" src=\"https:\/\/wwwdevpackde-ori0bcunuh.live-website.com\/wp-content\/uploads\/2024\/08\/2024082216092570.png\" alt=\"\" style=\"width: 47px;\"><br>Salgam R\u00fcbensaft 0,3l<br>(Art. Nr. 536)<\/td><\/tr><tr><td class=\"has-text-align-center\" data-align=\"center\"><img decoding=\"async\" src=\"https:\/\/wwwdevpackde-ori0bcunuh.live-website.com\/wp-content\/uploads\/2024\/08\/2024082216234343.png\" alt=\"\" style=\"width: 45px;\"><br>Coca Cola 0,5l<br>(Art. Nr. 177)<\/td><td class=\"has-text-align-center\" data-align=\"center\"><img decoding=\"async\" src=\"https:\/\/wwwdevpackde-ori0bcunuh.live-website.com\/wp-content\/uploads\/2024\/08\/2024082216232181.png\" alt=\"\" style=\"width: 45px;\"><br>Cola Zero 0,5l<br>(Art. Nr. 228)<\/td><td class=\"has-text-align-center\" data-align=\"center\"><img decoding=\"async\" src=\"https:\/\/wwwdevpackde-ori0bcunuh.live-website.com\/wp-content\/uploads\/2024\/08\/2024082216240824.png\" alt=\"\" style=\"width: 43px;\"><br>Cola Light 0,5l<br>(Art. Nr. 260)<\/td><td class=\"has-text-align-center\" data-align=\"center\"><img decoding=\"async\" src=\"https:\/\/wwwdevpackde-ori0bcunuh.live-website.com\/wp-content\/uploads\/2024\/08\/2024082216270787.png\" alt=\"\" style=\"width: 45px;\"><br>Fanta Orange 0,5l<br>(Art. Nr. 257)<\/td><\/tr><tr><td class=\"has-text-align-center\" data-align=\"center\"><img decoding=\"async\" src=\"https:\/\/wwwdevpackde-ori0bcunuh.live-website.com\/wp-content\/uploads\/2024\/08\/2024082216273114.png\" alt=\"\" style=\"width: 44px;\"><br>Sprite 0,5l<br>(Art. Nr. 170)<\/td><td class=\"has-text-align-center\" data-align=\"center\"><img loading=\"lazy\" decoding=\"async\" width=\"47\" height=\"181\" class=\"wp-image-1903\" style=\"width: 47px;\" src=\"https:\/\/wwwdevpackde-ori0bcunuh.live-website.com\/wp-content\/uploads\/2024\/11\/2024112015211987.png\" alt=\"\" srcset=\"https:\/\/wwwdevpackde-ori0bcunuh.live-website.com\/wp-content\/uploads\/2024\/11\/2024112015211987.png 1044w, https:\/\/wwwdevpackde-ori0bcunuh.live-website.com\/wp-content\/uploads\/2024\/11\/2024112015211987-78x300.png 78w, https:\/\/wwwdevpackde-ori0bcunuh.live-website.com\/wp-content\/uploads\/2024\/11\/2024112015211987-265x1024.png 265w, https:\/\/wwwdevpackde-ori0bcunuh.live-website.com\/wp-content\/uploads\/2024\/11\/2024112015211987-768x2965.png 768w, https:\/\/wwwdevpackde-ori0bcunuh.live-website.com\/wp-content\/uploads\/2024\/11\/2024112015211987-398x1536.png 398w, https:\/\/wwwdevpackde-ori0bcunuh.live-website.com\/wp-content\/uploads\/2024\/11\/2024112015211987-530x2048.png 530w\" sizes=\"auto, (max-width: 47px) 100vw, 47px\" \/><br>Coca Cola 1l<br>(Art. Nr. 809)<\/td><td class=\"has-text-align-center\" data-align=\"center\"><img loading=\"lazy\" decoding=\"async\" width=\"46\" height=\"178\" class=\"wp-image-1905\" style=\"width: 46px;\" src=\"https:\/\/wwwdevpackde-ori0bcunuh.live-website.com\/wp-content\/uploads\/2024\/11\/2024112015214663.png\" alt=\"\" srcset=\"https:\/\/wwwdevpackde-ori0bcunuh.live-website.com\/wp-content\/uploads\/2024\/11\/2024112015214663.png 1042w, https:\/\/wwwdevpackde-ori0bcunuh.live-website.com\/wp-content\/uploads\/2024\/11\/2024112015214663-78x300.png 78w, https:\/\/wwwdevpackde-ori0bcunuh.live-website.com\/wp-content\/uploads\/2024\/11\/2024112015214663-265x1024.png 265w, https:\/\/wwwdevpackde-ori0bcunuh.live-website.com\/wp-content\/uploads\/2024\/11\/2024112015214663-768x2971.png 768w, https:\/\/wwwdevpackde-ori0bcunuh.live-website.com\/wp-content\/uploads\/2024\/11\/2024112015214663-397x1536.png 397w, https:\/\/wwwdevpackde-ori0bcunuh.live-website.com\/wp-content\/uploads\/2024\/11\/2024112015214663-529x2048.png 529w\" sizes=\"auto, (max-width: 46px) 100vw, 46px\" \/><br>Cola Zero 1l<br>(Art. Nr. 1018)<\/td><td class=\"has-text-align-center\" data-align=\"center\"><img loading=\"lazy\" decoding=\"async\" width=\"45\" height=\"175\" class=\"wp-image-1906\" style=\"width: 45px;\" src=\"https:\/\/wwwdevpackde-ori0bcunuh.live-website.com\/wp-content\/uploads\/2024\/11\/2024112015215715.png\" alt=\"\" srcset=\"https:\/\/wwwdevpackde-ori0bcunuh.live-website.com\/wp-content\/uploads\/2024\/11\/2024112015215715.png 1039w, https:\/\/wwwdevpackde-ori0bcunuh.live-website.com\/wp-content\/uploads\/2024\/11\/2024112015215715-77x300.png 77w, https:\/\/wwwdevpackde-ori0bcunuh.live-website.com\/wp-content\/uploads\/2024\/11\/2024112015215715-264x1024.png 264w, https:\/\/wwwdevpackde-ori0bcunuh.live-website.com\/wp-content\/uploads\/2024\/11\/2024112015215715-768x2980.png 768w, https:\/\/wwwdevpackde-ori0bcunuh.live-website.com\/wp-content\/uploads\/2024\/11\/2024112015215715-396x1536.png 396w, https:\/\/wwwdevpackde-ori0bcunuh.live-website.com\/wp-content\/uploads\/2024\/11\/2024112015215715-528x2048.png 528w\" sizes=\"auto, (max-width: 45px) 100vw, 45px\" \/><br>Fanta Orange 1l<br>(Art. Nr. 810)<\/td><\/tr><tr><td class=\"has-text-align-center\" data-align=\"center\"><img loading=\"lazy\" decoding=\"async\" width=\"45\" height=\"174\" class=\"wp-image-1904\" style=\"width: 45px;\" src=\"https:\/\/wwwdevpackde-ori0bcunuh.live-website.com\/wp-content\/uploads\/2024\/11\/2024112015213473.png\" alt=\"\" srcset=\"https:\/\/wwwdevpackde-ori0bcunuh.live-website.com\/wp-content\/uploads\/2024\/11\/2024112015213473.png 1040w, https:\/\/wwwdevpackde-ori0bcunuh.live-website.com\/wp-content\/uploads\/2024\/11\/2024112015213473-77x300.png 77w, https:\/\/wwwdevpackde-ori0bcunuh.live-website.com\/wp-content\/uploads\/2024\/11\/2024112015213473-264x1024.png 264w, https:\/\/wwwdevpackde-ori0bcunuh.live-website.com\/wp-content\/uploads\/2024\/11\/2024112015213473-768x2977.png 768w, https:\/\/wwwdevpackde-ori0bcunuh.live-website.com\/wp-content\/uploads\/2024\/11\/2024112015213473-396x1536.png 396w, https:\/\/wwwdevpackde-ori0bcunuh.live-website.com\/wp-content\/uploads\/2024\/11\/2024112015213473-528x2048.png 528w\" sizes=\"auto, (max-width: 45px) 100vw, 45px\" \/><br>Sprite 1l<br>(Art. Nr. 812)<\/td><td class=\"has-text-align-center\" data-align=\"center\"><img decoding=\"async\" src=\"https:\/\/wwwdevpackde-ori0bcunuh.live-website.com\/wp-content\/uploads\/2024\/08\/2024082216085610.png\" alt=\"\" style=\"width: 44px;\"><br>Lift Apfelschorle 0,5l<br>(Art. Nr. 99)<\/td><td class=\"has-text-align-center\" data-align=\"center\"><img decoding=\"async\" src=\"https:\/\/wwwdevpackde-ori0bcunuh.live-website.com\/wp-content\/uploads\/2024\/08\/2024082216083146.png\" alt=\"\" style=\"width: 49px;\"><br>Fuze Tea Pfirsich 0,4l<br>(Art. Nr. 520)<\/td><td class=\"has-text-align-center\" data-align=\"center\"><img decoding=\"async\" src=\"https:\/\/wwwdevpackde-ori0bcunuh.live-website.com\/wp-content\/uploads\/2024\/08\/2024082216081753.png\" alt=\"\" style=\"width: 49px;\"><br>Fuze Tea Zitrone 0,4l<br>(Art. Nr. 526)<\/td><\/tr><\/tbody><\/table><\/figure>\n\n\n\n<p><\/p>\n","protected":false},"excerpt":{"rendered":"<p>Vio Bio Stilles Wasser 0,5l(Art. Nr. 270) Vio Bio Wasser mit Kohlens\u00e4ure (medium)0,5l(Art. Nr. &#8212;) Vio Bio Wasser mit Kohlens\u00e4ure (spritzig) 0,5l(Art. Nr. 513) Dolu Stilles Wasser 0,5l(Art. Nr. 104) Dolu Wasser mit Kohlens\u00e4ure 0,5l(Art. Nr. 356) Uludag Gazoz 1l(Art. Nr. 707) Uludag Gazoz 0,5l(Art. Nr. 706) Salgam R\u00fcbensaft 0,3l(Art. Nr. 536) Coca Cola 0,5l(Art. [&hellip;]<\/p>\n","protected":false},"author":1,"featured_media":0,"parent":0,"menu_order":0,"comment_status":"closed","ping_status":"closed","template":"","meta":{"footnotes":""},"class_list":["post-196","page","type-page","status-publish","hentry"],"_links":{"self":[{"href":"https:\/\/wwwdevpackde-ori0bcunuh.live-website.com\/index.php?rest_route=\/wp\/v2\/pages\/196","targetHints":{"allow":["GET"]}}],"collection":[{"href":"https:\/\/wwwdevpackde-ori0bcunuh.live-website.com\/index.php?rest_route=\/wp\/v2\/pages"}],"about":[{"href":"https:\/\/wwwdevpackde-ori0bcunuh.live-website.com\/index.php?rest_route=\/wp\/v2\/types\/page"}],"author":[{"embeddable":true,"href":"https:\/\/wwwdevpackde-ori0bcunuh.live-website.com\/index.php?rest_route=\/wp\/v2\/users\/1"}],"replies":[{"embeddable":true,"href":"https:\/\/wwwdevpackde-ori0bcunuh.live-website.com\/index.php?rest_route=%2Fwp%2Fv2%2Fcomments&post=196"}],"version-history":[{"count":13,"href":"https:\/\/wwwdevpackde-ori0bcunuh.live-website.com\/index.php?rest_route=\/wp\/v2\/pages\/196\/revisions"}],"predecessor-version":[{"id":1909,"href":"https:\/\/wwwdevpackde-ori0bcunuh.live-website.com\/index.php?rest_route=\/wp\/v2\/pages\/196\/revisions\/1909"}],"wp:attachment":[{"href":"https:\/\/wwwdevpackde-ori0bcunuh.live-website.com\/index.php?rest_route=%2Fwp%2Fv2%2Fmedia&parent=196"}],"curies":[{"name":"wp","href":"https:\/\/api.w.org\/{rel}","templated":true}]}}