{"id":151,"date":"2024-08-02T08:47:08","date_gmt":"2024-08-02T08:47:08","guid":{"rendered":"https:\/\/wwwdevpackde-ori0bcunuh.live-website.com\/?page_id=151"},"modified":"2024-09-18T16:05:08","modified_gmt":"2024-09-18T16:05:08","slug":"sahne-und-milch","status":"publish","type":"page","link":"https:\/\/wwwdevpackde-ori0bcunuh.live-website.com\/?page_id=151","title":{"rendered":"Sahne und Milch"},"content":{"rendered":"\n<figure class=\"wp-block-table is-style-stripes\"><table class=\"has-fixed-layout\"><tbody><tr><td class=\"has-text-align-center\" data-align=\"center\"><img loading=\"lazy\" decoding=\"async\" width=\"100\" height=\"150\" class=\"wp-image-1173\" style=\"width: 100px;\" src=\"https:\/\/wwwdevpackde-ori0bcunuh.live-website.com\/wp-content\/uploads\/2024\/09\/2024091113542823.png\" alt=\"\" srcset=\"https:\/\/wwwdevpackde-ori0bcunuh.live-website.com\/wp-content\/uploads\/2024\/09\/2024091113542823.png 2267w, https:\/\/wwwdevpackde-ori0bcunuh.live-website.com\/wp-content\/uploads\/2024\/09\/2024091113542823-200x300.png 200w, https:\/\/wwwdevpackde-ori0bcunuh.live-website.com\/wp-content\/uploads\/2024\/09\/2024091113542823-683x1024.png 683w, https:\/\/wwwdevpackde-ori0bcunuh.live-website.com\/wp-content\/uploads\/2024\/09\/2024091113542823-768x1152.png 768w, https:\/\/wwwdevpackde-ori0bcunuh.live-website.com\/wp-content\/uploads\/2024\/09\/2024091113542823-1024x1536.png 1024w, https:\/\/wwwdevpackde-ori0bcunuh.live-website.com\/wp-content\/uploads\/2024\/09\/2024091113542823-1365x2048.png 1365w, https:\/\/wwwdevpackde-ori0bcunuh.live-website.com\/wp-content\/uploads\/2024\/09\/2024091113542823-1200x1800.png 1200w\" sizes=\"auto, (max-width: 100px) 100vw, 100px\" \/><br>Naarmann K\u00fcchensahne 15% Fett 1l<br>(Art. Nr. 230)<\/td><td class=\"has-text-align-center\" data-align=\"center\"><img loading=\"lazy\" decoding=\"async\" width=\"100\" height=\"153\" class=\"wp-image-1171\" style=\"width: 100px;\" src=\"https:\/\/wwwdevpackde-ori0bcunuh.live-website.com\/wp-content\/uploads\/2024\/09\/2024091113533197.png\" alt=\"\" srcset=\"https:\/\/wwwdevpackde-ori0bcunuh.live-website.com\/wp-content\/uploads\/2024\/09\/2024091113533197.png 2268w, https:\/\/wwwdevpackde-ori0bcunuh.live-website.com\/wp-content\/uploads\/2024\/09\/2024091113533197-196x300.png 196w, https:\/\/wwwdevpackde-ori0bcunuh.live-website.com\/wp-content\/uploads\/2024\/09\/2024091113533197-670x1024.png 670w, https:\/\/wwwdevpackde-ori0bcunuh.live-website.com\/wp-content\/uploads\/2024\/09\/2024091113533197-768x1173.png 768w, https:\/\/wwwdevpackde-ori0bcunuh.live-website.com\/wp-content\/uploads\/2024\/09\/2024091113533197-1005x1536.png 1005w, https:\/\/wwwdevpackde-ori0bcunuh.live-website.com\/wp-content\/uploads\/2024\/09\/2024091113533197-1341x2048.png 1341w, https:\/\/wwwdevpackde-ori0bcunuh.live-website.com\/wp-content\/uploads\/2024\/09\/2024091113533197-1200x1833.png 1200w\" sizes=\"auto, (max-width: 100px) 100vw, 100px\" \/><br>Naarmann K\u00fcchensahne 20% Fett 1l<br>(Art. Nr. 52)<\/td><td class=\"has-text-align-center\" data-align=\"center\"><img loading=\"lazy\" decoding=\"async\" width=\"80\" height=\"153\" class=\"wp-image-1169\" style=\"width: 80px;\" src=\"https:\/\/wwwdevpackde-ori0bcunuh.live-website.com\/wp-content\/uploads\/2024\/09\/2024091113530220.png\" alt=\"\" srcset=\"https:\/\/wwwdevpackde-ori0bcunuh.live-website.com\/wp-content\/uploads\/2024\/09\/2024091113530220.png 2111w, https:\/\/wwwdevpackde-ori0bcunuh.live-website.com\/wp-content\/uploads\/2024\/09\/2024091113530220-157x300.png 157w, https:\/\/wwwdevpackde-ori0bcunuh.live-website.com\/wp-content\/uploads\/2024\/09\/2024091113530220-536x1024.png 536w, https:\/\/wwwdevpackde-ori0bcunuh.live-website.com\/wp-content\/uploads\/2024\/09\/2024091113530220-768x1467.png 768w, https:\/\/wwwdevpackde-ori0bcunuh.live-website.com\/wp-content\/uploads\/2024\/09\/2024091113530220-804x1536.png 804w, https:\/\/wwwdevpackde-ori0bcunuh.live-website.com\/wp-content\/uploads\/2024\/09\/2024091113530220-1073x2048.png 1073w, https:\/\/wwwdevpackde-ori0bcunuh.live-website.com\/wp-content\/uploads\/2024\/09\/2024091113530220-1200x2291.png 1200w\" sizes=\"auto, (max-width: 80px) 100vw, 80px\" \/><br>Naarmann Vollmilch 3,5% Fett 1l<br>(Art. Nr. 413)<\/td><td class=\"has-text-align-center\" data-align=\"center\"><img loading=\"lazy\" decoding=\"async\" width=\"73\" height=\"150\" class=\"wp-image-1174\" style=\"width: 73px;\" src=\"https:\/\/wwwdevpackde-ori0bcunuh.live-website.com\/wp-content\/uploads\/2024\/09\/2024091113544079.png\" alt=\"\" srcset=\"https:\/\/wwwdevpackde-ori0bcunuh.live-website.com\/wp-content\/uploads\/2024\/09\/2024091113544079.png 1956w, https:\/\/wwwdevpackde-ori0bcunuh.live-website.com\/wp-content\/uploads\/2024\/09\/2024091113544079-146x300.png 146w, https:\/\/wwwdevpackde-ori0bcunuh.live-website.com\/wp-content\/uploads\/2024\/09\/2024091113544079-497x1024.png 497w, https:\/\/wwwdevpackde-ori0bcunuh.live-website.com\/wp-content\/uploads\/2024\/09\/2024091113544079-768x1583.png 768w, https:\/\/wwwdevpackde-ori0bcunuh.live-website.com\/wp-content\/uploads\/2024\/09\/2024091113544079-745x1536.png 745w, https:\/\/wwwdevpackde-ori0bcunuh.live-website.com\/wp-content\/uploads\/2024\/09\/2024091113544079-994x2048.png 994w, https:\/\/wwwdevpackde-ori0bcunuh.live-website.com\/wp-content\/uploads\/2024\/09\/2024091113544079-1200x2473.png 1200w\" sizes=\"auto, (max-width: 73px) 100vw, 73px\" \/><br>Frischli K\u00fcchensahne 20% Fett 1l<br>(Art. Nr. 219)<\/td><\/tr><tr><td class=\"has-text-align-center\" data-align=\"center\"><img loading=\"lazy\" decoding=\"async\" width=\"80\" height=\"145\" class=\"wp-image-1170\" style=\"width: 80px;\" src=\"https:\/\/wwwdevpackde-ori0bcunuh.live-website.com\/wp-content\/uploads\/2024\/09\/2024091113531972.png\" alt=\"\" srcset=\"https:\/\/wwwdevpackde-ori0bcunuh.live-website.com\/wp-content\/uploads\/2024\/09\/2024091113531972.png 2220w, https:\/\/wwwdevpackde-ori0bcunuh.live-website.com\/wp-content\/uploads\/2024\/09\/2024091113531972-165x300.png 165w, https:\/\/wwwdevpackde-ori0bcunuh.live-website.com\/wp-content\/uploads\/2024\/09\/2024091113531972-564x1024.png 564w, https:\/\/wwwdevpackde-ori0bcunuh.live-website.com\/wp-content\/uploads\/2024\/09\/2024091113531972-768x1395.png 768w, https:\/\/wwwdevpackde-ori0bcunuh.live-website.com\/wp-content\/uploads\/2024\/09\/2024091113531972-846x1536.png 846w, https:\/\/wwwdevpackde-ori0bcunuh.live-website.com\/wp-content\/uploads\/2024\/09\/2024091113531972-1128x2048.png 1128w, https:\/\/wwwdevpackde-ori0bcunuh.live-website.com\/wp-content\/uploads\/2024\/09\/2024091113531972-1200x2179.png 1200w\" sizes=\"auto, (max-width: 80px) 100vw, 80px\" \/><br>Milram K\u00fcchensahne 20% Fett 1l<br>(Art. Nr. 496)<\/td><td class=\"has-text-align-center\" data-align=\"center\"><img loading=\"lazy\" decoding=\"async\" width=\"85\" height=\"146\" class=\"wp-image-1172\" style=\"width: 85px;\" src=\"https:\/\/wwwdevpackde-ori0bcunuh.live-website.com\/wp-content\/uploads\/2024\/09\/2024091113535987.png\" alt=\"\" srcset=\"https:\/\/wwwdevpackde-ori0bcunuh.live-website.com\/wp-content\/uploads\/2024\/09\/2024091113535987.png 2268w, https:\/\/wwwdevpackde-ori0bcunuh.live-website.com\/wp-content\/uploads\/2024\/09\/2024091113535987-175x300.png 175w, https:\/\/wwwdevpackde-ori0bcunuh.live-website.com\/wp-content\/uploads\/2024\/09\/2024091113535987-596x1024.png 596w, https:\/\/wwwdevpackde-ori0bcunuh.live-website.com\/wp-content\/uploads\/2024\/09\/2024091113535987-768x1320.png 768w, https:\/\/wwwdevpackde-ori0bcunuh.live-website.com\/wp-content\/uploads\/2024\/09\/2024091113535987-894x1536.png 894w, https:\/\/wwwdevpackde-ori0bcunuh.live-website.com\/wp-content\/uploads\/2024\/09\/2024091113535987-1192x2048.png 1192w, https:\/\/wwwdevpackde-ori0bcunuh.live-website.com\/wp-content\/uploads\/2024\/09\/2024091113535987-1200x2062.png 1200w\" sizes=\"auto, (max-width: 85px) 100vw, 85px\" \/><br>Milram Schlagsahen 30% Fett 1l<br>(Art. Nr. 94)<\/td><td class=\"has-text-align-center\" data-align=\"center\"><\/td><td class=\"has-text-align-center\" data-align=\"center\"><\/td><\/tr><\/tbody><\/table><\/figure>\n","protected":false},"excerpt":{"rendered":"<p>Naarmann K\u00fcchensahne 15% Fett 1l(Art. Nr. 230) Naarmann K\u00fcchensahne 20% Fett 1l(Art. Nr. 52) Naarmann Vollmilch 3,5% Fett 1l(Art. Nr. 413) Frischli K\u00fcchensahne 20% Fett 1l(Art. Nr. 219) Milram K\u00fcchensahne 20% Fett 1l(Art. Nr. 496) Milram Schlagsahen 30% Fett 1l(Art. Nr. 94)<\/p>\n","protected":false},"author":1,"featured_media":0,"parent":0,"menu_order":0,"comment_status":"closed","ping_status":"closed","template":"","meta":{"footnotes":""},"class_list":["post-151","page","type-page","status-publish","hentry"],"_links":{"self":[{"href":"https:\/\/wwwdevpackde-ori0bcunuh.live-website.com\/index.php?rest_route=\/wp\/v2\/pages\/151","targetHints":{"allow":["GET"]}}],"collection":[{"href":"https:\/\/wwwdevpackde-ori0bcunuh.live-website.com\/index.php?rest_route=\/wp\/v2\/pages"}],"about":[{"href":"https:\/\/wwwdevpackde-ori0bcunuh.live-website.com\/index.php?rest_route=\/wp\/v2\/types\/page"}],"author":[{"embeddable":true,"href":"https:\/\/wwwdevpackde-ori0bcunuh.live-website.com\/index.php?rest_route=\/wp\/v2\/users\/1"}],"replies":[{"embeddable":true,"href":"https:\/\/wwwdevpackde-ori0bcunuh.live-website.com\/index.php?rest_route=%2Fwp%2Fv2%2Fcomments&post=151"}],"version-history":[{"count":6,"href":"https:\/\/wwwdevpackde-ori0bcunuh.live-website.com\/index.php?rest_route=\/wp\/v2\/pages\/151\/revisions"}],"predecessor-version":[{"id":1469,"href":"https:\/\/wwwdevpackde-ori0bcunuh.live-website.com\/index.php?rest_route=\/wp\/v2\/pages\/151\/revisions\/1469"}],"wp:attachment":[{"href":"https:\/\/wwwdevpackde-ori0bcunuh.live-website.com\/index.php?rest_route=%2Fwp%2Fv2%2Fmedia&parent=151"}],"curies":[{"name":"wp","href":"https:\/\/api.w.org\/{rel}","templated":true}]}}