{"id":139,"date":"2024-08-02T08:44:51","date_gmt":"2024-08-02T08:44:51","guid":{"rendered":"https:\/\/wwwdevpackde-ori0bcunuh.live-website.com\/?page_id=139"},"modified":"2025-05-16T09:11:28","modified_gmt":"2025-05-16T09:11:28","slug":"sossen","status":"publish","type":"page","link":"https:\/\/wwwdevpackde-ori0bcunuh.live-website.com\/?page_id=139","title":{"rendered":"So\u00dfen"},"content":{"rendered":"\n<figure class=\"wp-block-table is-style-stripes\"><table class=\"has-fixed-layout\"><tbody><tr><td class=\"has-text-align-center\" data-align=\"center\"><img loading=\"lazy\" decoding=\"async\" width=\"130\" height=\"134\" class=\"wp-image-885\" style=\"width: 130px;\" src=\"https:\/\/wwwdevpackde-ori0bcunuh.live-website.com\/wp-content\/uploads\/2024\/08\/2024082117101993.png\" alt=\"\" srcset=\"https:\/\/wwwdevpackde-ori0bcunuh.live-website.com\/wp-content\/uploads\/2024\/08\/2024082117101993.png 2267w, https:\/\/wwwdevpackde-ori0bcunuh.live-website.com\/wp-content\/uploads\/2024\/08\/2024082117101993-292x300.png 292w, https:\/\/wwwdevpackde-ori0bcunuh.live-website.com\/wp-content\/uploads\/2024\/08\/2024082117101993-996x1024.png 996w, https:\/\/wwwdevpackde-ori0bcunuh.live-website.com\/wp-content\/uploads\/2024\/08\/2024082117101993-768x789.png 768w, https:\/\/wwwdevpackde-ori0bcunuh.live-website.com\/wp-content\/uploads\/2024\/08\/2024082117101993-1494x1536.png 1494w, https:\/\/wwwdevpackde-ori0bcunuh.live-website.com\/wp-content\/uploads\/2024\/08\/2024082117101993-1993x2048.png 1993w, https:\/\/wwwdevpackde-ori0bcunuh.live-website.com\/wp-content\/uploads\/2024\/08\/2024082117101993-1200x1233.png 1200w\" sizes=\"auto, (max-width: 130px) 100vw, 130px\" \/><br>Prim&#8217;s D\u00f6nerso\u00dfe 10l<br>(Art. Nr. 493)<\/td><td class=\"has-text-align-center\" data-align=\"center\"><img loading=\"lazy\" decoding=\"async\" width=\"130\" height=\"136\" class=\"wp-image-886\" style=\"width: 130px;\" src=\"https:\/\/wwwdevpackde-ori0bcunuh.live-website.com\/wp-content\/uploads\/2024\/08\/2024082117104820.png\" alt=\"\" srcset=\"https:\/\/wwwdevpackde-ori0bcunuh.live-website.com\/wp-content\/uploads\/2024\/08\/2024082117104820.png 2268w, https:\/\/wwwdevpackde-ori0bcunuh.live-website.com\/wp-content\/uploads\/2024\/08\/2024082117104820-287x300.png 287w, https:\/\/wwwdevpackde-ori0bcunuh.live-website.com\/wp-content\/uploads\/2024\/08\/2024082117104820-980x1024.png 980w, https:\/\/wwwdevpackde-ori0bcunuh.live-website.com\/wp-content\/uploads\/2024\/08\/2024082117104820-768x802.png 768w, https:\/\/wwwdevpackde-ori0bcunuh.live-website.com\/wp-content\/uploads\/2024\/08\/2024082117104820-1471x1536.png 1471w, https:\/\/wwwdevpackde-ori0bcunuh.live-website.com\/wp-content\/uploads\/2024\/08\/2024082117104820-1961x2048.png 1961w, https:\/\/wwwdevpackde-ori0bcunuh.live-website.com\/wp-content\/uploads\/2024\/08\/2024082117104820-1200x1253.png 1200w\" sizes=\"auto, (max-width: 130px) 100vw, 130px\" \/><br>Prim&#8217;s Hot Chili So\u00dfe 10l<br>(Art. Nr. 494)<\/td><td class=\"has-text-align-center\" data-align=\"center\"><img loading=\"lazy\" decoding=\"async\" width=\"90\" height=\"135\" class=\"wp-image-894\" style=\"width: 90px;\" src=\"https:\/\/wwwdevpackde-ori0bcunuh.live-website.com\/wp-content\/uploads\/2024\/08\/2024082117194315.png\" alt=\"\" srcset=\"https:\/\/wwwdevpackde-ori0bcunuh.live-website.com\/wp-content\/uploads\/2024\/08\/2024082117194315.png 2268w, https:\/\/wwwdevpackde-ori0bcunuh.live-website.com\/wp-content\/uploads\/2024\/08\/2024082117194315-200x300.png 200w, https:\/\/wwwdevpackde-ori0bcunuh.live-website.com\/wp-content\/uploads\/2024\/08\/2024082117194315-682x1024.png 682w, https:\/\/wwwdevpackde-ori0bcunuh.live-website.com\/wp-content\/uploads\/2024\/08\/2024082117194315-768x1153.png 768w, https:\/\/wwwdevpackde-ori0bcunuh.live-website.com\/wp-content\/uploads\/2024\/08\/2024082117194315-1023x1536.png 1023w, https:\/\/wwwdevpackde-ori0bcunuh.live-website.com\/wp-content\/uploads\/2024\/08\/2024082117194315-1364x2048.png 1364w, https:\/\/wwwdevpackde-ori0bcunuh.live-website.com\/wp-content\/uploads\/2024\/08\/2024082117194315-1200x1802.png 1200w\" sizes=\"auto, (max-width: 90px) 100vw, 90px\" \/><br>Lukull Sauce Hollondaise 1l<br>(Art. Nr. 342)<\/td><td class=\"has-text-align-center\" data-align=\"center\"><img loading=\"lazy\" decoding=\"async\" width=\"90\" height=\"133\" class=\"wp-image-895\" style=\"width: 90px;\" src=\"https:\/\/wwwdevpackde-ori0bcunuh.live-website.com\/wp-content\/uploads\/2024\/08\/2024082117200655.png\" alt=\"\" srcset=\"https:\/\/wwwdevpackde-ori0bcunuh.live-website.com\/wp-content\/uploads\/2024\/08\/2024082117200655.png 2267w, https:\/\/wwwdevpackde-ori0bcunuh.live-website.com\/wp-content\/uploads\/2024\/08\/2024082117200655-204x300.png 204w, https:\/\/wwwdevpackde-ori0bcunuh.live-website.com\/wp-content\/uploads\/2024\/08\/2024082117200655-695x1024.png 695w, https:\/\/wwwdevpackde-ori0bcunuh.live-website.com\/wp-content\/uploads\/2024\/08\/2024082117200655-768x1132.png 768w, https:\/\/wwwdevpackde-ori0bcunuh.live-website.com\/wp-content\/uploads\/2024\/08\/2024082117200655-1042x1536.png 1042w, https:\/\/wwwdevpackde-ori0bcunuh.live-website.com\/wp-content\/uploads\/2024\/08\/2024082117200655-1389x2048.png 1389w, https:\/\/wwwdevpackde-ori0bcunuh.live-website.com\/wp-content\/uploads\/2024\/08\/2024082117200655-1200x1769.png 1200w\" sizes=\"auto, (max-width: 90px) 100vw, 90px\" \/><br>Lukull Sauce Bearnaise 1l<br>(Art. Nr. 236)<\/td><\/tr><tr><td class=\"has-text-align-center\" data-align=\"center\"><img loading=\"lazy\" decoding=\"async\" width=\"80\" height=\"160\" class=\"wp-image-896\" style=\"width: 80px;\" src=\"https:\/\/wwwdevpackde-ori0bcunuh.live-website.com\/wp-content\/uploads\/2024\/08\/2024082117204127.png\" alt=\"\" srcset=\"https:\/\/wwwdevpackde-ori0bcunuh.live-website.com\/wp-content\/uploads\/2024\/08\/2024082117204127.png 2015w, https:\/\/wwwdevpackde-ori0bcunuh.live-website.com\/wp-content\/uploads\/2024\/08\/2024082117204127-150x300.png 150w, https:\/\/wwwdevpackde-ori0bcunuh.live-website.com\/wp-content\/uploads\/2024\/08\/2024082117204127-512x1024.png 512w, https:\/\/wwwdevpackde-ori0bcunuh.live-website.com\/wp-content\/uploads\/2024\/08\/2024082117204127-768x1536.png 768w, https:\/\/wwwdevpackde-ori0bcunuh.live-website.com\/wp-content\/uploads\/2024\/08\/2024082117204127-1024x2048.png 1024w, https:\/\/wwwdevpackde-ori0bcunuh.live-website.com\/wp-content\/uploads\/2024\/08\/2024082117204127-1200x2400.png 1200w\" sizes=\"auto, (max-width: 80px) 100vw, 80px\" \/><br>Edeka passierte Tomaten 1l<br>(Art. Nr. 370)<\/td><td class=\"has-text-align-center\" data-align=\"center\"><img loading=\"lazy\" decoding=\"async\" width=\"50\" height=\"154\" class=\"wp-image-900\" style=\"width: 50px;\" src=\"https:\/\/wwwdevpackde-ori0bcunuh.live-website.com\/wp-content\/uploads\/2024\/08\/2024082117223107.png\" alt=\"\" srcset=\"https:\/\/wwwdevpackde-ori0bcunuh.live-website.com\/wp-content\/uploads\/2024\/08\/2024082117223107.png 1306w, https:\/\/wwwdevpackde-ori0bcunuh.live-website.com\/wp-content\/uploads\/2024\/08\/2024082117223107-97x300.png 97w, https:\/\/wwwdevpackde-ori0bcunuh.live-website.com\/wp-content\/uploads\/2024\/08\/2024082117223107-332x1024.png 332w, https:\/\/wwwdevpackde-ori0bcunuh.live-website.com\/wp-content\/uploads\/2024\/08\/2024082117223107-768x2371.png 768w, https:\/\/wwwdevpackde-ori0bcunuh.live-website.com\/wp-content\/uploads\/2024\/08\/2024082117223107-498x1536.png 498w, https:\/\/wwwdevpackde-ori0bcunuh.live-website.com\/wp-content\/uploads\/2024\/08\/2024082117223107-663x2048.png 663w, https:\/\/wwwdevpackde-ori0bcunuh.live-website.com\/wp-content\/uploads\/2024\/08\/2024082117223107-1200x3705.png 1200w\" sizes=\"auto, (max-width: 50px) 100vw, 50px\" \/><br>\u00d6zFood Beef-Burger So\u00dfe 900ml<br>(Art. Nr. 950)<\/td><td class=\"has-text-align-center\" data-align=\"center\"><img loading=\"lazy\" decoding=\"async\" width=\"50\" height=\"158\" class=\"wp-image-899\" style=\"width: 50px;\" src=\"https:\/\/wwwdevpackde-ori0bcunuh.live-website.com\/wp-content\/uploads\/2024\/08\/2024082117220656.png\" alt=\"\" srcset=\"https:\/\/wwwdevpackde-ori0bcunuh.live-website.com\/wp-content\/uploads\/2024\/08\/2024082117220656.png 1272w, https:\/\/wwwdevpackde-ori0bcunuh.live-website.com\/wp-content\/uploads\/2024\/08\/2024082117220656-95x300.png 95w, https:\/\/wwwdevpackde-ori0bcunuh.live-website.com\/wp-content\/uploads\/2024\/08\/2024082117220656-323x1024.png 323w, https:\/\/wwwdevpackde-ori0bcunuh.live-website.com\/wp-content\/uploads\/2024\/08\/2024082117220656-768x2434.png 768w, https:\/\/wwwdevpackde-ori0bcunuh.live-website.com\/wp-content\/uploads\/2024\/08\/2024082117220656-485x1536.png 485w, https:\/\/wwwdevpackde-ori0bcunuh.live-website.com\/wp-content\/uploads\/2024\/08\/2024082117220656-646x2048.png 646w, https:\/\/wwwdevpackde-ori0bcunuh.live-website.com\/wp-content\/uploads\/2024\/08\/2024082117220656-1200x3803.png 1200w\" sizes=\"auto, (max-width: 50px) 100vw, 50px\" \/><br>\u00d6zFood Curry-Crunchy So\u00dfe 900ml<br>(Art. Nr. 951)<\/td><td class=\"has-text-align-center\" data-align=\"center\"><img loading=\"lazy\" decoding=\"async\" width=\"50\" height=\"155\" class=\"wp-image-898\" style=\"width: 50px;\" src=\"https:\/\/wwwdevpackde-ori0bcunuh.live-website.com\/wp-content\/uploads\/2024\/08\/2024082117214551.png\" alt=\"\" srcset=\"https:\/\/wwwdevpackde-ori0bcunuh.live-website.com\/wp-content\/uploads\/2024\/08\/2024082117214551.png 1303w, https:\/\/wwwdevpackde-ori0bcunuh.live-website.com\/wp-content\/uploads\/2024\/08\/2024082117214551-97x300.png 97w, https:\/\/wwwdevpackde-ori0bcunuh.live-website.com\/wp-content\/uploads\/2024\/08\/2024082117214551-331x1024.png 331w, https:\/\/wwwdevpackde-ori0bcunuh.live-website.com\/wp-content\/uploads\/2024\/08\/2024082117214551-768x2376.png 768w, https:\/\/wwwdevpackde-ori0bcunuh.live-website.com\/wp-content\/uploads\/2024\/08\/2024082117214551-497x1536.png 497w, https:\/\/wwwdevpackde-ori0bcunuh.live-website.com\/wp-content\/uploads\/2024\/08\/2024082117214551-662x2048.png 662w, https:\/\/wwwdevpackde-ori0bcunuh.live-website.com\/wp-content\/uploads\/2024\/08\/2024082117214551-1200x3712.png 1200w\" sizes=\"auto, (max-width: 50px) 100vw, 50px\" \/><br>\u00d6zFood Samoraii So\u00dfe 900ml<br>(Art. Nr. 952)<\/td><\/tr><tr><td class=\"has-text-align-center\" data-align=\"center\"><img loading=\"lazy\" decoding=\"async\" width=\"80\" height=\"144\" class=\"wp-image-891\" style=\"width: 80px;\" src=\"https:\/\/wwwdevpackde-ori0bcunuh.live-website.com\/wp-content\/uploads\/2024\/08\/2024082117144441.png\" alt=\"\" srcset=\"https:\/\/wwwdevpackde-ori0bcunuh.live-website.com\/wp-content\/uploads\/2024\/08\/2024082117144441.png 2234w, https:\/\/wwwdevpackde-ori0bcunuh.live-website.com\/wp-content\/uploads\/2024\/08\/2024082117144441-166x300.png 166w, https:\/\/wwwdevpackde-ori0bcunuh.live-website.com\/wp-content\/uploads\/2024\/08\/2024082117144441-568x1024.png 568w, https:\/\/wwwdevpackde-ori0bcunuh.live-website.com\/wp-content\/uploads\/2024\/08\/2024082117144441-768x1386.png 768w, https:\/\/wwwdevpackde-ori0bcunuh.live-website.com\/wp-content\/uploads\/2024\/08\/2024082117144441-851x1536.png 851w, https:\/\/wwwdevpackde-ori0bcunuh.live-website.com\/wp-content\/uploads\/2024\/08\/2024082117144441-1135x2048.png 1135w, https:\/\/wwwdevpackde-ori0bcunuh.live-website.com\/wp-content\/uploads\/2024\/08\/2024082117144441-1200x2165.png 1200w\" sizes=\"auto, (max-width: 80px) 100vw, 80px\" \/><br>Salomon Asia So\u00dfe 2l<br>(Art. Nr. 906)<\/td><td class=\"has-text-align-center\" data-align=\"center\"><img loading=\"lazy\" decoding=\"async\" width=\"80\" height=\"143\" class=\"wp-image-903\" style=\"width: 80px;\" src=\"https:\/\/wwwdevpackde-ori0bcunuh.live-website.com\/wp-content\/uploads\/2024\/08\/2024082117152361.png\" alt=\"\" srcset=\"https:\/\/wwwdevpackde-ori0bcunuh.live-website.com\/wp-content\/uploads\/2024\/08\/2024082117152361.png 2261w, https:\/\/wwwdevpackde-ori0bcunuh.live-website.com\/wp-content\/uploads\/2024\/08\/2024082117152361-168x300.png 168w, https:\/\/wwwdevpackde-ori0bcunuh.live-website.com\/wp-content\/uploads\/2024\/08\/2024082117152361-574x1024.png 574w, https:\/\/wwwdevpackde-ori0bcunuh.live-website.com\/wp-content\/uploads\/2024\/08\/2024082117152361-768x1370.png 768w, https:\/\/wwwdevpackde-ori0bcunuh.live-website.com\/wp-content\/uploads\/2024\/08\/2024082117152361-861x1536.png 861w, https:\/\/wwwdevpackde-ori0bcunuh.live-website.com\/wp-content\/uploads\/2024\/08\/2024082117152361-1148x2048.png 1148w, https:\/\/wwwdevpackde-ori0bcunuh.live-website.com\/wp-content\/uploads\/2024\/08\/2024082117152361-1200x2140.png 1200w\" sizes=\"auto, (max-width: 80px) 100vw, 80px\" \/><br>Salomon Mango Dip 2l<br>(Art. Nr. 907)<\/td><td class=\"has-text-align-center\" data-align=\"center\"><br><img loading=\"lazy\" decoding=\"async\" width=\"80\" height=\"148\" class=\"wp-image-889\" style=\"width: 80px;\" src=\"https:\/\/wwwdevpackde-ori0bcunuh.live-website.com\/wp-content\/uploads\/2024\/08\/2024082117141683.png\" alt=\"\" srcset=\"https:\/\/wwwdevpackde-ori0bcunuh.live-website.com\/wp-content\/uploads\/2024\/08\/2024082117141683.png 2176w, https:\/\/wwwdevpackde-ori0bcunuh.live-website.com\/wp-content\/uploads\/2024\/08\/2024082117141683-162x300.png 162w, https:\/\/wwwdevpackde-ori0bcunuh.live-website.com\/wp-content\/uploads\/2024\/08\/2024082117141683-553x1024.png 553w, https:\/\/wwwdevpackde-ori0bcunuh.live-website.com\/wp-content\/uploads\/2024\/08\/2024082117141683-768x1423.png 768w, https:\/\/wwwdevpackde-ori0bcunuh.live-website.com\/wp-content\/uploads\/2024\/08\/2024082117141683-829x1536.png 829w, https:\/\/wwwdevpackde-ori0bcunuh.live-website.com\/wp-content\/uploads\/2024\/08\/2024082117141683-1105x2048.png 1105w, https:\/\/wwwdevpackde-ori0bcunuh.live-website.com\/wp-content\/uploads\/2024\/08\/2024082117141683-1200x2224.png 1200w\" sizes=\"auto, (max-width: 80px) 100vw, 80px\" \/><br>Salomon s\u00fc\u00df-pikante So\u00dfe 2l<br>(Art. Nr. &#8212;)<\/td><td class=\"has-text-align-center\" data-align=\"center\"><img loading=\"lazy\" decoding=\"async\" width=\"80\" height=\"150\" class=\"wp-image-888\" style=\"width: 80px;\" src=\"https:\/\/wwwdevpackde-ori0bcunuh.live-website.com\/wp-content\/uploads\/2024\/08\/2024082117134729.png\" alt=\"\" srcset=\"https:\/\/wwwdevpackde-ori0bcunuh.live-website.com\/wp-content\/uploads\/2024\/08\/2024082117134729.png 2152w, https:\/\/wwwdevpackde-ori0bcunuh.live-website.com\/wp-content\/uploads\/2024\/08\/2024082117134729-160x300.png 160w, https:\/\/wwwdevpackde-ori0bcunuh.live-website.com\/wp-content\/uploads\/2024\/08\/2024082117134729-547x1024.png 547w, https:\/\/wwwdevpackde-ori0bcunuh.live-website.com\/wp-content\/uploads\/2024\/08\/2024082117134729-768x1438.png 768w, https:\/\/wwwdevpackde-ori0bcunuh.live-website.com\/wp-content\/uploads\/2024\/08\/2024082117134729-820x1536.png 820w, https:\/\/wwwdevpackde-ori0bcunuh.live-website.com\/wp-content\/uploads\/2024\/08\/2024082117134729-1094x2048.png 1094w, https:\/\/wwwdevpackde-ori0bcunuh.live-website.com\/wp-content\/uploads\/2024\/08\/2024082117134729-1200x2247.png 1200w\" sizes=\"auto, (max-width: 80px) 100vw, 80px\" \/><br>Salomon Burgerso\u00dfe 2l<br>(Art. Nr. 909)<\/td><\/tr><tr><td class=\"has-text-align-center\" data-align=\"center\"><img loading=\"lazy\" decoding=\"async\" width=\"80\" height=\"152\" class=\"wp-image-1506\" style=\"width: 80px;\" src=\"https:\/\/wwwdevpackde-ori0bcunuh.live-website.com\/wp-content\/uploads\/2024\/09\/2024092112301796.png\" alt=\"\" srcset=\"https:\/\/wwwdevpackde-ori0bcunuh.live-website.com\/wp-content\/uploads\/2024\/09\/2024092112301796.png 1794w, https:\/\/wwwdevpackde-ori0bcunuh.live-website.com\/wp-content\/uploads\/2024\/09\/2024092112301796-158x300.png 158w, https:\/\/wwwdevpackde-ori0bcunuh.live-website.com\/wp-content\/uploads\/2024\/09\/2024092112301796-539x1024.png 539w, https:\/\/wwwdevpackde-ori0bcunuh.live-website.com\/wp-content\/uploads\/2024\/09\/2024092112301796-768x1458.png 768w, https:\/\/wwwdevpackde-ori0bcunuh.live-website.com\/wp-content\/uploads\/2024\/09\/2024092112301796-809x1536.png 809w, https:\/\/wwwdevpackde-ori0bcunuh.live-website.com\/wp-content\/uploads\/2024\/09\/2024092112301796-1079x2048.png 1079w, https:\/\/wwwdevpackde-ori0bcunuh.live-website.com\/wp-content\/uploads\/2024\/09\/2024092112301796-1200x2278.png 1200w\" sizes=\"auto, (max-width: 80px) 100vw, 80px\" \/><br>Salomon Chili-Cheese Burger So\u00dfe 2l<br>(Art. Nr. )<\/td><td class=\"has-text-align-center\" data-align=\"center\"><img decoding=\"async\" src=\"https:\/\/wwwdevpackde-ori0bcunuh.live-website.com\/wp-content\/uploads\/2024\/08\/2024082117230853.png\" alt=\"\" style=\"width: 50px;\"><br>Burgerso\u00dfe 900ml<br>(Art. Nr. 353)<\/td><td class=\"has-text-align-center\" data-align=\"center\"><img decoding=\"async\" src=\"https:\/\/wwwdevpackde-ori0bcunuh.live-website.com\/wp-content\/uploads\/2024\/08\/2024082117182934.png\" alt=\"\" style=\"width: 130px;\"><br>Homann J\u00e4gerso\u00dfe 4l<br>(Art. Nr. 540)<\/td><td class=\"has-text-align-center\" data-align=\"center\"><img decoding=\"async\" src=\"https:\/\/wwwdevpackde-ori0bcunuh.live-website.com\/wp-content\/uploads\/2024\/08\/2024082117175604.png\" alt=\"\" style=\"width: 130px;\"><br>Homann Paprikaschnitzelso\u00dfe 4l<br>(Art. Nr. 539)<\/td><\/tr><tr><td class=\"has-text-align-center\" data-align=\"center\"><img loading=\"lazy\" decoding=\"async\" width=\"130\" height=\"129\" class=\"wp-image-907\" style=\"width: 130px;\" src=\"https:\/\/wwwdevpackde-ori0bcunuh.live-website.com\/wp-content\/uploads\/2024\/08\/2024082117172044.png\" alt=\"\" srcset=\"https:\/\/wwwdevpackde-ori0bcunuh.live-website.com\/wp-content\/uploads\/2024\/08\/2024082117172044.png 2268w, https:\/\/wwwdevpackde-ori0bcunuh.live-website.com\/wp-content\/uploads\/2024\/08\/2024082117172044-300x297.png 300w, https:\/\/wwwdevpackde-ori0bcunuh.live-website.com\/wp-content\/uploads\/2024\/08\/2024082117172044-1024x1012.png 1024w, https:\/\/wwwdevpackde-ori0bcunuh.live-website.com\/wp-content\/uploads\/2024\/08\/2024082117172044-150x150.png 150w, https:\/\/wwwdevpackde-ori0bcunuh.live-website.com\/wp-content\/uploads\/2024\/08\/2024082117172044-768x759.png 768w, https:\/\/wwwdevpackde-ori0bcunuh.live-website.com\/wp-content\/uploads\/2024\/08\/2024082117172044-1536x1518.png 1536w, https:\/\/wwwdevpackde-ori0bcunuh.live-website.com\/wp-content\/uploads\/2024\/08\/2024082117172044-2048x2025.png 2048w, https:\/\/wwwdevpackde-ori0bcunuh.live-website.com\/wp-content\/uploads\/2024\/08\/2024082117172044-1200x1186.png 1200w\" sizes=\"auto, (max-width: 130px) 100vw, 130px\" \/>Jogurtdressing 4l<br>(Art. Nr. 664)<br><\/td><td class=\"has-text-align-center\" data-align=\"center\"><img loading=\"lazy\" decoding=\"async\" width=\"90\" height=\"134\" class=\"wp-image-893\" style=\"width: 90px;\" src=\"https:\/\/wwwdevpackde-ori0bcunuh.live-website.com\/wp-content\/uploads\/2024\/08\/2024082117185187.png\" alt=\"\" srcset=\"https:\/\/wwwdevpackde-ori0bcunuh.live-website.com\/wp-content\/uploads\/2024\/08\/2024082117185187.png 2268w, https:\/\/wwwdevpackde-ori0bcunuh.live-website.com\/wp-content\/uploads\/2024\/08\/2024082117185187-201x300.png 201w, https:\/\/wwwdevpackde-ori0bcunuh.live-website.com\/wp-content\/uploads\/2024\/08\/2024082117185187-686x1024.png 686w, https:\/\/wwwdevpackde-ori0bcunuh.live-website.com\/wp-content\/uploads\/2024\/08\/2024082117185187-768x1147.png 768w, https:\/\/wwwdevpackde-ori0bcunuh.live-website.com\/wp-content\/uploads\/2024\/08\/2024082117185187-1029x1536.png 1029w, https:\/\/wwwdevpackde-ori0bcunuh.live-website.com\/wp-content\/uploads\/2024\/08\/2024082117185187-1372x2048.png 1372w, https:\/\/wwwdevpackde-ori0bcunuh.live-website.com\/wp-content\/uploads\/2024\/08\/2024082117185187-1200x1792.png 1200w\" sizes=\"auto, (max-width: 90px) 100vw, 90px\" \/><br>Salatdressing 5l<br>(Art. Nr. 450)<br><\/td><td class=\"has-text-align-center\" data-align=\"center\"><img loading=\"lazy\" decoding=\"async\" width=\"130\" height=\"126\" class=\"wp-image-908\" style=\"width: 130px;\" src=\"https:\/\/wwwdevpackde-ori0bcunuh.live-website.com\/wp-content\/uploads\/2024\/08\/2024082117132209.png\" alt=\"\" srcset=\"https:\/\/wwwdevpackde-ori0bcunuh.live-website.com\/wp-content\/uploads\/2024\/08\/2024082117132209.png 2268w, https:\/\/wwwdevpackde-ori0bcunuh.live-website.com\/wp-content\/uploads\/2024\/08\/2024082117132209-300x292.png 300w, https:\/\/wwwdevpackde-ori0bcunuh.live-website.com\/wp-content\/uploads\/2024\/08\/2024082117132209-1024x996.png 1024w, https:\/\/wwwdevpackde-ori0bcunuh.live-website.com\/wp-content\/uploads\/2024\/08\/2024082117132209-768x747.png 768w, https:\/\/wwwdevpackde-ori0bcunuh.live-website.com\/wp-content\/uploads\/2024\/08\/2024082117132209-1536x1493.png 1536w, https:\/\/wwwdevpackde-ori0bcunuh.live-website.com\/wp-content\/uploads\/2024\/08\/2024082117132209-2048x1991.png 2048w, https:\/\/wwwdevpackde-ori0bcunuh.live-website.com\/wp-content\/uploads\/2024\/08\/2024082117132209-1200x1167.png 1200w\" sizes=\"auto, (max-width: 130px) 100vw, 130px\" \/><br>Remoulade 5l<br>(Art. Nr. 736)<\/td><td class=\"has-text-align-center\" data-align=\"center\"><img loading=\"lazy\" decoding=\"async\" width=\"50\" height=\"164\" class=\"wp-image-1509\" style=\"width: 50px;\" src=\"https:\/\/wwwdevpackde-ori0bcunuh.live-website.com\/wp-content\/uploads\/2024\/09\/2024092112432171.png\" alt=\"\" srcset=\"https:\/\/wwwdevpackde-ori0bcunuh.live-website.com\/wp-content\/uploads\/2024\/09\/2024092112432171.png 730w, https:\/\/wwwdevpackde-ori0bcunuh.live-website.com\/wp-content\/uploads\/2024\/09\/2024092112432171-91x300.png 91w, https:\/\/wwwdevpackde-ori0bcunuh.live-website.com\/wp-content\/uploads\/2024\/09\/2024092112432171-311x1024.png 311w, https:\/\/wwwdevpackde-ori0bcunuh.live-website.com\/wp-content\/uploads\/2024\/09\/2024092112432171-467x1536.png 467w, https:\/\/wwwdevpackde-ori0bcunuh.live-website.com\/wp-content\/uploads\/2024\/09\/2024092112432171-623x2048.png 623w\" sizes=\"auto, (max-width: 50px) 100vw, 50px\" \/><br>Remoulade 900ml<br>(Art. Nr. 699)<\/td><\/tr><tr><td class=\"has-text-align-center\" data-align=\"center\"><img decoding=\"async\" style=\"width: 40px;\" src=\"https:\/\/wwwdevpackde-ori0bcunuh.live-website.com\/wp-content\/uploads\/2024\/08\/2024082117210971.png\" alt=\"\"><br><br>Tabasco 350ml<br>(Art. Nr. 234)<\/td><td class=\"has-text-align-center\" data-align=\"center\"><img loading=\"lazy\" decoding=\"async\" width=\"35\" height=\"167\" class=\"wp-image-2343\" style=\"width: 35px;\" src=\"https:\/\/wwwdevpackde-ori0bcunuh.live-website.com\/wp-content\/uploads\/2025\/05\/2025051610591156-scaled.png\" alt=\"\" srcset=\"https:\/\/wwwdevpackde-ori0bcunuh.live-website.com\/wp-content\/uploads\/2025\/05\/2025051610591156-scaled.png 535w, https:\/\/wwwdevpackde-ori0bcunuh.live-website.com\/wp-content\/uploads\/2025\/05\/2025051610591156-63x300.png 63w, https:\/\/wwwdevpackde-ori0bcunuh.live-website.com\/wp-content\/uploads\/2025\/05\/2025051610591156-214x1024.png 214w, https:\/\/wwwdevpackde-ori0bcunuh.live-website.com\/wp-content\/uploads\/2025\/05\/2025051610591156-768x3677.png 768w, https:\/\/wwwdevpackde-ori0bcunuh.live-website.com\/wp-content\/uploads\/2025\/05\/2025051610591156-321x1536.png 321w, https:\/\/wwwdevpackde-ori0bcunuh.live-website.com\/wp-content\/uploads\/2025\/05\/2025051610591156-428x2048.png 428w\" sizes=\"auto, (max-width: 35px) 100vw, 35px\" \/><br>Villa Natura Granatapfelsirup 700g<br>(Art. Nr. 633)<\/td><td class=\"has-text-align-center\" data-align=\"center\"><\/td><td class=\"has-text-align-center\" data-align=\"center\"><\/td><\/tr><\/tbody><\/table><\/figure>\n\n\n\n<p><\/p>\n","protected":false},"excerpt":{"rendered":"<p>Prim&#8217;s D\u00f6nerso\u00dfe 10l(Art. Nr. 493) Prim&#8217;s Hot Chili So\u00dfe 10l(Art. Nr. 494) Lukull Sauce Hollondaise 1l(Art. Nr. 342) Lukull Sauce Bearnaise 1l(Art. Nr. 236) Edeka passierte Tomaten 1l(Art. Nr. 370) \u00d6zFood Beef-Burger So\u00dfe 900ml(Art. Nr. 950) \u00d6zFood Curry-Crunchy So\u00dfe 900ml(Art. Nr. 951) \u00d6zFood Samoraii So\u00dfe 900ml(Art. Nr. 952) Salomon Asia So\u00dfe 2l(Art. Nr. 906) Salomon [&hellip;]<\/p>\n","protected":false},"author":1,"featured_media":0,"parent":0,"menu_order":0,"comment_status":"closed","ping_status":"closed","template":"","meta":{"footnotes":""},"class_list":["post-139","page","type-page","status-publish","hentry"],"_links":{"self":[{"href":"https:\/\/wwwdevpackde-ori0bcunuh.live-website.com\/index.php?rest_route=\/wp\/v2\/pages\/139","targetHints":{"allow":["GET"]}}],"collection":[{"href":"https:\/\/wwwdevpackde-ori0bcunuh.live-website.com\/index.php?rest_route=\/wp\/v2\/pages"}],"about":[{"href":"https:\/\/wwwdevpackde-ori0bcunuh.live-website.com\/index.php?rest_route=\/wp\/v2\/types\/page"}],"author":[{"embeddable":true,"href":"https:\/\/wwwdevpackde-ori0bcunuh.live-website.com\/index.php?rest_route=\/wp\/v2\/users\/1"}],"replies":[{"embeddable":true,"href":"https:\/\/wwwdevpackde-ori0bcunuh.live-website.com\/index.php?rest_route=%2Fwp%2Fv2%2Fcomments&post=139"}],"version-history":[{"count":22,"href":"https:\/\/wwwdevpackde-ori0bcunuh.live-website.com\/index.php?rest_route=\/wp\/v2\/pages\/139\/revisions"}],"predecessor-version":[{"id":2348,"href":"https:\/\/wwwdevpackde-ori0bcunuh.live-website.com\/index.php?rest_route=\/wp\/v2\/pages\/139\/revisions\/2348"}],"wp:attachment":[{"href":"https:\/\/wwwdevpackde-ori0bcunuh.live-website.com\/index.php?rest_route=%2Fwp%2Fv2%2Fmedia&parent=139"}],"curies":[{"name":"wp","href":"https:\/\/api.w.org\/{rel}","templated":true}]}}