{"id":118,"date":"2024-08-02T08:38:31","date_gmt":"2024-08-02T08:38:31","guid":{"rendered":"https:\/\/wwwdevpackde-ori0bcunuh.live-website.com\/?page_id=118"},"modified":"2025-05-06T09:28:40","modified_gmt":"2025-05-06T09:28:40","slug":"plastikverpackungen","status":"publish","type":"page","link":"https:\/\/wwwdevpackde-ori0bcunuh.live-website.com\/?page_id=118","title":{"rendered":"Plastikverpackungen"},"content":{"rendered":"\n<p><\/p>\n\n\n\n<figure class=\"wp-block-table is-style-stripes\"><table class=\"has-fixed-layout\"><tbody><tr><td class=\"has-text-align-center\" data-align=\"center\"><img loading=\"lazy\" decoding=\"async\" width=\"150\" height=\"54\" class=\"wp-image-250\" style=\"width: 150px;\" src=\"https:\/\/wwwdevpackde-ori0bcunuh.live-website.com\/wp-content\/uploads\/2024\/08\/45.png\" alt=\"\" srcset=\"https:\/\/wwwdevpackde-ori0bcunuh.live-website.com\/wp-content\/uploads\/2024\/08\/45.png 4031w, https:\/\/wwwdevpackde-ori0bcunuh.live-website.com\/wp-content\/uploads\/2024\/08\/45-300x107.png 300w, https:\/\/wwwdevpackde-ori0bcunuh.live-website.com\/wp-content\/uploads\/2024\/08\/45-1024x366.png 1024w, https:\/\/wwwdevpackde-ori0bcunuh.live-website.com\/wp-content\/uploads\/2024\/08\/45-768x274.png 768w, https:\/\/wwwdevpackde-ori0bcunuh.live-website.com\/wp-content\/uploads\/2024\/08\/45-1536x548.png 1536w, https:\/\/wwwdevpackde-ori0bcunuh.live-website.com\/wp-content\/uploads\/2024\/08\/45-2048x731.png 2048w, https:\/\/wwwdevpackde-ori0bcunuh.live-website.com\/wp-content\/uploads\/2024\/08\/45-1200x428.png 1200w\" sizes=\"auto, (max-width: 150px) 100vw, 150px\" \/><br>Stretchfolie<br>(Art. Nr. 61)<\/td><td class=\"has-text-align-center\" data-align=\"center\"><img loading=\"lazy\" decoding=\"async\" width=\"150\" height=\"78\" class=\"wp-image-248\" style=\"width: 150px;\" src=\"https:\/\/wwwdevpackde-ori0bcunuh.live-website.com\/wp-content\/uploads\/2024\/08\/2024080213355353.png\" alt=\"\" srcset=\"https:\/\/wwwdevpackde-ori0bcunuh.live-website.com\/wp-content\/uploads\/2024\/08\/2024080213355353.png 4030w, https:\/\/wwwdevpackde-ori0bcunuh.live-website.com\/wp-content\/uploads\/2024\/08\/2024080213355353-300x156.png 300w, https:\/\/wwwdevpackde-ori0bcunuh.live-website.com\/wp-content\/uploads\/2024\/08\/2024080213355353-1024x534.png 1024w, https:\/\/wwwdevpackde-ori0bcunuh.live-website.com\/wp-content\/uploads\/2024\/08\/2024080213355353-768x401.png 768w, https:\/\/wwwdevpackde-ori0bcunuh.live-website.com\/wp-content\/uploads\/2024\/08\/2024080213355353-1536x801.png 1536w, https:\/\/wwwdevpackde-ori0bcunuh.live-website.com\/wp-content\/uploads\/2024\/08\/2024080213355353-2048x1068.png 2048w, https:\/\/wwwdevpackde-ori0bcunuh.live-website.com\/wp-content\/uploads\/2024\/08\/2024080213355353-1200x626.png 1200w\" sizes=\"auto, (max-width: 150px) 100vw, 150px\" \/><br>Frischhaltefolie 45cm<br>(Art. Nr. 63)<\/td><td class=\"has-text-align-center\" data-align=\"center\"><img loading=\"lazy\" decoding=\"async\" width=\"150\" height=\"66\" class=\"wp-image-249\" style=\"width: 150px;\" src=\"https:\/\/wwwdevpackde-ori0bcunuh.live-website.com\/wp-content\/uploads\/2024\/08\/30.png\" alt=\"\" srcset=\"https:\/\/wwwdevpackde-ori0bcunuh.live-website.com\/wp-content\/uploads\/2024\/08\/30.png 4030w, https:\/\/wwwdevpackde-ori0bcunuh.live-website.com\/wp-content\/uploads\/2024\/08\/30-300x131.png 300w, https:\/\/wwwdevpackde-ori0bcunuh.live-website.com\/wp-content\/uploads\/2024\/08\/30-1024x448.png 1024w, https:\/\/wwwdevpackde-ori0bcunuh.live-website.com\/wp-content\/uploads\/2024\/08\/30-768x336.png 768w, https:\/\/wwwdevpackde-ori0bcunuh.live-website.com\/wp-content\/uploads\/2024\/08\/30-1536x672.png 1536w, https:\/\/wwwdevpackde-ori0bcunuh.live-website.com\/wp-content\/uploads\/2024\/08\/30-2048x896.png 2048w, https:\/\/wwwdevpackde-ori0bcunuh.live-website.com\/wp-content\/uploads\/2024\/08\/30-1200x525.png 1200w\" sizes=\"auto, (max-width: 150px) 100vw, 150px\" \/><br>Frischhaltefolie 30cm<br>(Art. Nr. 62)<\/td><td class=\"has-text-align-center\" data-align=\"center\"><img loading=\"lazy\" decoding=\"async\" width=\"120\" height=\"102\" class=\"wp-image-271\" style=\"width: 120px;\" src=\"https:\/\/wwwdevpackde-ori0bcunuh.live-website.com\/wp-content\/uploads\/2024\/08\/2024080214354101.png\" alt=\"\" srcset=\"https:\/\/wwwdevpackde-ori0bcunuh.live-website.com\/wp-content\/uploads\/2024\/08\/2024080214354101.png 2267w, https:\/\/wwwdevpackde-ori0bcunuh.live-website.com\/wp-content\/uploads\/2024\/08\/2024080214354101-300x254.png 300w, https:\/\/wwwdevpackde-ori0bcunuh.live-website.com\/wp-content\/uploads\/2024\/08\/2024080214354101-1024x867.png 1024w, https:\/\/wwwdevpackde-ori0bcunuh.live-website.com\/wp-content\/uploads\/2024\/08\/2024080214354101-768x650.png 768w, https:\/\/wwwdevpackde-ori0bcunuh.live-website.com\/wp-content\/uploads\/2024\/08\/2024080214354101-1536x1301.png 1536w, https:\/\/wwwdevpackde-ori0bcunuh.live-website.com\/wp-content\/uploads\/2024\/08\/2024080214354101-2048x1735.png 2048w, https:\/\/wwwdevpackde-ori0bcunuh.live-website.com\/wp-content\/uploads\/2024\/08\/2024080214354101-1200x1016.png 1200w\" sizes=\"auto, (max-width: 120px) 100vw, 120px\" \/><br>Deckel f\u00fcr US-Coffee Becher 0,2l<br>(Art. Nr. 196)<br><\/td><\/tr><tr><td class=\"has-text-align-center\" data-align=\"center\"><img decoding=\"async\" style=\"width: 120px;\" src=\"https:\/\/wwwdevpackde-ori0bcunuh.live-website.com\/wp-content\/uploads\/2024\/08\/2024080214354101.png\" alt=\"\"><br>Deckel f\u00fcr US-Coffee Becher 0,3l<br>(Art. Nr. 193)<\/td><td class=\"has-text-align-center\" data-align=\"center\"><img decoding=\"async\" src=\"https:\/\/wwwdevpackde-ori0bcunuh.live-website.com\/wp-content\/uploads\/2024\/08\/2024080712595395.png\" alt=\"\" style=\"width: 80px;\"><br>Trinkbecher wei\u00df 0,2l<br>(Art. Nr. 191)<\/td><td class=\"has-text-align-center\" data-align=\"center\"><img decoding=\"async\" src=\"https:\/\/wwwdevpackde-ori0bcunuh.live-website.com\/wp-content\/uploads\/2024\/08\/2024080713123415.png\" alt=\"\" style=\"width: 150px;\"><br>Smoothiebecher 0,2l<br>(Art. Nr. 881)<\/td><td class=\"has-text-align-center\" data-align=\"center\"><img decoding=\"async\" src=\"https:\/\/wwwdevpackde-ori0bcunuh.live-website.com\/wp-content\/uploads\/2024\/08\/2024080213523146.png\" alt=\"\" style=\"width: 130px;\"><br>Smoothiebecher 0,3l<br>(Art. Nr. 882)<\/td><\/tr><tr><td class=\"has-text-align-center\" data-align=\"center\"><img decoding=\"async\" src=\"https:\/\/wwwdevpackde-ori0bcunuh.live-website.com\/wp-content\/uploads\/2024\/08\/2024080213523146.png\" alt=\"\" style=\"width: 130px;\"><br>Smoothiebecher 0,4l<br>(Art. Nr. 883)<\/td><td class=\"has-text-align-center\" data-align=\"center\"><img decoding=\"async\" src=\"https:\/\/wwwdevpackde-ori0bcunuh.live-website.com\/wp-content\/uploads\/2024\/08\/2024080214011820.png\" alt=\"\" style=\"width: 150px;\"><br>Deckel f\u00fcr Smoothiebecher ohne Loch<br>(Art. Nr. 884)<\/td><td class=\"has-text-align-center\" data-align=\"center\"><img decoding=\"async\" src=\"https:\/\/wwwdevpackde-ori0bcunuh.live-website.com\/wp-content\/uploads\/2024\/08\/2024080214001422.png\" alt=\"\" style=\"width: 150px;\"><br>Deckel f\u00fcr Smoothiebecher mit Loch<br>(Art. Nr. 885)<\/td><td class=\"has-text-align-center\" data-align=\"center\"><img decoding=\"async\" src=\"https:\/\/wwwdevpackde-ori0bcunuh.live-website.com\/wp-content\/uploads\/2024\/08\/2024080213523146.png\" alt=\"\" style=\"width: 130px;\"><br>Bierbecher 0,4l<br>(Art. Nr. 525)<\/td><\/tr><tr><td class=\"has-text-align-center\" data-align=\"center\"><br><img decoding=\"async\" src=\"https:\/\/wwwdevpackde-ori0bcunuh.live-website.com\/wp-content\/uploads\/2024\/08\/2024080213113484.png\" alt=\"\" style=\"width: 150px;\"><br><br><br>Plastikgabel<br>(Art. Nr. 141)<\/td><td class=\"has-text-align-center\" data-align=\"center\"><img decoding=\"async\" src=\"https:\/\/wwwdevpackde-ori0bcunuh.live-website.com\/wp-content\/uploads\/2024\/08\/2024080213083762.png\" alt=\"\" style=\"width: 150px;\"><br><br><br>Plastikmesser<br>(Art. Nr. 142)<\/td><td class=\"has-text-align-center\" data-align=\"center\"><img decoding=\"async\" src=\"https:\/\/wwwdevpackde-ori0bcunuh.live-website.com\/wp-content\/uploads\/2024\/08\/2024080213184067.png\" alt=\"\" style=\"width: 150px;\"><br><br><br>Plastikl\u00f6ffel<br>(Art. Nr. 143)<\/td><td class=\"has-text-align-center\" data-align=\"center\"><img decoding=\"async\" src=\"https:\/\/wwwdevpackde-ori0bcunuh.live-website.com\/wp-content\/uploads\/2024\/08\/2024080214140486.png\" alt=\"\" style=\"width: 150px;\"><br>Salatschale B2<br>(Art. Nr. 160)<\/td><\/tr><tr><td class=\"has-text-align-center\" data-align=\"center\"><img decoding=\"async\" src=\"https:\/\/wwwdevpackde-ori0bcunuh.live-website.com\/wp-content\/uploads\/2024\/08\/2024080214224928.png\" alt=\"\" style=\"width: 150px;\"><br>Deckel f\u00fcr Salatschale B2<br>(Art. Nr. 860)<\/td><td class=\"has-text-align-center\" data-align=\"center\"><img decoding=\"async\" src=\"https:\/\/wwwdevpackde-ori0bcunuh.live-website.com\/wp-content\/uploads\/2024\/08\/2024080214140486.png\" alt=\"\" style=\"width: 150px;\"><br>Salatschale B3<br>(Art. Nr. 161)<\/td><td class=\"has-text-align-center\" data-align=\"center\"><img decoding=\"async\" src=\"https:\/\/wwwdevpackde-ori0bcunuh.live-website.com\/wp-content\/uploads\/2024\/08\/2024080214224928.png\" alt=\"\" style=\"width: 150px;\"><br>Deckel f\u00fcr Salatschale B3<br>(Art. Nr. 859)<\/td><td class=\"has-text-align-center\" data-align=\"center\"><img decoding=\"async\" src=\"https:\/\/wwwdevpackde-ori0bcunuh.live-website.com\/wp-content\/uploads\/2024\/08\/2024080713504477.png\" alt=\"\" style=\"width: 150px;\"><br>Salatschale 610ml + Deckel (lose)<br>(Art. Nr. 159)<\/td><\/tr><tr><td class=\"has-text-align-center\" data-align=\"center\"><img decoding=\"async\" src=\"https:\/\/wwwdevpackde-ori0bcunuh.live-website.com\/wp-content\/uploads\/2024\/08\/2024080214510459.png\" alt=\"\" style=\"width: 95px;\"><br>Dinnerbox<br>3-geteilt<br>(Art. Nr. 42)<\/td><td class=\"has-text-align-center\" data-align=\"center\"><img decoding=\"async\" src=\"https:\/\/wwwdevpackde-ori0bcunuh.live-website.com\/wp-content\/uploads\/2024\/08\/2024080214451707.png\" alt=\"\" style=\"width: 130px;\"><br>Men\u00fcbox ungeteilt<br>(Art. Nr. 88)<\/td><td class=\"has-text-align-center\" data-align=\"center\"><img decoding=\"async\" src=\"https:\/\/wwwdevpackde-ori0bcunuh.live-website.com\/wp-content\/uploads\/2024\/08\/2024080214462469.png\" alt=\"\" style=\"width: 130px;\"><br>Men\u00fcbox<br>2-geteilt<br>(Art. Nr. 89)<\/td><td class=\"has-text-align-center\" data-align=\"center\"><img decoding=\"async\" src=\"https:\/\/wwwdevpackde-ori0bcunuh.live-website.com\/wp-content\/uploads\/2024\/08\/2024080214474971.png\" alt=\"\" style=\"width: 130px;\"><br>Men\u00fcbox<br>3-geteilt<br>(Art. Nr. 90)<\/td><\/tr><tr><td class=\"has-text-align-center\" data-align=\"center\"><img decoding=\"async\" src=\"https:\/\/wwwdevpackde-ori0bcunuh.live-website.com\/wp-content\/uploads\/2024\/08\/2024080215031097.png\" alt=\"\" style=\"width: 115px;\"><br>Hamburgerbox IP6 (gro\u00df)<br>(Art. Nr. 330)<\/td><td class=\"has-text-align-center\" data-align=\"center\"><img decoding=\"async\" src=\"https:\/\/wwwdevpackde-ori0bcunuh.live-website.com\/wp-content\/uploads\/2024\/08\/2024080215102815.png\" alt=\"\" style=\"width: 115px;\"><br>Hamburgerbox IP6 XL<br>(Art. Nr. 508)<\/td><td class=\"has-text-align-center\" data-align=\"center\"><img decoding=\"async\" src=\"https:\/\/wwwdevpackde-ori0bcunuh.live-website.com\/wp-content\/uploads\/2024\/08\/2024080215065284.png\" alt=\"\" style=\"width: 115px;\"><br>Hamburgerbox IP7 (klein)<br>(Art. Nr. 72)<\/td><td class=\"has-text-align-center\" data-align=\"center\"><img decoding=\"async\" src=\"https:\/\/wwwdevpackde-ori0bcunuh.live-website.com\/wp-content\/uploads\/2024\/08\/2024080215163426.png\" alt=\"\" style=\"width: 140px;\"><br>Lunchbox mini<br>IP9<br>(Art. Nr. 183)<\/td><\/tr><tr><td class=\"has-text-align-center\" data-align=\"center\"><img decoding=\"async\" src=\"https:\/\/wwwdevpackde-ori0bcunuh.live-website.com\/wp-content\/uploads\/2024\/08\/2024080215203123.png\" alt=\"\" style=\"width: 140px;\"><br>Allzweckbox<br>IP10<br>(Art. Nr. 184)<\/td><td class=\"has-text-align-center\" data-align=\"center\"><img decoding=\"async\" src=\"https:\/\/wwwdevpackde-ori0bcunuh.live-website.com\/wp-content\/uploads\/2024\/08\/2024080215401013.png\" alt=\"\" style=\"width: 140px;\"><br>Thermobecher 350ml<br>(Art. Nr. 751)<\/td><td class=\"has-text-align-center\" data-align=\"center\"><img decoding=\"async\" src=\"https:\/\/wwwdevpackde-ori0bcunuh.live-website.com\/wp-content\/uploads\/2024\/08\/2024080215415385.png\" alt=\"\" style=\"width: 140px;\"><br>Thermobecher 500ml<br>(Art. Nr. 750)<\/td><td class=\"has-text-align-center\" data-align=\"center\"><img decoding=\"async\" src=\"https:\/\/wwwdevpackde-ori0bcunuh.live-website.com\/wp-content\/uploads\/2024\/08\/2024080215425104.png\" alt=\"\" style=\"width: 140px;\"><br>Deckel f\u00fcr Thermobecher<br>(Art. Nr. 752)<\/td><\/tr><tr><td class=\"has-text-align-center\" data-align=\"center\"><img decoding=\"async\" src=\"https:\/\/wwwdevpackde-ori0bcunuh.live-website.com\/wp-content\/uploads\/2024\/08\/2024080714385418.png\" alt=\"\" style=\"width: 100px;\"><br>Hemdtragetasche (D\u00f6nerdruck)<br>(Art. Nr. 670)<\/td><td class=\"has-text-align-center\" data-align=\"center\"><img decoding=\"async\" src=\"https:\/\/wwwdevpackde-ori0bcunuh.live-website.com\/wp-content\/uploads\/2024\/08\/2024080714400346-e1723035539906.png\" alt=\"\" style=\"width: 150px;\"><br>Knotenbeutel<br>(Art. Nr. 186)<\/td><td class=\"has-text-align-center\" data-align=\"center\"><img decoding=\"async\" src=\"https:\/\/wwwdevpackde-ori0bcunuh.live-website.com\/wp-content\/uploads\/2024\/08\/2024080714403923.png\" alt=\"\" style=\"width: 85px;\"><br>Tragetasche 45<br>(Art. Nr. 185)<\/td><td class=\"has-text-align-center\" data-align=\"center\"><img decoding=\"async\" src=\"https:\/\/wwwdevpackde-ori0bcunuh.live-website.com\/wp-content\/uploads\/2024\/08\/2024080714403923.png\" alt=\"\" style=\"width: 85px;\"><br>Tragetasche 48<br>(Art. Nr. 188)<\/td><\/tr><tr><td class=\"has-text-align-center\" data-align=\"center\"><img decoding=\"async\" src=\"https:\/\/wwwdevpackde-ori0bcunuh.live-website.com\/wp-content\/uploads\/2024\/08\/2024080714403923.png\" alt=\"\" style=\"width: 85px;\"><br>Tragetasche 52<br>(Art. Nr. 190)<\/td><td class=\"has-text-align-center\" data-align=\"center\"><img decoding=\"async\" src=\"https:\/\/wwwdevpackde-ori0bcunuh.live-website.com\/wp-content\/uploads\/2024\/08\/2024080714403923.png\" alt=\"\" style=\"width: 85px;\"><br>Tragetasche 55<br>(Art. Nr. 229)<\/td><td class=\"has-text-align-center\" data-align=\"center\"><img decoding=\"async\" src=\"https:\/\/wwwdevpackde-ori0bcunuh.live-website.com\/wp-content\/uploads\/2024\/08\/2024080714403923.png\" alt=\"\" style=\"width: 85px;\"><br>Tragetasche 60<br>(Art. Nr. 122)<\/td><td class=\"has-text-align-center\" data-align=\"center\"><img decoding=\"async\" src=\"https:\/\/wwwdevpackde-ori0bcunuh.live-website.com\/wp-content\/uploads\/2024\/08\/2024080714432848.png\" alt=\"\" style=\"width: 100px;\"><br>Multibox 500ml<br>(Art. Nr. 648)<\/td><\/tr><tr><td class=\"has-text-align-center\" data-align=\"center\"><img decoding=\"async\" src=\"https:\/\/wwwdevpackde-ori0bcunuh.live-website.com\/wp-content\/uploads\/2024\/08\/2024080714432848.png\" alt=\"\" style=\"width: 100px;\"><br>Multibox 750ml<br>(Art. Nr. 650)<\/td><td class=\"has-text-align-center\" data-align=\"center\"><img decoding=\"async\" src=\"https:\/\/wwwdevpackde-ori0bcunuh.live-website.com\/wp-content\/uploads\/2024\/08\/2024080714432848.png\" alt=\"\" style=\"width: 100px;\"><br>Multibox 1000ml<br>(Art. Nr. 649)<\/td><td class=\"has-text-align-center\" data-align=\"center\"><img decoding=\"async\" src=\"https:\/\/wwwdevpackde-ori0bcunuh.live-website.com\/wp-content\/uploads\/2024\/08\/2024080714181930.png\" alt=\"\" style=\"width: 150px;\"><br>Haushaltsbox 375ml<br>(Art. Nr. 443)<\/td><td class=\"has-text-align-center\" data-align=\"center\"><img decoding=\"async\" src=\"https:\/\/wwwdevpackde-ori0bcunuh.live-website.com\/wp-content\/uploads\/2024\/08\/2024080714181930.png\" alt=\"\" style=\"width: 150px;\"><br>Haushaltsbox 750ml<br>(Art. Nr. 76)<\/td><\/tr><tr><td class=\"has-text-align-center\" data-align=\"center\"><img decoding=\"async\" src=\"https:\/\/wwwdevpackde-ori0bcunuh.live-website.com\/wp-content\/uploads\/2024\/08\/2024080714312424.png\" alt=\"\" style=\"width: 150px;\"><br>Deckel f\u00fcr Salatteller 550cc<br>(Art. Nr. &#8212;)<\/td><td class=\"has-text-align-center\" data-align=\"center\"><img decoding=\"async\" src=\"https:\/\/wwwdevpackde-ori0bcunuh.live-website.com\/wp-content\/uploads\/2024\/08\/2024080714312424.png\" alt=\"\" style=\"width: 150px;\"><br>Deckel f\u00fcr Salatteller 750cc<br>(Art. Nr. &#8212;)<\/td><td class=\"has-text-align-center\" data-align=\"center\"><img decoding=\"async\" src=\"https:\/\/wwwdevpackde-ori0bcunuh.live-website.com\/wp-content\/uploads\/2024\/08\/2024080714312424.png\" alt=\"\" style=\"width: 150px;\"><br>Deckel f\u00fcr Salatteller 1250cc<br>(Art. Nr. &#8212;)<\/td><td class=\"has-text-align-center\" data-align=\"center\"><img decoding=\"async\" src=\"https:\/\/wwwdevpackde-ori0bcunuh.live-website.com\/wp-content\/uploads\/2024\/08\/2024080715204194.png\" alt=\"\" style=\"width: 150px;\"><br>Feinkostbecher 30ml<br>(Art. Nr. 54)<\/td><\/tr><tr><td class=\"has-text-align-center\" data-align=\"center\"><img decoding=\"async\" src=\"https:\/\/wwwdevpackde-ori0bcunuh.live-website.com\/wp-content\/uploads\/2024\/08\/2024080715204194.png\" alt=\"\" style=\"width: 150px;\"><br>Feinkostbecher 50ml<br>(Art. Nr. 302)<\/td><td class=\"has-text-align-center\" data-align=\"center\"><img decoding=\"async\" src=\"https:\/\/wwwdevpackde-ori0bcunuh.live-website.com\/wp-content\/uploads\/2024\/08\/2024080715204194.png\" alt=\"\" style=\"width: 150px;\"><br>Feinkostbecher 80ml<br>(Art. Nr. 303)<\/td><td class=\"has-text-align-center\" data-align=\"center\"><img decoding=\"async\" src=\"https:\/\/wwwdevpackde-ori0bcunuh.live-website.com\/wp-content\/uploads\/2024\/08\/2024080715204194.png\" alt=\"\" style=\"width: 150px;\"><br>Feinkostbecher 125ml<br>(Art. Nr. 55)<\/td><td class=\"has-text-align-center\" data-align=\"center\"><img decoding=\"async\" src=\"https:\/\/wwwdevpackde-ori0bcunuh.live-website.com\/wp-content\/uploads\/2024\/08\/2024080715204194.png\" alt=\"\" style=\"width: 150px;\"><br>Feinkostbecher<br>200ml<br>(Art. Nr. 245)<\/td><\/tr><tr><td class=\"has-text-align-center\" data-align=\"center\"><img decoding=\"async\" src=\"https:\/\/wwwdevpackde-ori0bcunuh.live-website.com\/wp-content\/uploads\/2024\/08\/2024080715204194.png\" alt=\"\" style=\"width: 150px;\"><br>Feinkostbecher 250ml<br>(Art. Nr. 56)<\/td><td class=\"has-text-align-center\" data-align=\"center\"><img loading=\"lazy\" decoding=\"async\" width=\"140\" height=\"115\" class=\"wp-image-340\" style=\"width: 140px;\" src=\"https:\/\/wwwdevpackde-ori0bcunuh.live-website.com\/wp-content\/uploads\/2024\/08\/2024080715262008.png\" alt=\"\" srcset=\"https:\/\/wwwdevpackde-ori0bcunuh.live-website.com\/wp-content\/uploads\/2024\/08\/2024080715262008.png 1315w, https:\/\/wwwdevpackde-ori0bcunuh.live-website.com\/wp-content\/uploads\/2024\/08\/2024080715262008-300x246.png 300w, https:\/\/wwwdevpackde-ori0bcunuh.live-website.com\/wp-content\/uploads\/2024\/08\/2024080715262008-1024x839.png 1024w, https:\/\/wwwdevpackde-ori0bcunuh.live-website.com\/wp-content\/uploads\/2024\/08\/2024080715262008-768x629.png 768w, https:\/\/wwwdevpackde-ori0bcunuh.live-website.com\/wp-content\/uploads\/2024\/08\/2024080715262008-1200x983.png 1200w\" sizes=\"auto, (max-width: 140px) 100vw, 140px\" \/><br>Men\u00fcteller ungeteilt<br>(Art. Nr. 91)<\/td><td class=\"has-text-align-center\" data-align=\"center\"><img loading=\"lazy\" decoding=\"async\" width=\"150\" height=\"118\" class=\"wp-image-339\" style=\"width: 150px;\" src=\"https:\/\/wwwdevpackde-ori0bcunuh.live-website.com\/wp-content\/uploads\/2024\/08\/2024080715264580.png\" alt=\"\" srcset=\"https:\/\/wwwdevpackde-ori0bcunuh.live-website.com\/wp-content\/uploads\/2024\/08\/2024080715264580.png 1368w, https:\/\/wwwdevpackde-ori0bcunuh.live-website.com\/wp-content\/uploads\/2024\/08\/2024080715264580-300x237.png 300w, https:\/\/wwwdevpackde-ori0bcunuh.live-website.com\/wp-content\/uploads\/2024\/08\/2024080715264580-1024x808.png 1024w, https:\/\/wwwdevpackde-ori0bcunuh.live-website.com\/wp-content\/uploads\/2024\/08\/2024080715264580-768x606.png 768w, https:\/\/wwwdevpackde-ori0bcunuh.live-website.com\/wp-content\/uploads\/2024\/08\/2024080715264580-1200x947.png 1200w\" sizes=\"auto, (max-width: 150px) 100vw, 150px\" \/><br>Men\u00fcteller <br>2-geteilt <br>(Art. Nr. 92)<\/td><td class=\"has-text-align-center\" data-align=\"center\"><img loading=\"lazy\" decoding=\"async\" width=\"150\" height=\"112\" class=\"wp-image-338\" style=\"width: 150px;\" src=\"https:\/\/wwwdevpackde-ori0bcunuh.live-website.com\/wp-content\/uploads\/2024\/08\/2024080715263363.png\" alt=\"\" srcset=\"https:\/\/wwwdevpackde-ori0bcunuh.live-website.com\/wp-content\/uploads\/2024\/08\/2024080715263363.png 1442w, https:\/\/wwwdevpackde-ori0bcunuh.live-website.com\/wp-content\/uploads\/2024\/08\/2024080715263363-300x225.png 300w, https:\/\/wwwdevpackde-ori0bcunuh.live-website.com\/wp-content\/uploads\/2024\/08\/2024080715263363-1024x767.png 1024w, https:\/\/wwwdevpackde-ori0bcunuh.live-website.com\/wp-content\/uploads\/2024\/08\/2024080715263363-768x575.png 768w, https:\/\/wwwdevpackde-ori0bcunuh.live-website.com\/wp-content\/uploads\/2024\/08\/2024080715263363-1200x899.png 1200w\" sizes=\"auto, (max-width: 150px) 100vw, 150px\" \/><br>Men\u00fcteller <br>3-geteilt <br>(Art. Nr. 93)<\/td><\/tr><\/tbody><\/table><\/figure>\n\n\n\n<p><\/p>\n","protected":false},"excerpt":{"rendered":"<p>Stretchfolie(Art. Nr. 61) Frischhaltefolie 45cm(Art. Nr. 63) Frischhaltefolie 30cm(Art. Nr. 62) Deckel f\u00fcr US-Coffee Becher 0,2l(Art. Nr. 196) Deckel f\u00fcr US-Coffee Becher 0,3l(Art. Nr. 193) Trinkbecher wei\u00df 0,2l(Art. Nr. 191) Smoothiebecher 0,2l(Art. Nr. 881) Smoothiebecher 0,3l(Art. Nr. 882) Smoothiebecher 0,4l(Art. Nr. 883) Deckel f\u00fcr Smoothiebecher ohne Loch(Art. Nr. 884) Deckel f\u00fcr Smoothiebecher mit Loch(Art. Nr. [&hellip;]<\/p>\n","protected":false},"author":1,"featured_media":0,"parent":0,"menu_order":0,"comment_status":"closed","ping_status":"closed","template":"","meta":{"footnotes":""},"class_list":["post-118","page","type-page","status-publish","hentry"],"_links":{"self":[{"href":"https:\/\/wwwdevpackde-ori0bcunuh.live-website.com\/index.php?rest_route=\/wp\/v2\/pages\/118","targetHints":{"allow":["GET"]}}],"collection":[{"href":"https:\/\/wwwdevpackde-ori0bcunuh.live-website.com\/index.php?rest_route=\/wp\/v2\/pages"}],"about":[{"href":"https:\/\/wwwdevpackde-ori0bcunuh.live-website.com\/index.php?rest_route=\/wp\/v2\/types\/page"}],"author":[{"embeddable":true,"href":"https:\/\/wwwdevpackde-ori0bcunuh.live-website.com\/index.php?rest_route=\/wp\/v2\/users\/1"}],"replies":[{"embeddable":true,"href":"https:\/\/wwwdevpackde-ori0bcunuh.live-website.com\/index.php?rest_route=%2Fwp%2Fv2%2Fcomments&post=118"}],"version-history":[{"count":39,"href":"https:\/\/wwwdevpackde-ori0bcunuh.live-website.com\/index.php?rest_route=\/wp\/v2\/pages\/118\/revisions"}],"predecessor-version":[{"id":2342,"href":"https:\/\/wwwdevpackde-ori0bcunuh.live-website.com\/index.php?rest_route=\/wp\/v2\/pages\/118\/revisions\/2342"}],"wp:attachment":[{"href":"https:\/\/wwwdevpackde-ori0bcunuh.live-website.com\/index.php?rest_route=%2Fwp%2Fv2%2Fmedia&parent=118"}],"curies":[{"name":"wp","href":"https:\/\/api.w.org\/{rel}","templated":true}]}}