{"id":1157,"date":"2024-09-11T11:18:52","date_gmt":"2024-09-11T11:18:52","guid":{"rendered":"https:\/\/wwwdevpackde-ori0bcunuh.live-website.com\/?page_id=1157"},"modified":"2025-06-02T10:49:28","modified_gmt":"2025-06-02T10:49:28","slug":"weitere-alkoholische-getraenke","status":"publish","type":"page","link":"https:\/\/wwwdevpackde-ori0bcunuh.live-website.com\/?page_id=1157","title":{"rendered":"weitere alkoholische Getr\u00e4nke"},"content":{"rendered":"\n<p>Rakis<\/p>\n\n\n\n<figure class=\"wp-block-table is-style-stripes\"><table class=\"has-fixed-layout\"><tbody><tr><td class=\"has-text-align-center\" data-align=\"center\"><img loading=\"lazy\" decoding=\"async\" width=\"40\" height=\"175\" class=\"wp-image-1121\" style=\"width: 40px;\" src=\"https:\/\/wwwdevpackde-ori0bcunuh.live-website.com\/wp-content\/uploads\/2024\/09\/2024091110293765.png\" alt=\"\" srcset=\"https:\/\/wwwdevpackde-ori0bcunuh.live-website.com\/wp-content\/uploads\/2024\/09\/2024091110293765.png 924w, https:\/\/wwwdevpackde-ori0bcunuh.live-website.com\/wp-content\/uploads\/2024\/09\/2024091110293765-69x300.png 69w, https:\/\/wwwdevpackde-ori0bcunuh.live-website.com\/wp-content\/uploads\/2024\/09\/2024091110293765-235x1024.png 235w, https:\/\/wwwdevpackde-ori0bcunuh.live-website.com\/wp-content\/uploads\/2024\/09\/2024091110293765-768x3350.png 768w, https:\/\/wwwdevpackde-ori0bcunuh.live-website.com\/wp-content\/uploads\/2024\/09\/2024091110293765-352x1536.png 352w, https:\/\/wwwdevpackde-ori0bcunuh.live-website.com\/wp-content\/uploads\/2024\/09\/2024091110293765-469x2048.png 469w\" sizes=\"auto, (max-width: 40px) 100vw, 40px\" \/><br>Efe Traditionell 70cl<br>(Art. Nr. 866)<\/td><td class=\"has-text-align-center\" data-align=\"center\"><img loading=\"lazy\" decoding=\"async\" width=\"40\" height=\"175\" class=\"wp-image-1119\" style=\"width: 40px;\" src=\"https:\/\/wwwdevpackde-ori0bcunuh.live-website.com\/wp-content\/uploads\/2024\/09\/2024091110283049.png\" alt=\"\" srcset=\"https:\/\/wwwdevpackde-ori0bcunuh.live-website.com\/wp-content\/uploads\/2024\/09\/2024091110283049.png 922w, https:\/\/wwwdevpackde-ori0bcunuh.live-website.com\/wp-content\/uploads\/2024\/09\/2024091110283049-69x300.png 69w, https:\/\/wwwdevpackde-ori0bcunuh.live-website.com\/wp-content\/uploads\/2024\/09\/2024091110283049-234x1024.png 234w, https:\/\/wwwdevpackde-ori0bcunuh.live-website.com\/wp-content\/uploads\/2024\/09\/2024091110283049-768x3358.png 768w, https:\/\/wwwdevpackde-ori0bcunuh.live-website.com\/wp-content\/uploads\/2024\/09\/2024091110283049-351x1536.png 351w, https:\/\/wwwdevpackde-ori0bcunuh.live-website.com\/wp-content\/uploads\/2024\/09\/2024091110283049-468x2048.png 468w\" sizes=\"auto, (max-width: 40px) 100vw, 40px\" \/><br>Efe Fresh Grapes 70cl<br>(Art. Nr. 866)<\/td><td class=\"has-text-align-center\" data-align=\"center\"><img loading=\"lazy\" decoding=\"async\" width=\"40\" height=\"175\" class=\"wp-image-1119\" style=\"width: 40px;\" src=\"https:\/\/wwwdevpackde-ori0bcunuh.live-website.com\/wp-content\/uploads\/2024\/09\/2024091110283049.png\" alt=\"\" srcset=\"https:\/\/wwwdevpackde-ori0bcunuh.live-website.com\/wp-content\/uploads\/2024\/09\/2024091110283049.png 922w, https:\/\/wwwdevpackde-ori0bcunuh.live-website.com\/wp-content\/uploads\/2024\/09\/2024091110283049-69x300.png 69w, https:\/\/wwwdevpackde-ori0bcunuh.live-website.com\/wp-content\/uploads\/2024\/09\/2024091110283049-234x1024.png 234w, https:\/\/wwwdevpackde-ori0bcunuh.live-website.com\/wp-content\/uploads\/2024\/09\/2024091110283049-768x3358.png 768w, https:\/\/wwwdevpackde-ori0bcunuh.live-website.com\/wp-content\/uploads\/2024\/09\/2024091110283049-351x1536.png 351w, https:\/\/wwwdevpackde-ori0bcunuh.live-website.com\/wp-content\/uploads\/2024\/09\/2024091110283049-468x2048.png 468w\" sizes=\"auto, (max-width: 40px) 100vw, 40px\" \/><br>Efe Fresh Grapes 35cl<br>(Art. Nr. 685)<\/td><td class=\"has-text-align-center\" data-align=\"center\"><img loading=\"lazy\" decoding=\"async\" width=\"40\" height=\"171\" class=\"wp-image-1122\" style=\"width: 40px;\" src=\"https:\/\/wwwdevpackde-ori0bcunuh.live-website.com\/wp-content\/uploads\/2024\/09\/2024091110305479.png\" alt=\"\" srcset=\"https:\/\/wwwdevpackde-ori0bcunuh.live-website.com\/wp-content\/uploads\/2024\/09\/2024091110305479.png 942w, https:\/\/wwwdevpackde-ori0bcunuh.live-website.com\/wp-content\/uploads\/2024\/09\/2024091110305479-70x300.png 70w, https:\/\/wwwdevpackde-ori0bcunuh.live-website.com\/wp-content\/uploads\/2024\/09\/2024091110305479-239x1024.png 239w, https:\/\/wwwdevpackde-ori0bcunuh.live-website.com\/wp-content\/uploads\/2024\/09\/2024091110305479-768x3286.png 768w, https:\/\/wwwdevpackde-ori0bcunuh.live-website.com\/wp-content\/uploads\/2024\/09\/2024091110305479-359x1536.png 359w, https:\/\/wwwdevpackde-ori0bcunuh.live-website.com\/wp-content\/uploads\/2024\/09\/2024091110305479-479x2048.png 479w\" sizes=\"auto, (max-width: 40px) 100vw, 40px\" \/><br>Efe Raki Gold 70cl<br>(Art. Nr. 865)<\/td><\/tr><tr><td class=\"has-text-align-center\" data-align=\"center\"><img loading=\"lazy\" decoding=\"async\" width=\"40\" height=\"171\" class=\"wp-image-1122\" style=\"width: 40px;\" src=\"https:\/\/wwwdevpackde-ori0bcunuh.live-website.com\/wp-content\/uploads\/2024\/09\/2024091110305479.png\" alt=\"\" srcset=\"https:\/\/wwwdevpackde-ori0bcunuh.live-website.com\/wp-content\/uploads\/2024\/09\/2024091110305479.png 942w, https:\/\/wwwdevpackde-ori0bcunuh.live-website.com\/wp-content\/uploads\/2024\/09\/2024091110305479-70x300.png 70w, https:\/\/wwwdevpackde-ori0bcunuh.live-website.com\/wp-content\/uploads\/2024\/09\/2024091110305479-239x1024.png 239w, https:\/\/wwwdevpackde-ori0bcunuh.live-website.com\/wp-content\/uploads\/2024\/09\/2024091110305479-768x3286.png 768w, https:\/\/wwwdevpackde-ori0bcunuh.live-website.com\/wp-content\/uploads\/2024\/09\/2024091110305479-359x1536.png 359w, https:\/\/wwwdevpackde-ori0bcunuh.live-website.com\/wp-content\/uploads\/2024\/09\/2024091110305479-479x2048.png 479w\" sizes=\"auto, (max-width: 40px) 100vw, 40px\" \/><br>Efe Raki Gold 35cl<br>(Art. Nr. 684)<\/td><td class=\"has-text-align-center\" data-align=\"center\"><img loading=\"lazy\" decoding=\"async\" width=\"40\" height=\"177\" class=\"wp-image-1118\" style=\"width: 40px;\" src=\"https:\/\/wwwdevpackde-ori0bcunuh.live-website.com\/wp-content\/uploads\/2024\/09\/2024091110274174.png\" alt=\"\" srcset=\"https:\/\/wwwdevpackde-ori0bcunuh.live-website.com\/wp-content\/uploads\/2024\/09\/2024091110274174.png 891w, https:\/\/wwwdevpackde-ori0bcunuh.live-website.com\/wp-content\/uploads\/2024\/09\/2024091110274174-68x300.png 68w, https:\/\/wwwdevpackde-ori0bcunuh.live-website.com\/wp-content\/uploads\/2024\/09\/2024091110274174-232x1024.png 232w, https:\/\/wwwdevpackde-ori0bcunuh.live-website.com\/wp-content\/uploads\/2024\/09\/2024091110274174-768x3397.png 768w, https:\/\/wwwdevpackde-ori0bcunuh.live-website.com\/wp-content\/uploads\/2024\/09\/2024091110274174-347x1536.png 347w, https:\/\/wwwdevpackde-ori0bcunuh.live-website.com\/wp-content\/uploads\/2024\/09\/2024091110274174-463x2048.png 463w\" sizes=\"auto, (max-width: 40px) 100vw, 40px\" \/><br>Tekirda\u011f Gold Raki 70cl<br>(Art. Nr. )<\/td><td class=\"has-text-align-center\" data-align=\"center\"><img loading=\"lazy\" decoding=\"async\" width=\"40\" height=\"177\" class=\"wp-image-1118\" style=\"width: 40px;\" src=\"https:\/\/wwwdevpackde-ori0bcunuh.live-website.com\/wp-content\/uploads\/2024\/09\/2024091110274174.png\" alt=\"\" srcset=\"https:\/\/wwwdevpackde-ori0bcunuh.live-website.com\/wp-content\/uploads\/2024\/09\/2024091110274174.png 891w, https:\/\/wwwdevpackde-ori0bcunuh.live-website.com\/wp-content\/uploads\/2024\/09\/2024091110274174-68x300.png 68w, https:\/\/wwwdevpackde-ori0bcunuh.live-website.com\/wp-content\/uploads\/2024\/09\/2024091110274174-232x1024.png 232w, https:\/\/wwwdevpackde-ori0bcunuh.live-website.com\/wp-content\/uploads\/2024\/09\/2024091110274174-768x3397.png 768w, https:\/\/wwwdevpackde-ori0bcunuh.live-website.com\/wp-content\/uploads\/2024\/09\/2024091110274174-347x1536.png 347w, https:\/\/wwwdevpackde-ori0bcunuh.live-website.com\/wp-content\/uploads\/2024\/09\/2024091110274174-463x2048.png 463w\" sizes=\"auto, (max-width: 40px) 100vw, 40px\" \/><br>Tekirda\u011f Gold Raki 35cl<br>(Art. Nr. 735)<\/td><td class=\"has-text-align-center\" data-align=\"center\"><img loading=\"lazy\" decoding=\"async\" width=\"40\" height=\"177\" class=\"wp-image-1118\" style=\"width: 40px;\" src=\"https:\/\/wwwdevpackde-ori0bcunuh.live-website.com\/wp-content\/uploads\/2024\/09\/2024091110274174.png\" alt=\"\" srcset=\"https:\/\/wwwdevpackde-ori0bcunuh.live-website.com\/wp-content\/uploads\/2024\/09\/2024091110274174.png 891w, https:\/\/wwwdevpackde-ori0bcunuh.live-website.com\/wp-content\/uploads\/2024\/09\/2024091110274174-68x300.png 68w, https:\/\/wwwdevpackde-ori0bcunuh.live-website.com\/wp-content\/uploads\/2024\/09\/2024091110274174-232x1024.png 232w, https:\/\/wwwdevpackde-ori0bcunuh.live-website.com\/wp-content\/uploads\/2024\/09\/2024091110274174-768x3397.png 768w, https:\/\/wwwdevpackde-ori0bcunuh.live-website.com\/wp-content\/uploads\/2024\/09\/2024091110274174-347x1536.png 347w, https:\/\/wwwdevpackde-ori0bcunuh.live-website.com\/wp-content\/uploads\/2024\/09\/2024091110274174-463x2048.png 463w\" sizes=\"auto, (max-width: 40px) 100vw, 40px\" \/><br>Tekirda\u011f Gold Raki 20cl<br>(Art. Nr. 1055)<\/td><\/tr><tr><td class=\"has-text-align-center\" data-align=\"center\"><img loading=\"lazy\" decoding=\"async\" width=\"40\" height=\"166\" class=\"wp-image-1708\" style=\"width: 40px;\" src=\"https:\/\/wwwdevpackde-ori0bcunuh.live-website.com\/wp-content\/uploads\/2024\/11\/2024110811163418.png\" alt=\"\" srcset=\"https:\/\/wwwdevpackde-ori0bcunuh.live-website.com\/wp-content\/uploads\/2024\/11\/2024110811163418.png 942w, https:\/\/wwwdevpackde-ori0bcunuh.live-website.com\/wp-content\/uploads\/2024\/11\/2024110811163418-72x300.png 72w, https:\/\/wwwdevpackde-ori0bcunuh.live-website.com\/wp-content\/uploads\/2024\/11\/2024110811163418-247x1024.png 247w, https:\/\/wwwdevpackde-ori0bcunuh.live-website.com\/wp-content\/uploads\/2024\/11\/2024110811163418-768x3187.png 768w, https:\/\/wwwdevpackde-ori0bcunuh.live-website.com\/wp-content\/uploads\/2024\/11\/2024110811163418-370x1536.png 370w, https:\/\/wwwdevpackde-ori0bcunuh.live-website.com\/wp-content\/uploads\/2024\/11\/2024110811163418-494x2048.png 494w\" sizes=\"auto, (max-width: 40px) 100vw, 40px\" \/><br>Tekirda\u011f Raki 70cl<br>(Art. Nr. 1057)<\/td><td class=\"has-text-align-center\" data-align=\"center\"><img loading=\"lazy\" decoding=\"async\" width=\"40\" height=\"166\" class=\"wp-image-1708\" style=\"width: 40px;\" src=\"https:\/\/wwwdevpackde-ori0bcunuh.live-website.com\/wp-content\/uploads\/2024\/11\/2024110811163418.png\" alt=\"\" srcset=\"https:\/\/wwwdevpackde-ori0bcunuh.live-website.com\/wp-content\/uploads\/2024\/11\/2024110811163418.png 942w, https:\/\/wwwdevpackde-ori0bcunuh.live-website.com\/wp-content\/uploads\/2024\/11\/2024110811163418-72x300.png 72w, https:\/\/wwwdevpackde-ori0bcunuh.live-website.com\/wp-content\/uploads\/2024\/11\/2024110811163418-247x1024.png 247w, https:\/\/wwwdevpackde-ori0bcunuh.live-website.com\/wp-content\/uploads\/2024\/11\/2024110811163418-768x3187.png 768w, https:\/\/wwwdevpackde-ori0bcunuh.live-website.com\/wp-content\/uploads\/2024\/11\/2024110811163418-370x1536.png 370w, https:\/\/wwwdevpackde-ori0bcunuh.live-website.com\/wp-content\/uploads\/2024\/11\/2024110811163418-494x2048.png 494w\" sizes=\"auto, (max-width: 40px) 100vw, 40px\" \/><br>Tekirda\u011f Raki 35cl<br>(Art. Nr. 159)<\/td><td class=\"has-text-align-center\" data-align=\"center\"><img loading=\"lazy\" decoding=\"async\" width=\"40\" height=\"170\" class=\"wp-image-1120\" style=\"width: 40px;\" src=\"https:\/\/wwwdevpackde-ori0bcunuh.live-website.com\/wp-content\/uploads\/2024\/09\/2024091110291046.png\" alt=\"\" srcset=\"https:\/\/wwwdevpackde-ori0bcunuh.live-website.com\/wp-content\/uploads\/2024\/09\/2024091110291046.png 946w, https:\/\/wwwdevpackde-ori0bcunuh.live-website.com\/wp-content\/uploads\/2024\/09\/2024091110291046-70x300.png 70w, https:\/\/wwwdevpackde-ori0bcunuh.live-website.com\/wp-content\/uploads\/2024\/09\/2024091110291046-240x1024.png 240w, https:\/\/wwwdevpackde-ori0bcunuh.live-website.com\/wp-content\/uploads\/2024\/09\/2024091110291046-768x3273.png 768w, https:\/\/wwwdevpackde-ori0bcunuh.live-website.com\/wp-content\/uploads\/2024\/09\/2024091110291046-360x1536.png 360w, https:\/\/wwwdevpackde-ori0bcunuh.live-website.com\/wp-content\/uploads\/2024\/09\/2024091110291046-481x2048.png 481w\" sizes=\"auto, (max-width: 40px) 100vw, 40px\" \/><br>Yeni Raki 70cl<br>(Art. Nr. 734)<\/td><td class=\"has-text-align-center\" data-align=\"center\"><img decoding=\"async\" style=\"width: 40px;\" src=\"https:\/\/wwwdevpackde-ori0bcunuh.live-website.com\/wp-content\/uploads\/2024\/09\/2024091110291046.png\" alt=\"\"><br>Yeni Raki 35cl<br>(Art. Nr. 158)<\/td><\/tr><tr><td class=\"has-text-align-center\" data-align=\"center\"><img decoding=\"async\" style=\"width: 40px;\" src=\"https:\/\/wwwdevpackde-ori0bcunuh.live-website.com\/wp-content\/uploads\/2024\/09\/2024091110291046.png\" alt=\"\"><br>Yeni Raki 20cl<br>(Art. Nr. 1060)<\/td><td class=\"has-text-align-center\" data-align=\"center\"><\/td><td class=\"has-text-align-center\" data-align=\"center\"><\/td><td class=\"has-text-align-center\" data-align=\"center\"><\/td><\/tr><\/tbody><\/table><\/figure>\n\n\n\n<p>Bier<\/p>\n\n\n\n<figure class=\"wp-block-table is-style-stripes\"><table class=\"has-fixed-layout\"><tbody><tr><td class=\"has-text-align-center\" data-align=\"center\"><img loading=\"lazy\" decoding=\"async\" width=\"40\" height=\"167\" class=\"wp-image-1165\" style=\"width: 40px;\" src=\"https:\/\/wwwdevpackde-ori0bcunuh.live-website.com\/wp-content\/uploads\/2024\/09\/2024091111465462.png\" alt=\"\" srcset=\"https:\/\/wwwdevpackde-ori0bcunuh.live-website.com\/wp-content\/uploads\/2024\/09\/2024091111465462.png 964w, https:\/\/wwwdevpackde-ori0bcunuh.live-website.com\/wp-content\/uploads\/2024\/09\/2024091111465462-72x300.png 72w, https:\/\/wwwdevpackde-ori0bcunuh.live-website.com\/wp-content\/uploads\/2024\/09\/2024091111465462-245x1024.png 245w, https:\/\/wwwdevpackde-ori0bcunuh.live-website.com\/wp-content\/uploads\/2024\/09\/2024091111465462-768x3211.png 768w, https:\/\/wwwdevpackde-ori0bcunuh.live-website.com\/wp-content\/uploads\/2024\/09\/2024091111465462-367x1536.png 367w, https:\/\/wwwdevpackde-ori0bcunuh.live-website.com\/wp-content\/uploads\/2024\/09\/2024091111465462-490x2048.png 490w\" sizes=\"auto, (max-width: 40px) 100vw, 40px\" \/><br>Efes Pilsner 50cl<br>(Art. Nr. 498)<\/td><td><\/td><td><\/td><td><\/td><\/tr><\/tbody><\/table><\/figure>\n\n\n\n<p>Vodka<\/p>\n\n\n\n<figure class=\"wp-block-table is-style-stripes\"><table class=\"has-fixed-layout\"><tbody><tr><td class=\"has-text-align-center\" data-align=\"center\"><img loading=\"lazy\" decoding=\"async\" width=\"50\" height=\"146\" class=\"wp-image-2361\" style=\"width: 50px;\" src=\"https:\/\/wwwdevpackde-ori0bcunuh.live-website.com\/wp-content\/uploads\/2025\/06\/2025060212295522-scaled.png\" alt=\"\" srcset=\"https:\/\/wwwdevpackde-ori0bcunuh.live-website.com\/wp-content\/uploads\/2025\/06\/2025060212295522-scaled.png 875w, https:\/\/wwwdevpackde-ori0bcunuh.live-website.com\/wp-content\/uploads\/2025\/06\/2025060212295522-103x300.png 103w, https:\/\/wwwdevpackde-ori0bcunuh.live-website.com\/wp-content\/uploads\/2025\/06\/2025060212295522-350x1024.png 350w, https:\/\/wwwdevpackde-ori0bcunuh.live-website.com\/wp-content\/uploads\/2025\/06\/2025060212295522-768x2248.png 768w, https:\/\/wwwdevpackde-ori0bcunuh.live-website.com\/wp-content\/uploads\/2025\/06\/2025060212295522-525x1536.png 525w, https:\/\/wwwdevpackde-ori0bcunuh.live-website.com\/wp-content\/uploads\/2025\/06\/2025060212295522-700x2048.png 700w\" sizes=\"auto, (max-width: 50px) 100vw, 50px\" \/><br>Absolut Vodka 70cl<br>(Art. Nr. 617)<\/td><td><\/td><td><\/td><td><\/td><\/tr><\/tbody><\/table><\/figure>\n","protected":false},"excerpt":{"rendered":"<p>Rakis Efe Traditionell 70cl(Art. Nr. 866) Efe Fresh Grapes 70cl(Art. Nr. 866) Efe Fresh Grapes 35cl(Art. Nr. 685) Efe Raki Gold 70cl(Art. Nr. 865) Efe Raki Gold 35cl(Art. Nr. 684) Tekirda\u011f Gold Raki 70cl(Art. Nr. ) Tekirda\u011f Gold Raki 35cl(Art. Nr. 735) Tekirda\u011f Gold Raki 20cl(Art. Nr. 1055) Tekirda\u011f Raki 70cl(Art. Nr. 1057) Tekirda\u011f Raki [&hellip;]<\/p>\n","protected":false},"author":1,"featured_media":0,"parent":0,"menu_order":0,"comment_status":"closed","ping_status":"closed","template":"","meta":{"footnotes":""},"class_list":["post-1157","page","type-page","status-publish","hentry"],"_links":{"self":[{"href":"https:\/\/wwwdevpackde-ori0bcunuh.live-website.com\/index.php?rest_route=\/wp\/v2\/pages\/1157","targetHints":{"allow":["GET"]}}],"collection":[{"href":"https:\/\/wwwdevpackde-ori0bcunuh.live-website.com\/index.php?rest_route=\/wp\/v2\/pages"}],"about":[{"href":"https:\/\/wwwdevpackde-ori0bcunuh.live-website.com\/index.php?rest_route=\/wp\/v2\/types\/page"}],"author":[{"embeddable":true,"href":"https:\/\/wwwdevpackde-ori0bcunuh.live-website.com\/index.php?rest_route=\/wp\/v2\/users\/1"}],"replies":[{"embeddable":true,"href":"https:\/\/wwwdevpackde-ori0bcunuh.live-website.com\/index.php?rest_route=%2Fwp%2Fv2%2Fcomments&post=1157"}],"version-history":[{"count":12,"href":"https:\/\/wwwdevpackde-ori0bcunuh.live-website.com\/index.php?rest_route=\/wp\/v2\/pages\/1157\/revisions"}],"predecessor-version":[{"id":2362,"href":"https:\/\/wwwdevpackde-ori0bcunuh.live-website.com\/index.php?rest_route=\/wp\/v2\/pages\/1157\/revisions\/2362"}],"wp:attachment":[{"href":"https:\/\/wwwdevpackde-ori0bcunuh.live-website.com\/index.php?rest_route=%2Fwp%2Fv2%2Fmedia&parent=1157"}],"curies":[{"name":"wp","href":"https:\/\/api.w.org\/{rel}","templated":true}]}}