{"id":112,"date":"2024-08-02T08:34:44","date_gmt":"2024-08-02T08:34:44","guid":{"rendered":"https:\/\/wwwdevpackde-ori0bcunuh.live-website.com\/?page_id=112"},"modified":"2024-11-06T10:25:14","modified_gmt":"2024-11-06T10:25:14","slug":"putz-und-hygienemittel","status":"publish","type":"page","link":"https:\/\/wwwdevpackde-ori0bcunuh.live-website.com\/?page_id=112","title":{"rendered":"Putz- und Hygienemittel"},"content":{"rendered":"\n<figure class=\"wp-block-table is-style-stripes\" style=\"font-style:normal;font-weight:200\"><table class=\"has-fixed-layout\"><tbody><tr><td class=\"has-text-align-center\" data-align=\"center\"><img loading=\"lazy\" decoding=\"async\" width=\"130\" height=\"163\" class=\"wp-image-1248\" style=\"width: 130px;\" src=\"https:\/\/wwwdevpackde-ori0bcunuh.live-website.com\/wp-content\/uploads\/2024\/09\/2024091313080597.png\" alt=\"\" srcset=\"https:\/\/wwwdevpackde-ori0bcunuh.live-website.com\/wp-content\/uploads\/2024\/09\/2024091313080597.png 2268w, https:\/\/wwwdevpackde-ori0bcunuh.live-website.com\/wp-content\/uploads\/2024\/09\/2024091313080597-240x300.png 240w, https:\/\/wwwdevpackde-ori0bcunuh.live-website.com\/wp-content\/uploads\/2024\/09\/2024091313080597-819x1024.png 819w, https:\/\/wwwdevpackde-ori0bcunuh.live-website.com\/wp-content\/uploads\/2024\/09\/2024091313080597-768x961.png 768w, https:\/\/wwwdevpackde-ori0bcunuh.live-website.com\/wp-content\/uploads\/2024\/09\/2024091313080597-1228x1536.png 1228w, https:\/\/wwwdevpackde-ori0bcunuh.live-website.com\/wp-content\/uploads\/2024\/09\/2024091313080597-1637x2048.png 1637w, https:\/\/wwwdevpackde-ori0bcunuh.live-website.com\/wp-content\/uploads\/2024\/09\/2024091313080597-1200x1501.png 1200w\" sizes=\"auto, (max-width: 130px) 100vw, 130px\" \/><br>Sedac Geschirrreiniger 10l<br>(Art. Nr. 201)<\/td><td class=\"has-text-align-center\" data-align=\"center\"><img loading=\"lazy\" decoding=\"async\" width=\"130\" height=\"164\" class=\"wp-image-1252\" style=\"width: 130px;\" src=\"https:\/\/wwwdevpackde-ori0bcunuh.live-website.com\/wp-content\/uploads\/2024\/09\/2024091313152505.png\" alt=\"\" srcset=\"https:\/\/wwwdevpackde-ori0bcunuh.live-website.com\/wp-content\/uploads\/2024\/09\/2024091313152505.png 2268w, https:\/\/wwwdevpackde-ori0bcunuh.live-website.com\/wp-content\/uploads\/2024\/09\/2024091313152505-238x300.png 238w, https:\/\/wwwdevpackde-ori0bcunuh.live-website.com\/wp-content\/uploads\/2024\/09\/2024091313152505-814x1024.png 814w, https:\/\/wwwdevpackde-ori0bcunuh.live-website.com\/wp-content\/uploads\/2024\/09\/2024091313152505-768x966.png 768w, https:\/\/wwwdevpackde-ori0bcunuh.live-website.com\/wp-content\/uploads\/2024\/09\/2024091313152505-1221x1536.png 1221w, https:\/\/wwwdevpackde-ori0bcunuh.live-website.com\/wp-content\/uploads\/2024\/09\/2024091313152505-1628x2048.png 1628w, https:\/\/wwwdevpackde-ori0bcunuh.live-website.com\/wp-content\/uploads\/2024\/09\/2024091313152505-1200x1510.png 1200w\" sizes=\"auto, (max-width: 130px) 100vw, 130px\" \/><br>Sedac Fettl\u00f6ser 10l<br>(Art. Nr. 68)<br><br><\/td><td class=\"has-text-align-center\" data-align=\"center\"><img loading=\"lazy\" decoding=\"async\" width=\"57\" height=\"162\" class=\"wp-image-1256\" style=\"width: 57px;\" src=\"https:\/\/wwwdevpackde-ori0bcunuh.live-website.com\/wp-content\/uploads\/2024\/09\/2024091313191437.png\" alt=\"\" srcset=\"https:\/\/wwwdevpackde-ori0bcunuh.live-website.com\/wp-content\/uploads\/2024\/09\/2024091313191437.png 1420w, https:\/\/wwwdevpackde-ori0bcunuh.live-website.com\/wp-content\/uploads\/2024\/09\/2024091313191437-106x300.png 106w, https:\/\/wwwdevpackde-ori0bcunuh.live-website.com\/wp-content\/uploads\/2024\/09\/2024091313191437-361x1024.png 361w, https:\/\/wwwdevpackde-ori0bcunuh.live-website.com\/wp-content\/uploads\/2024\/09\/2024091313191437-768x2180.png 768w, https:\/\/wwwdevpackde-ori0bcunuh.live-website.com\/wp-content\/uploads\/2024\/09\/2024091313191437-541x1536.png 541w, https:\/\/wwwdevpackde-ori0bcunuh.live-website.com\/wp-content\/uploads\/2024\/09\/2024091313191437-721x2048.png 721w, https:\/\/wwwdevpackde-ori0bcunuh.live-website.com\/wp-content\/uploads\/2024\/09\/2024091313191437-1200x3406.png 1200w\" sizes=\"auto, (max-width: 57px) 100vw, 57px\" \/><br>Sedac Fettl\u00f6ser 1l<br>(Art. Nr. 449)<\/td><td class=\"has-text-align-center\" data-align=\"center\"><img decoding=\"async\" style=\"width: 130px;\" src=\"https:\/\/wwwdevpackde-ori0bcunuh.live-website.com\/wp-content\/uploads\/2024\/09\/2024091313154872.png\" alt=\"\"><br>Sedac Handsp\u00fclmittel (Green Lemon) 10l<br>(Art. Nr. 66)<\/td><\/tr><tr><td class=\"has-text-align-center\" data-align=\"center\"><img decoding=\"async\" src=\"https:\/\/wwwdevpackde-ori0bcunuh.live-website.com\/wp-content\/uploads\/2024\/09\/2024091313174368.png\" alt=\"\" style=\"width: 60px;\"><br>Sedac Handsp\u00fclmittel (Green Lemon) 1l<br>(Art. Nr. 397)<\/td><td class=\"has-text-align-center\" data-align=\"center\"><img decoding=\"async\" src=\"https:\/\/wwwdevpackde-ori0bcunuh.live-website.com\/wp-content\/uploads\/2024\/09\/2024091313101394.png\" alt=\"\" style=\"width: 136px;\"><br>Sedac Cremeseife 10l<br>(Art. Nr. 164)<\/td><td class=\"has-text-align-center\" data-align=\"center\"><img decoding=\"async\" src=\"https:\/\/wwwdevpackde-ori0bcunuh.live-website.com\/wp-content\/uploads\/2024\/09\/2024091313240959.png\" alt=\"\" style=\"width: 60px;\"><br>Sedac Cremeseife 0,5l<br>(Art. Nr. 315)<\/td><td class=\"has-text-align-center\" data-align=\"center\"><img decoding=\"async\" src=\"https:\/\/wwwdevpackde-ori0bcunuh.live-website.com\/wp-content\/uploads\/2024\/09\/2024091313125354.png\" alt=\"\" style=\"width: 130px;\"><br>Sedac Allzweckreiniger 10l<br>(Art. Nr. 316)<\/td><\/tr><tr><td class=\"has-text-align-center\" data-align=\"center\"><img decoding=\"async\" src=\"https:\/\/wwwdevpackde-ori0bcunuh.live-website.com\/wp-content\/uploads\/2024\/09\/2024091313141438.png\" alt=\"\" style=\"width: 130px;\"><br>Sedac Glasreiniger 10l (Art. Nr. 399)<\/td><td class=\"has-text-align-center\" data-align=\"center\"><br><img decoding=\"async\" src=\"https:\/\/wwwdevpackde-ori0bcunuh.live-website.com\/wp-content\/uploads\/2024\/09\/2024091313200152.png\" alt=\"\" style=\"width: 60px;\"><br>ACE Chlorreiniger 2l<br>(Art. Nr. 864)<\/td><td class=\"has-text-align-center\" data-align=\"center\"><img decoding=\"async\" src=\"https:\/\/wwwdevpackde-ori0bcunuh.live-website.com\/wp-content\/uploads\/2024\/09\/2024091313252852.png\" alt=\"\" style=\"width: 70px;\"><br>W5 Abwaschmittel 0,5l<br>(Art. Nr. &#8212;)<\/td><td class=\"has-text-align-center\" data-align=\"center\"><img decoding=\"async\" src=\"https:\/\/wwwdevpackde-ori0bcunuh.live-website.com\/wp-content\/uploads\/2024\/09\/2024091313250421.png\" alt=\"\" style=\"width: 50px;\"><br>Colonya 300ml<br>(Art. Nr. 864)<\/td><\/tr><tr><td class=\"has-text-align-center\" data-align=\"center\"><img decoding=\"async\" src=\"https:\/\/wwwdevpackde-ori0bcunuh.live-website.com\/wp-content\/uploads\/2024\/09\/2024091313254585.png\" alt=\"\" style=\"width: 91px;\"><br>Latexhandschuhe Gr\u00f6\u00dfe XL<br>(Art. Nr. 483)<\/td><td class=\"has-text-align-center\" data-align=\"center\"><img decoding=\"async\" src=\"https:\/\/wwwdevpackde-ori0bcunuh.live-website.com\/wp-content\/uploads\/2024\/09\/2024091313254585.png\" alt=\"\" style=\"width: 91px;\"><br>Latexhandschuhe Gr\u00f6\u00dfe S<br>(Art. Nr. 480)<\/td><td class=\"has-text-align-center\" data-align=\"center\"><img decoding=\"async\" src=\"https:\/\/wwwdevpackde-ori0bcunuh.live-website.com\/wp-content\/uploads\/2024\/09\/2024091313254585.png\" alt=\"\" style=\"width: 91px;\"><br>Latexhandschuhe Gr\u00f6\u00dfe M<br>(Art. Nr. 481)<\/td><td class=\"has-text-align-center\" data-align=\"center\"><img decoding=\"async\" src=\"https:\/\/wwwdevpackde-ori0bcunuh.live-website.com\/wp-content\/uploads\/2024\/09\/2024091313254585.png\" alt=\"\" style=\"width: 91px;\"><br>Latexhandschuhe Gr\u00f6\u00dfe L<br>(Art. Nr. 482)<\/td><\/tr><tr><td class=\"has-text-align-center\" data-align=\"center\"><img loading=\"lazy\" decoding=\"async\" width=\"80\" height=\"155\" class=\"wp-image-1260\" style=\"width: 80px;\" src=\"https:\/\/wwwdevpackde-ori0bcunuh.live-website.com\/wp-content\/uploads\/2024\/09\/2024091313210971.png\" alt=\"\" srcset=\"https:\/\/wwwdevpackde-ori0bcunuh.live-website.com\/wp-content\/uploads\/2024\/09\/2024091313210971.png 2075w, https:\/\/wwwdevpackde-ori0bcunuh.live-website.com\/wp-content\/uploads\/2024\/09\/2024091313210971-154x300.png 154w, https:\/\/wwwdevpackde-ori0bcunuh.live-website.com\/wp-content\/uploads\/2024\/09\/2024091313210971-527x1024.png 527w, https:\/\/wwwdevpackde-ori0bcunuh.live-website.com\/wp-content\/uploads\/2024\/09\/2024091313210971-768x1492.png 768w, https:\/\/wwwdevpackde-ori0bcunuh.live-website.com\/wp-content\/uploads\/2024\/09\/2024091313210971-791x1536.png 791w, https:\/\/wwwdevpackde-ori0bcunuh.live-website.com\/wp-content\/uploads\/2024\/09\/2024091313210971-1054x2048.png 1054w, https:\/\/wwwdevpackde-ori0bcunuh.live-website.com\/wp-content\/uploads\/2024\/09\/2024091313210971-1200x2331.png 1200w\" sizes=\"auto, (max-width: 80px) 100vw, 80px\" \/><br>Desinfektionsmittel 1l<br>(Art. Nr. 169)<\/td><td class=\"has-text-align-center\" data-align=\"center\"><br><img decoding=\"async\" src=\"https:\/\/wwwdevpackde-ori0bcunuh.live-website.com\/wp-content\/uploads\/2024\/09\/2024091313350473.png\" alt=\"\" style=\"width: 150px;\"><br><br>Padschwamm (gr\u00fcn-gelb)<br>(Art. Nr. 101)<\/td><td class=\"has-text-align-center\" data-align=\"center\"><img decoding=\"async\" src=\"https:\/\/wwwdevpackde-ori0bcunuh.live-website.com\/wp-content\/uploads\/2024\/09\/2024091313363950.png\" alt=\"\" style=\"width: 150px;\"><br>Topfreiniger<br>(Art. Nr. 411)<\/td><td class=\"has-text-align-center\" data-align=\"center\"><img decoding=\"async\" src=\"https:\/\/wwwdevpackde-ori0bcunuh.live-website.com\/wp-content\/uploads\/2024\/09\/2024091313340163.png\" alt=\"\" style=\"width: 120px;\"><br>Toilettenpapier<br>(Art. Nr. 181)<\/td><\/tr><tr><td class=\"has-text-align-center\" data-align=\"center\"><img decoding=\"async\" src=\"https:\/\/wwwdevpackde-ori0bcunuh.live-website.com\/wp-content\/uploads\/2024\/09\/2024091313312060.png\" alt=\"\" style=\"width: 150px;\"><br>K\u00fccherolle<br>(Art. Nr. 85)<\/td><td class=\"has-text-align-center\" data-align=\"center\"><img decoding=\"async\" src=\"https:\/\/wwwdevpackde-ori0bcunuh.live-website.com\/wp-content\/uploads\/2024\/09\/2024091313374825.png\" alt=\"\" style=\"width: 120px;\"><br>Jumbo Handtuchrollen<br>(Art. Nr. 350)<\/td><td class=\"has-text-align-center\" data-align=\"center\"><img loading=\"lazy\" decoding=\"async\" width=\"110\" height=\"111\" class=\"wp-image-1686\" style=\"width: 110px;\" src=\"https:\/\/wwwdevpackde-ori0bcunuh.live-website.com\/wp-content\/uploads\/2024\/11\/2024110212564572.png\" alt=\"\" srcset=\"https:\/\/wwwdevpackde-ori0bcunuh.live-website.com\/wp-content\/uploads\/2024\/11\/2024110212564572.png 2268w, https:\/\/wwwdevpackde-ori0bcunuh.live-website.com\/wp-content\/uploads\/2024\/11\/2024110212564572-297x300.png 297w, https:\/\/wwwdevpackde-ori0bcunuh.live-website.com\/wp-content\/uploads\/2024\/11\/2024110212564572-1014x1024.png 1014w, https:\/\/wwwdevpackde-ori0bcunuh.live-website.com\/wp-content\/uploads\/2024\/11\/2024110212564572-150x150.png 150w, https:\/\/wwwdevpackde-ori0bcunuh.live-website.com\/wp-content\/uploads\/2024\/11\/2024110212564572-768x775.png 768w, https:\/\/wwwdevpackde-ori0bcunuh.live-website.com\/wp-content\/uploads\/2024\/11\/2024110212564572-1521x1536.png 1521w, https:\/\/wwwdevpackde-ori0bcunuh.live-website.com\/wp-content\/uploads\/2024\/11\/2024110212564572-2028x2048.png 2028w\" sizes=\"auto, (max-width: 110px) 100vw, 110px\" \/><br>Jumbo Toilettenpapier<br>(Art. Nr. 180)<\/td><td class=\"has-text-align-center\" data-align=\"center\"><img loading=\"lazy\" decoding=\"async\" width=\"150\" height=\"113\" class=\"wp-image-1687\" style=\"width: 150px;\" src=\"https:\/\/wwwdevpackde-ori0bcunuh.live-website.com\/wp-content\/uploads\/2024\/11\/2024110212535598.png\" alt=\"\" srcset=\"https:\/\/wwwdevpackde-ori0bcunuh.live-website.com\/wp-content\/uploads\/2024\/11\/2024110212535598.png 2267w, https:\/\/wwwdevpackde-ori0bcunuh.live-website.com\/wp-content\/uploads\/2024\/11\/2024110212535598-300x226.png 300w, https:\/\/wwwdevpackde-ori0bcunuh.live-website.com\/wp-content\/uploads\/2024\/11\/2024110212535598-1024x772.png 1024w, https:\/\/wwwdevpackde-ori0bcunuh.live-website.com\/wp-content\/uploads\/2024\/11\/2024110212535598-768x579.png 768w, https:\/\/wwwdevpackde-ori0bcunuh.live-website.com\/wp-content\/uploads\/2024\/11\/2024110212535598-1536x1157.png 1536w, https:\/\/wwwdevpackde-ori0bcunuh.live-website.com\/wp-content\/uploads\/2024\/11\/2024110212535598-2048x1543.png 2048w\" sizes=\"auto, (max-width: 150px) 100vw, 150px\" \/><br>Papierhandt\u00fccher <br>(Art. Nr. 108)<\/td><\/tr><tr><td class=\"has-text-align-center\" data-align=\"center\"><img decoding=\"async\" src=\"https:\/\/wwwdevpackde-ori0bcunuh.live-website.com\/wp-content\/uploads\/2024\/09\/2024091313302474.png\" alt=\"\" style=\"width: 150px;\"><br>Wischmop<br>(Art. Nr. 3104)<\/td><td class=\"has-text-align-center\" data-align=\"center\"><img decoding=\"async\" src=\"https:\/\/wwwdevpackde-ori0bcunuh.live-website.com\/wp-content\/uploads\/2024\/09\/2024091313401734.png\" alt=\"\" style=\"width: 180px;\"><br>Wischerstiel (verschiedene Farben)<br>(Art. Nr. 3100)<\/td><td class=\"has-text-align-center\" data-align=\"center\"><img decoding=\"async\" src=\"https:\/\/wwwdevpackde-ori0bcunuh.live-website.com\/wp-content\/uploads\/2024\/09\/2024091313292520.png\" alt=\"\" style=\"width: 150px;\"><br>Wischeraufsatz (verschiedene Farben)<br>(Art. Nr. 3103)<\/td><td class=\"has-text-align-center\" data-align=\"center\"><\/td><\/tr><\/tbody><\/table><\/figure>\n","protected":false},"excerpt":{"rendered":"<p>Sedac Geschirrreiniger 10l(Art. Nr. 201) Sedac Fettl\u00f6ser 10l(Art. Nr. 68) Sedac Fettl\u00f6ser 1l(Art. Nr. 449) Sedac Handsp\u00fclmittel (Green Lemon) 10l(Art. Nr. 66) Sedac Handsp\u00fclmittel (Green Lemon) 1l(Art. Nr. 397) Sedac Cremeseife 10l(Art. Nr. 164) Sedac Cremeseife 0,5l(Art. Nr. 315) Sedac Allzweckreiniger 10l(Art. Nr. 316) Sedac Glasreiniger 10l (Art. Nr. 399) ACE Chlorreiniger 2l(Art. Nr. 864) [&hellip;]<\/p>\n","protected":false},"author":1,"featured_media":0,"parent":0,"menu_order":0,"comment_status":"closed","ping_status":"closed","template":"","meta":{"footnotes":""},"class_list":["post-112","page","type-page","status-publish","hentry"],"_links":{"self":[{"href":"https:\/\/wwwdevpackde-ori0bcunuh.live-website.com\/index.php?rest_route=\/wp\/v2\/pages\/112","targetHints":{"allow":["GET"]}}],"collection":[{"href":"https:\/\/wwwdevpackde-ori0bcunuh.live-website.com\/index.php?rest_route=\/wp\/v2\/pages"}],"about":[{"href":"https:\/\/wwwdevpackde-ori0bcunuh.live-website.com\/index.php?rest_route=\/wp\/v2\/types\/page"}],"author":[{"embeddable":true,"href":"https:\/\/wwwdevpackde-ori0bcunuh.live-website.com\/index.php?rest_route=\/wp\/v2\/users\/1"}],"replies":[{"embeddable":true,"href":"https:\/\/wwwdevpackde-ori0bcunuh.live-website.com\/index.php?rest_route=%2Fwp%2Fv2%2Fcomments&post=112"}],"version-history":[{"count":15,"href":"https:\/\/wwwdevpackde-ori0bcunuh.live-website.com\/index.php?rest_route=\/wp\/v2\/pages\/112\/revisions"}],"predecessor-version":[{"id":1690,"href":"https:\/\/wwwdevpackde-ori0bcunuh.live-website.com\/index.php?rest_route=\/wp\/v2\/pages\/112\/revisions\/1690"}],"wp:attachment":[{"href":"https:\/\/wwwdevpackde-ori0bcunuh.live-website.com\/index.php?rest_route=%2Fwp%2Fv2%2Fmedia&parent=112"}],"curies":[{"name":"wp","href":"https:\/\/api.w.org\/{rel}","templated":true}]}}