{"id":109,"date":"2024-08-02T08:32:29","date_gmt":"2024-08-02T08:32:29","guid":{"rendered":"https:\/\/wwwdevpackde-ori0bcunuh.live-website.com\/?page_id=109"},"modified":"2024-09-26T09:52:44","modified_gmt":"2024-09-26T09:52:44","slug":"servietten","status":"publish","type":"page","link":"https:\/\/wwwdevpackde-ori0bcunuh.live-website.com\/?page_id=109","title":{"rendered":"Servietten"},"content":{"rendered":"\n<p>Farben entsprechend der Nachfrage wechselnd<\/p>\n\n\n\n<figure class=\"wp-block-table is-style-stripes\"><table class=\"has-fixed-layout\"><tbody><tr><td class=\"has-text-align-center\" data-align=\"center\"><img loading=\"lazy\" decoding=\"async\" width=\"118\" height=\"111\" class=\"wp-image-1225\" style=\"width: 118px;\" src=\"https:\/\/wwwdevpackde-ori0bcunuh.live-website.com\/wp-content\/uploads\/2024\/09\/2024091117162757.png\" alt=\"\" srcset=\"https:\/\/wwwdevpackde-ori0bcunuh.live-website.com\/wp-content\/uploads\/2024\/09\/2024091117162757.png 2268w, https:\/\/wwwdevpackde-ori0bcunuh.live-website.com\/wp-content\/uploads\/2024\/09\/2024091117162757-300x281.png 300w, https:\/\/wwwdevpackde-ori0bcunuh.live-website.com\/wp-content\/uploads\/2024\/09\/2024091117162757-1024x959.png 1024w, https:\/\/wwwdevpackde-ori0bcunuh.live-website.com\/wp-content\/uploads\/2024\/09\/2024091117162757-768x720.png 768w, https:\/\/wwwdevpackde-ori0bcunuh.live-website.com\/wp-content\/uploads\/2024\/09\/2024091117162757-1536x1439.png 1536w, https:\/\/wwwdevpackde-ori0bcunuh.live-website.com\/wp-content\/uploads\/2024\/09\/2024091117162757-2048x1919.png 2048w, https:\/\/wwwdevpackde-ori0bcunuh.live-website.com\/wp-content\/uploads\/2024\/09\/2024091117162757-1200x1124.png 1200w\" sizes=\"auto, (max-width: 118px) 100vw, 118px\" \/><br>Simge Servietten wei\u00df <br>(Art. Nr. 519)<\/td><td class=\"has-text-align-center\" data-align=\"center\"><img loading=\"lazy\" decoding=\"async\" width=\"150\" height=\"118\" class=\"wp-image-1226\" style=\"width: 150px;\" src=\"https:\/\/wwwdevpackde-ori0bcunuh.live-website.com\/wp-content\/uploads\/2024\/09\/2024091117175271.png\" alt=\"\" srcset=\"https:\/\/wwwdevpackde-ori0bcunuh.live-website.com\/wp-content\/uploads\/2024\/09\/2024091117175271.png 2267w, https:\/\/wwwdevpackde-ori0bcunuh.live-website.com\/wp-content\/uploads\/2024\/09\/2024091117175271-300x235.png 300w, https:\/\/wwwdevpackde-ori0bcunuh.live-website.com\/wp-content\/uploads\/2024\/09\/2024091117175271-1024x804.png 1024w, https:\/\/wwwdevpackde-ori0bcunuh.live-website.com\/wp-content\/uploads\/2024\/09\/2024091117175271-768x603.png 768w, https:\/\/wwwdevpackde-ori0bcunuh.live-website.com\/wp-content\/uploads\/2024\/09\/2024091117175271-1536x1205.png 1536w, https:\/\/wwwdevpackde-ori0bcunuh.live-website.com\/wp-content\/uploads\/2024\/09\/2024091117175271-2048x1607.png 2048w, https:\/\/wwwdevpackde-ori0bcunuh.live-website.com\/wp-content\/uploads\/2024\/09\/2024091117175271-1200x942.png 1200w\" sizes=\"auto, (max-width: 150px) 100vw, 150px\" \/><br>Tork Servietten 33 x 33cm wei\u00df<br>(Art. Nr. 166)<\/td><td class=\"has-text-align-center\" data-align=\"center\"><img loading=\"lazy\" decoding=\"async\" width=\"118\" height=\"112\" class=\"wp-image-1227\" style=\"width: 118px;\" src=\"https:\/\/wwwdevpackde-ori0bcunuh.live-website.com\/wp-content\/uploads\/2024\/09\/2024091117185273.png\" alt=\"\" srcset=\"https:\/\/wwwdevpackde-ori0bcunuh.live-website.com\/wp-content\/uploads\/2024\/09\/2024091117185273.png 2268w, https:\/\/wwwdevpackde-ori0bcunuh.live-website.com\/wp-content\/uploads\/2024\/09\/2024091117185273-300x286.png 300w, https:\/\/wwwdevpackde-ori0bcunuh.live-website.com\/wp-content\/uploads\/2024\/09\/2024091117185273-1024x976.png 1024w, https:\/\/wwwdevpackde-ori0bcunuh.live-website.com\/wp-content\/uploads\/2024\/09\/2024091117185273-768x732.png 768w, https:\/\/wwwdevpackde-ori0bcunuh.live-website.com\/wp-content\/uploads\/2024\/09\/2024091117185273-1536x1464.png 1536w, https:\/\/wwwdevpackde-ori0bcunuh.live-website.com\/wp-content\/uploads\/2024\/09\/2024091117185273-2048x1951.png 2048w, https:\/\/wwwdevpackde-ori0bcunuh.live-website.com\/wp-content\/uploads\/2024\/09\/2024091117185273-1200x1143.png 1200w\" sizes=\"auto, (max-width: 118px) 100vw, 118px\" \/><br>Luxus Servietten wei\u00df<br>(Art. Nr. 214)<\/td><td class=\"has-text-align-center\" data-align=\"center\"><img loading=\"lazy\" decoding=\"async\" width=\"115\" height=\"114\" class=\"wp-image-1229\" style=\"width: 115px;\" src=\"https:\/\/wwwdevpackde-ori0bcunuh.live-website.com\/wp-content\/uploads\/2024\/09\/2024091117195018.png\" alt=\"\" srcset=\"https:\/\/wwwdevpackde-ori0bcunuh.live-website.com\/wp-content\/uploads\/2024\/09\/2024091117195018.png 2267w, https:\/\/wwwdevpackde-ori0bcunuh.live-website.com\/wp-content\/uploads\/2024\/09\/2024091117195018-300x298.png 300w, https:\/\/wwwdevpackde-ori0bcunuh.live-website.com\/wp-content\/uploads\/2024\/09\/2024091117195018-1024x1016.png 1024w, https:\/\/wwwdevpackde-ori0bcunuh.live-website.com\/wp-content\/uploads\/2024\/09\/2024091117195018-150x150.png 150w, https:\/\/wwwdevpackde-ori0bcunuh.live-website.com\/wp-content\/uploads\/2024\/09\/2024091117195018-768x762.png 768w, https:\/\/wwwdevpackde-ori0bcunuh.live-website.com\/wp-content\/uploads\/2024\/09\/2024091117195018-1536x1524.png 1536w, https:\/\/wwwdevpackde-ori0bcunuh.live-website.com\/wp-content\/uploads\/2024\/09\/2024091117195018-2048x2032.png 2048w, https:\/\/wwwdevpackde-ori0bcunuh.live-website.com\/wp-content\/uploads\/2024\/09\/2024091117195018-1200x1190.png 1200w\" sizes=\"auto, (max-width: 115px) 100vw, 115px\" \/><br>Servietten (italienisch)<br>(Art. Nr. 212)<\/td><\/tr><tr><td class=\"has-text-align-center\" data-align=\"center\"><img loading=\"lazy\" decoding=\"async\" width=\"115\" height=\"111\" class=\"wp-image-1228\" style=\"width: 115px;\" src=\"https:\/\/wwwdevpackde-ori0bcunuh.live-website.com\/wp-content\/uploads\/2024\/09\/2024091117193990.png\" alt=\"\" srcset=\"https:\/\/wwwdevpackde-ori0bcunuh.live-website.com\/wp-content\/uploads\/2024\/09\/2024091117193990.png 2268w, https:\/\/wwwdevpackde-ori0bcunuh.live-website.com\/wp-content\/uploads\/2024\/09\/2024091117193990-300x290.png 300w, https:\/\/wwwdevpackde-ori0bcunuh.live-website.com\/wp-content\/uploads\/2024\/09\/2024091117193990-1024x990.png 1024w, https:\/\/wwwdevpackde-ori0bcunuh.live-website.com\/wp-content\/uploads\/2024\/09\/2024091117193990-768x742.png 768w, https:\/\/wwwdevpackde-ori0bcunuh.live-website.com\/wp-content\/uploads\/2024\/09\/2024091117193990-1536x1485.png 1536w, https:\/\/wwwdevpackde-ori0bcunuh.live-website.com\/wp-content\/uploads\/2024\/09\/2024091117193990-2048x1979.png 2048w, https:\/\/wwwdevpackde-ori0bcunuh.live-website.com\/wp-content\/uploads\/2024\/09\/2024091117193990-1200x1160.png 1200w\" sizes=\"auto, (max-width: 115px) 100vw, 115px\" \/><br>Servietten (griechisch)<br>(Art. Nr. 343)<\/td><td class=\"has-text-align-center\" data-align=\"center\"><img loading=\"lazy\" decoding=\"async\" width=\"150\" height=\"90\" class=\"wp-image-1230\" style=\"width: 150px;\" src=\"https:\/\/wwwdevpackde-ori0bcunuh.live-website.com\/wp-content\/uploads\/2024\/09\/2024091117212197.png\" alt=\"\" srcset=\"https:\/\/wwwdevpackde-ori0bcunuh.live-website.com\/wp-content\/uploads\/2024\/09\/2024091117212197.png 2268w, https:\/\/wwwdevpackde-ori0bcunuh.live-website.com\/wp-content\/uploads\/2024\/09\/2024091117212197-300x181.png 300w, https:\/\/wwwdevpackde-ori0bcunuh.live-website.com\/wp-content\/uploads\/2024\/09\/2024091117212197-1024x617.png 1024w, https:\/\/wwwdevpackde-ori0bcunuh.live-website.com\/wp-content\/uploads\/2024\/09\/2024091117212197-768x463.png 768w, https:\/\/wwwdevpackde-ori0bcunuh.live-website.com\/wp-content\/uploads\/2024\/09\/2024091117212197-1536x926.png 1536w, https:\/\/wwwdevpackde-ori0bcunuh.live-website.com\/wp-content\/uploads\/2024\/09\/2024091117212197-2048x1234.png 2048w, https:\/\/wwwdevpackde-ori0bcunuh.live-website.com\/wp-content\/uploads\/2024\/09\/2024091117212197-1200x723.png 1200w\" sizes=\"auto, (max-width: 150px) 100vw, 150px\" \/><br>Fasana hellgr\u00fcn <br>33 x 33cm<br>(Art. Nr. 610)<\/td><td class=\"has-text-align-center\" data-align=\"center\"><img loading=\"lazy\" decoding=\"async\" width=\"150\" height=\"96\" class=\"wp-image-1232\" style=\"width: 150px;\" src=\"https:\/\/wwwdevpackde-ori0bcunuh.live-website.com\/wp-content\/uploads\/2024\/09\/2024091117214305.png\" alt=\"\" srcset=\"https:\/\/wwwdevpackde-ori0bcunuh.live-website.com\/wp-content\/uploads\/2024\/09\/2024091117214305.png 2267w, https:\/\/wwwdevpackde-ori0bcunuh.live-website.com\/wp-content\/uploads\/2024\/09\/2024091117214305-300x192.png 300w, https:\/\/wwwdevpackde-ori0bcunuh.live-website.com\/wp-content\/uploads\/2024\/09\/2024091117214305-1024x655.png 1024w, https:\/\/wwwdevpackde-ori0bcunuh.live-website.com\/wp-content\/uploads\/2024\/09\/2024091117214305-768x491.png 768w, https:\/\/wwwdevpackde-ori0bcunuh.live-website.com\/wp-content\/uploads\/2024\/09\/2024091117214305-1536x982.png 1536w, https:\/\/wwwdevpackde-ori0bcunuh.live-website.com\/wp-content\/uploads\/2024\/09\/2024091117214305-2048x1309.png 2048w, https:\/\/wwwdevpackde-ori0bcunuh.live-website.com\/wp-content\/uploads\/2024\/09\/2024091117214305-1200x767.png 1200w\" sizes=\"auto, (max-width: 150px) 100vw, 150px\" \/><br>Fasana hellrot<br>33 x 33cm<br>(Art. Nr. &#8212;)<\/td><td class=\"has-text-align-center\" data-align=\"center\"><img loading=\"lazy\" decoding=\"async\" width=\"150\" height=\"92\" class=\"wp-image-1231\" style=\"width: 150px;\" src=\"https:\/\/wwwdevpackde-ori0bcunuh.live-website.com\/wp-content\/uploads\/2024\/09\/2024091117213241.png\" alt=\"\" srcset=\"https:\/\/wwwdevpackde-ori0bcunuh.live-website.com\/wp-content\/uploads\/2024\/09\/2024091117213241.png 2267w, https:\/\/wwwdevpackde-ori0bcunuh.live-website.com\/wp-content\/uploads\/2024\/09\/2024091117213241-300x183.png 300w, https:\/\/wwwdevpackde-ori0bcunuh.live-website.com\/wp-content\/uploads\/2024\/09\/2024091117213241-1024x626.png 1024w, https:\/\/wwwdevpackde-ori0bcunuh.live-website.com\/wp-content\/uploads\/2024\/09\/2024091117213241-768x470.png 768w, https:\/\/wwwdevpackde-ori0bcunuh.live-website.com\/wp-content\/uploads\/2024\/09\/2024091117213241-1536x939.png 1536w, https:\/\/wwwdevpackde-ori0bcunuh.live-website.com\/wp-content\/uploads\/2024\/09\/2024091117213241-2048x1252.png 2048w, https:\/\/wwwdevpackde-ori0bcunuh.live-website.com\/wp-content\/uploads\/2024\/09\/2024091117213241-1200x734.png 1200w\" sizes=\"auto, (max-width: 150px) 100vw, 150px\" \/><br>Fasana dunkelrot <br>33 x 33cm<br>(Art. Nr. 261)<\/td><\/tr><tr><td class=\"has-text-align-center\" data-align=\"center\"><img loading=\"lazy\" decoding=\"async\" width=\"150\" height=\"102\" class=\"wp-image-1233\" style=\"width: 150px;\" src=\"https:\/\/wwwdevpackde-ori0bcunuh.live-website.com\/wp-content\/uploads\/2024\/09\/2024091117221786.png\" alt=\"\" srcset=\"https:\/\/wwwdevpackde-ori0bcunuh.live-website.com\/wp-content\/uploads\/2024\/09\/2024091117221786.png 2267w, https:\/\/wwwdevpackde-ori0bcunuh.live-website.com\/wp-content\/uploads\/2024\/09\/2024091117221786-300x204.png 300w, https:\/\/wwwdevpackde-ori0bcunuh.live-website.com\/wp-content\/uploads\/2024\/09\/2024091117221786-1024x697.png 1024w, https:\/\/wwwdevpackde-ori0bcunuh.live-website.com\/wp-content\/uploads\/2024\/09\/2024091117221786-768x523.png 768w, https:\/\/wwwdevpackde-ori0bcunuh.live-website.com\/wp-content\/uploads\/2024\/09\/2024091117221786-1536x1045.png 1536w, https:\/\/wwwdevpackde-ori0bcunuh.live-website.com\/wp-content\/uploads\/2024\/09\/2024091117221786-2048x1394.png 2048w, https:\/\/wwwdevpackde-ori0bcunuh.live-website.com\/wp-content\/uploads\/2024\/09\/2024091117221786-1200x817.png 1200w\" sizes=\"auto, (max-width: 150px) 100vw, 150px\" \/><br>Fasana buttercream <br>33 x 33cm<br>(Art. Nr. 603)<\/td><td class=\"has-text-align-center\" data-align=\"center\"><img loading=\"lazy\" decoding=\"async\" width=\"150\" height=\"96\" class=\"wp-image-1232\" style=\"width: 150px;\" src=\"https:\/\/wwwdevpackde-ori0bcunuh.live-website.com\/wp-content\/uploads\/2024\/09\/2024091117214305.png\" alt=\"\" srcset=\"https:\/\/wwwdevpackde-ori0bcunuh.live-website.com\/wp-content\/uploads\/2024\/09\/2024091117214305.png 2267w, https:\/\/wwwdevpackde-ori0bcunuh.live-website.com\/wp-content\/uploads\/2024\/09\/2024091117214305-300x192.png 300w, https:\/\/wwwdevpackde-ori0bcunuh.live-website.com\/wp-content\/uploads\/2024\/09\/2024091117214305-1024x655.png 1024w, https:\/\/wwwdevpackde-ori0bcunuh.live-website.com\/wp-content\/uploads\/2024\/09\/2024091117214305-768x491.png 768w, https:\/\/wwwdevpackde-ori0bcunuh.live-website.com\/wp-content\/uploads\/2024\/09\/2024091117214305-1536x982.png 1536w, https:\/\/wwwdevpackde-ori0bcunuh.live-website.com\/wp-content\/uploads\/2024\/09\/2024091117214305-2048x1309.png 2048w, https:\/\/wwwdevpackde-ori0bcunuh.live-website.com\/wp-content\/uploads\/2024\/09\/2024091117214305-1200x767.png 1200w\" sizes=\"auto, (max-width: 150px) 100vw, 150px\" \/><br>Fasana hellrot <br>40 x 40cm<br>(Art. Nr. 606)<\/td><td class=\"has-text-align-center\" data-align=\"center\"><img loading=\"lazy\" decoding=\"async\" width=\"150\" height=\"92\" class=\"wp-image-1231\" style=\"width: 150px;\" src=\"https:\/\/wwwdevpackde-ori0bcunuh.live-website.com\/wp-content\/uploads\/2024\/09\/2024091117213241.png\" alt=\"\" srcset=\"https:\/\/wwwdevpackde-ori0bcunuh.live-website.com\/wp-content\/uploads\/2024\/09\/2024091117213241.png 2267w, https:\/\/wwwdevpackde-ori0bcunuh.live-website.com\/wp-content\/uploads\/2024\/09\/2024091117213241-300x183.png 300w, https:\/\/wwwdevpackde-ori0bcunuh.live-website.com\/wp-content\/uploads\/2024\/09\/2024091117213241-1024x626.png 1024w, https:\/\/wwwdevpackde-ori0bcunuh.live-website.com\/wp-content\/uploads\/2024\/09\/2024091117213241-768x470.png 768w, https:\/\/wwwdevpackde-ori0bcunuh.live-website.com\/wp-content\/uploads\/2024\/09\/2024091117213241-1536x939.png 1536w, https:\/\/wwwdevpackde-ori0bcunuh.live-website.com\/wp-content\/uploads\/2024\/09\/2024091117213241-2048x1252.png 2048w, https:\/\/wwwdevpackde-ori0bcunuh.live-website.com\/wp-content\/uploads\/2024\/09\/2024091117213241-1200x734.png 1200w\" sizes=\"auto, (max-width: 150px) 100vw, 150px\" \/><br>Fasana dunkelrot <br>40 x 40cm<br>(Art. Nr. 167)<\/td><td class=\"has-text-align-center\" data-align=\"center\"><img loading=\"lazy\" decoding=\"async\" width=\"150\" height=\"102\" class=\"wp-image-1233\" style=\"width: 150px;\" src=\"https:\/\/wwwdevpackde-ori0bcunuh.live-website.com\/wp-content\/uploads\/2024\/09\/2024091117221786.png\" alt=\"\" srcset=\"https:\/\/wwwdevpackde-ori0bcunuh.live-website.com\/wp-content\/uploads\/2024\/09\/2024091117221786.png 2267w, https:\/\/wwwdevpackde-ori0bcunuh.live-website.com\/wp-content\/uploads\/2024\/09\/2024091117221786-300x204.png 300w, https:\/\/wwwdevpackde-ori0bcunuh.live-website.com\/wp-content\/uploads\/2024\/09\/2024091117221786-1024x697.png 1024w, https:\/\/wwwdevpackde-ori0bcunuh.live-website.com\/wp-content\/uploads\/2024\/09\/2024091117221786-768x523.png 768w, https:\/\/wwwdevpackde-ori0bcunuh.live-website.com\/wp-content\/uploads\/2024\/09\/2024091117221786-1536x1045.png 1536w, https:\/\/wwwdevpackde-ori0bcunuh.live-website.com\/wp-content\/uploads\/2024\/09\/2024091117221786-2048x1394.png 2048w, https:\/\/wwwdevpackde-ori0bcunuh.live-website.com\/wp-content\/uploads\/2024\/09\/2024091117221786-1200x817.png 1200w\" sizes=\"auto, (max-width: 150px) 100vw, 150px\" \/><br>Fasana buttercream <br>40 x 40cm<br>(Art. Nr. 604)<\/td><\/tr><tr><td class=\"has-text-align-center\" data-align=\"center\"><img loading=\"lazy\" decoding=\"async\" width=\"150\" height=\"101\" class=\"wp-image-1234\" style=\"width: 150px;\" src=\"https:\/\/wwwdevpackde-ori0bcunuh.live-website.com\/wp-content\/uploads\/2024\/09\/2024091117224125.png\" alt=\"\" srcset=\"https:\/\/wwwdevpackde-ori0bcunuh.live-website.com\/wp-content\/uploads\/2024\/09\/2024091117224125.png 2268w, https:\/\/wwwdevpackde-ori0bcunuh.live-website.com\/wp-content\/uploads\/2024\/09\/2024091117224125-300x201.png 300w, https:\/\/wwwdevpackde-ori0bcunuh.live-website.com\/wp-content\/uploads\/2024\/09\/2024091117224125-1024x687.png 1024w, https:\/\/wwwdevpackde-ori0bcunuh.live-website.com\/wp-content\/uploads\/2024\/09\/2024091117224125-768x515.png 768w, https:\/\/wwwdevpackde-ori0bcunuh.live-website.com\/wp-content\/uploads\/2024\/09\/2024091117224125-1536x1031.png 1536w, https:\/\/wwwdevpackde-ori0bcunuh.live-website.com\/wp-content\/uploads\/2024\/09\/2024091117224125-2048x1374.png 2048w, https:\/\/wwwdevpackde-ori0bcunuh.live-website.com\/wp-content\/uploads\/2024\/09\/2024091117224125-1200x805.png 1200w\" sizes=\"auto, (max-width: 150px) 100vw, 150px\" \/><br>Fasana dunkelgr\u00fcn <br>40 x 40cm<br>(Art. Nr. 608)<\/td><td class=\"has-text-align-center\" data-align=\"center\"><\/td><td class=\"has-text-align-center\" data-align=\"center\"><\/td><td class=\"has-text-align-center\" data-align=\"center\"><\/td><\/tr><\/tbody><\/table><\/figure>\n","protected":false},"excerpt":{"rendered":"<p>Farben entsprechend der Nachfrage wechselnd Simge Servietten wei\u00df (Art. Nr. 519) Tork Servietten 33 x 33cm wei\u00df(Art. Nr. 166) Luxus Servietten wei\u00df(Art. Nr. 214) Servietten (italienisch)(Art. Nr. 212) Servietten (griechisch)(Art. Nr. 343) Fasana hellgr\u00fcn 33 x 33cm(Art. Nr. 610) Fasana hellrot33 x 33cm(Art. Nr. &#8212;) Fasana dunkelrot 33 x 33cm(Art. Nr. 261) Fasana buttercream 33 [&hellip;]<\/p>\n","protected":false},"author":1,"featured_media":0,"parent":0,"menu_order":0,"comment_status":"closed","ping_status":"closed","template":"","meta":{"footnotes":""},"class_list":["post-109","page","type-page","status-publish","hentry"],"_links":{"self":[{"href":"https:\/\/wwwdevpackde-ori0bcunuh.live-website.com\/index.php?rest_route=\/wp\/v2\/pages\/109","targetHints":{"allow":["GET"]}}],"collection":[{"href":"https:\/\/wwwdevpackde-ori0bcunuh.live-website.com\/index.php?rest_route=\/wp\/v2\/pages"}],"about":[{"href":"https:\/\/wwwdevpackde-ori0bcunuh.live-website.com\/index.php?rest_route=\/wp\/v2\/types\/page"}],"author":[{"embeddable":true,"href":"https:\/\/wwwdevpackde-ori0bcunuh.live-website.com\/index.php?rest_route=\/wp\/v2\/users\/1"}],"replies":[{"embeddable":true,"href":"https:\/\/wwwdevpackde-ori0bcunuh.live-website.com\/index.php?rest_route=%2Fwp%2Fv2%2Fcomments&post=109"}],"version-history":[{"count":9,"href":"https:\/\/wwwdevpackde-ori0bcunuh.live-website.com\/index.php?rest_route=\/wp\/v2\/pages\/109\/revisions"}],"predecessor-version":[{"id":1438,"href":"https:\/\/wwwdevpackde-ori0bcunuh.live-website.com\/index.php?rest_route=\/wp\/v2\/pages\/109\/revisions\/1438"}],"wp:attachment":[{"href":"https:\/\/wwwdevpackde-ori0bcunuh.live-website.com\/index.php?rest_route=%2Fwp%2Fv2%2Fmedia&parent=109"}],"curies":[{"name":"wp","href":"https:\/\/api.w.org\/{rel}","templated":true}]}}